{"id":1116,"date":"2023-01-23T19:34:08","date_gmt":"2023-01-23T19:34:08","guid":{"rendered":"https:\/\/www.hospitalnavalmagallanes.cl\/?page_id=1116"},"modified":"2023-02-07T20:22:44","modified_gmt":"2023-02-07T20:22:44","slug":"kinesiologia","status":"publish","type":"page","link":"https:\/\/www.hospitalnavalmagallanes.cl\/?page_id=1116","title":{"rendered":"Kinesiolog\u00eda"},"content":{"rendered":"\n<br>\n\n\n\n<div id=\"wp-block-themeisle-blocks-advanced-columns-494968a3\" class=\"wp-block-themeisle-blocks-advanced-columns has-1-columns has-desktop-equal-layout has-tablet-equal-layout has-mobile-equal-layout has-vertical-unset\"><div class=\"wp-block-themeisle-blocks-advanced-columns-overlay\"><\/div><div class=\"innerblocks-wrap\">\n<div id=\"wp-block-themeisle-blocks-advanced-column-b6723fa9\" class=\"wp-block-themeisle-blocks-advanced-column\">\n<div class=\"wp-block-cover is-style-tw-border-inner tw-stretched-link tw-hover-opacity\" style=\"min-height:314px;aspect-ratio:unset;\"><span aria-hidden=\"true\" class=\"wp-block-cover__background has-ast-global-color-0-background-color has-background-dim-40 has-background-dim\"><\/span><img decoding=\"async\" width=\"672\" height=\"504\" sizes=\"(max-width: 799px) 200vw, (max-width: 672px) 100vw, 672px\" class=\"wp-block-cover__image-background wp-image-1117\" alt=\"\" src=\"https:\/\/www.hospitalnavalmagallanes.cl\/wp-content\/uploads\/2023\/01\/kinesiologia.jpg\" style=\"object-position:51% 55%\" data-object-fit=\"cover\" data-object-position=\"51% 55%\" srcset=\"https:\/\/www.hospitalnavalmagallanes.cl\/wp-content\/uploads\/2023\/01\/kinesiologia.jpg 672w, https:\/\/www.hospitalnavalmagallanes.cl\/wp-content\/uploads\/2023\/01\/kinesiologia-300x225.jpg 300w\" \/><div class=\"wp-block-cover__inner-container is-layout-flow wp-block-cover-is-layout-flow\">\n<p class=\"has-text-align-center has-ast-global-color-5-color has-text-color has-large-font-size\">KINESIOLOG\u00cdA<\/p>\n<\/div><\/div>\n\n\n\n<br>\nServicio dedicado a la rehabilitaci\u00f3n f\u00edsica de nuestros beneficiarios; cuenta con box de atenci\u00f3n, sala de hidroterapia y gimnasio. Una planta profesional compuesta por 4 kinesi\u00f3logos, un Sargento SN y un secretario.\n<\/div>\n<\/div><\/div>\n\n\n\n<div class=\"wp-block-columns is-layout-flex wp-container-core-columns-is-layout-6c3a7f47 wp-block-columns-is-layout-flex\" style=\"padding-top:0px;padding-right:0px;padding-bottom:0px;padding-left:0px\">\n<div class=\"wp-block-column is-layout-flow wp-block-column-is-layout-flow\" style=\"--col-width:66.66%;flex-basis:66.66%\">\n<div class=\"wp-block-essential-blocks-advanced-heading\"><div class=\"eb-parent-wrapper eb-parent-eb-advance-heading-juhyy1j \"><div class=\"eb-advance-heading-wrapper eb-advance-heading-juhyy1j button-1\" data-id=\"eb-advance-heading-juhyy1j\"><h2 class=\"eb-ah-title\">Procedimientos<\/h2><div class=\"eb-ah-separator line\"><\/div><\/div><\/div><\/div>\n\n\n\nEn el servicio se trabaja tanto en atenci\u00f3n abierta como cerrada.<br>\n<ul style=\"margin: 20px; margin-top: 5px\">\n<li>En atenci\u00f3n abierta se atienden pacientes con diferentes patolog\u00edas: Traumatol\u00f3gicas, Neurol\u00f3gicas, Respiratorias y Cardiovasculares.<\/li>\n<li>En atenci\u00f3n cerrada la atenci\u00f3n se realiza  en todos los servicios: m\u00e9dico quir\u00fargicos, UCI, pediatr\u00eda y eventualmente en maternidad.<\/li>\n<\/ul>\nPara todos los tratamientos contamos con equipamientos de fisioterapia incluidos Ondas de Choque y tambi\u00e9n equipamiento  de  gimnasio.\n\n\n\n<div class=\"wp-block-essential-blocks-advanced-heading\"><div class=\"eb-parent-wrapper eb-parent-eb-advance-heading-2zonh4h \"><div class=\"eb-advance-heading-wrapper eb-advance-heading-2zonh4h button-1\" data-id=\"eb-advance-heading-2zonh4h\"><h2 class=\"eb-ah-title\">Beneficiarios<\/h2><div class=\"eb-ah-separator line\"><\/div><\/div><\/div><\/div>\n\n\n\nNuestros  beneficiarios  son: el personal activo y pasivo de las distintas ramas de la defensa (Armada, Ej\u00e9rcito y Fuerza A\u00e9rea), policial (Carabineros  y PDI) y Gendarmer\u00eda de Chile, todos con sus respectivas cargas familiares.\n<\/div>\n\n\n\n<div class=\"wp-block-column is-layout-flow wp-block-column-is-layout-flow\" style=\"--col-width:33.33%;flex-basis:33.33%\">\n<div class=\"wp-block-essential-blocks-advanced-heading\"><div class=\"eb-parent-wrapper eb-parent-eb-advance-heading-tilwa9l \"><div class=\"eb-advance-heading-wrapper eb-advance-heading-tilwa9l button-1\" data-id=\"eb-advance-heading-tilwa9l\"><h2 class=\"eb-ah-title\">Horarios<\/h2><div class=\"eb-ah-separator line\"><\/div><\/div><\/div><\/div>\n\n\n\nNuestro horario en policl\u00ednico y hospitalizados es de 8:00 a 12:30 Hrs. y de 14:00 a las 17:00 Hrs. de lunes a viernes.<br><br>\nLa atenci\u00f3n en pacientes hospitalizados durante fines de semana y festivos se realiza por el Kinesi\u00f3logo de turno en los servicios de UCI\/Pediatr\u00eda seg\u00fan indicaci\u00f3n m\u00e9dica.\n\n\n\n<figure class=\"wp-block-image size-full has-custom-border is-style-tw-frame\"><img decoding=\"async\" width=\"672\" height=\"504\" src=\"https:\/\/www.hospitalnavalmagallanes.cl\/wp-content\/uploads\/2023\/01\/kinesiologia.jpg\" alt=\"\" class=\"wp-image-1117\" style=\"border-radius:10px\" srcset=\"https:\/\/www.hospitalnavalmagallanes.cl\/wp-content\/uploads\/2023\/01\/kinesiologia.jpg 672w, https:\/\/www.hospitalnavalmagallanes.cl\/wp-content\/uploads\/2023\/01\/kinesiologia-300x225.jpg 300w\" sizes=\"(max-width: 672px) 100vw, 672px\" \/><\/figure>\n<\/div>\n<\/div>\n","protected":false},"excerpt":{"rendered":"<p>En el servicio se trabaja tanto en atenci\u00f3n abierta como cerrada. En atenci\u00f3n abierta se atienden pacientes con diferentes patolog\u00edas: Traumatol\u00f3gicas, Neurol\u00f3gicas, Respiratorias y Cardiovasculares. En atenci\u00f3n cerrada la atenci\u00f3n se realiza en todos los servicios: m\u00e9dico quir\u00fargicos, UCI, pediatr\u00eda y eventualmente en maternidad. Para todos los tratamientos contamos con equipamientos de fisioterapia incluidos Ondas [&hellip;]<\/p>\n","protected":false},"author":1,"featured_media":0,"parent":0,"menu_order":0,"comment_status":"closed","ping_status":"closed","template":"","meta":{"_eb_attr":"","_gspb_post_css":"","_uag_custom_page_level_css":"","site-sidebar-layout":"default","site-content-layout":"","ast-site-content-layout":"","site-content-style":"default","site-sidebar-style":"default","ast-global-header-display":"","ast-banner-title-visibility":"","ast-main-header-display":"","ast-hfb-above-header-display":"","ast-hfb-below-header-display":"","ast-hfb-mobile-header-display":"","site-post-title":"disabled","ast-breadcrumbs-content":"","ast-featured-img":"","footer-sml-layout":"","theme-transparent-header-meta":"","adv-header-id-meta":"","stick-header-meta":"","header-above-stick-meta":"","header-main-stick-meta":"","header-below-stick-meta":"","astra-migrate-meta-layouts":"default","ast-page-background-enabled":"default","ast-page-background-meta":{"desktop":{"background-color":"var(--ast-global-color-4)","background-image":"","background-repeat":"repeat","background-position":"center center","background-size":"auto","background-attachment":"scroll","background-type":"","background-media":"","overlay-type":"","overlay-color":"","overlay-opacity":"","overlay-gradient":""},"tablet":{"background-color":"","background-image":"","background-repeat":"repeat","background-position":"center center","background-size":"auto","background-attachment":"scroll","background-type":"","background-media":"","overlay-type":"","overlay-color":"","overlay-opacity":"","overlay-gradient":""},"mobile":{"background-color":"","background-image":"","background-repeat":"repeat","background-position":"center center","background-size":"auto","background-attachment":"scroll","background-type":"","background-media":"","overlay-type":"","overlay-color":"","overlay-opacity":"","overlay-gradient":""}},"ast-content-background-meta":{"desktop":{"background-color":"var(--ast-global-color-5)","background-image":"","background-repeat":"repeat","background-position":"center center","background-size":"auto","background-attachment":"scroll","background-type":"","background-media":"","overlay-type":"","overlay-color":"","overlay-opacity":"","overlay-gradient":""},"tablet":{"background-color":"var(--ast-global-color-5)","background-image":"","background-repeat":"repeat","background-position":"center center","background-size":"auto","background-attachment":"scroll","background-type":"","background-media":"","overlay-type":"","overlay-color":"","overlay-opacity":"","overlay-gradient":""},"mobile":{"background-color":"var(--ast-global-color-5)","background-image":"","background-repeat":"repeat","background-position":"center center","background-size":"auto","background-attachment":"scroll","background-type":"","background-media":"","overlay-type":"","overlay-color":"","overlay-opacity":"","overlay-gradient":""}},"_themeisle_gutenberg_block_has_review":false,"footnotes":""},"class_list":["post-1116","page","type-page","status-publish","hentry"],"uagb_featured_image_src":{"full":false,"thumbnail":false,"medium":false,"medium_large":false,"large":false,"gs-tiny":false,"xl":false,"xxl":false,"xxxl":false,"xxxxl":false,"xxxxxl":false,"1536x1536":false,"2048x2048":false,"ultp_layout_landscape_large":false,"ultp_layout_landscape":false,"ultp_layout_portrait":false,"ultp_layout_square":false},"uagb_author_info":{"display_name":false,"author_link":false},"uagb_comment_info":0,"uagb_excerpt":"En el servicio se trabaja tanto en atenci\u00f3n abierta como cerrada. En atenci\u00f3n abierta se atienden pacientes con diferentes patolog\u00edas: Traumatol\u00f3gicas, Neurol\u00f3gicas, Respiratorias y Cardiovasculares. En atenci\u00f3n cerrada la atenci\u00f3n se realiza en todos los servicios: m\u00e9dico quir\u00fargicos, UCI, pediatr\u00eda y eventualmente en maternidad. Para todos los tratamientos contamos con equipamientos de fisioterapia incluidos Ondas&hellip;","rttpg_featured_image_url":null,"rttpg_author":{"display_name":false,"author_link":false},"rttpg_comment":0,"rttpg_category":null,"rttpg_excerpt":"En el servicio se trabaja tanto en atenci\u00f3n abierta como cerrada. En atenci\u00f3n abierta se atienden pacientes con diferentes patolog\u00edas: Traumatol\u00f3gicas, Neurol\u00f3gicas, Respiratorias y Cardiovasculares. En atenci\u00f3n cerrada la atenci\u00f3n se realiza en todos los servicios: m\u00e9dico quir\u00fargicos, UCI, pediatr\u00eda y eventualmente en maternidad. Para todos los tratamientos contamos con equipamientos de fisioterapia incluidos Ondas&hellip;","_links":{"self":[{"href":"https:\/\/www.hospitalnavalmagallanes.cl\/index.php?rest_route=\/wp\/v2\/pages\/1116","targetHints":{"allow":["GET"]}}],"collection":[{"href":"https:\/\/www.hospitalnavalmagallanes.cl\/index.php?rest_route=\/wp\/v2\/pages"}],"about":[{"href":"https:\/\/www.hospitalnavalmagallanes.cl\/index.php?rest_route=\/wp\/v2\/types\/page"}],"author":[{"embeddable":true,"href":"https:\/\/www.hospitalnavalmagallanes.cl\/index.php?rest_route=\/wp\/v2\/users\/1"}],"replies":[{"embeddable":true,"href":"https:\/\/www.hospitalnavalmagallanes.cl\/index.php?rest_route=%2Fwp%2Fv2%2Fcomments&post=1116"}],"version-history":[{"count":18,"href":"https:\/\/www.hospitalnavalmagallanes.cl\/index.php?rest_route=\/wp\/v2\/pages\/1116\/revisions"}],"predecessor-version":[{"id":1214,"href":"https:\/\/www.hospitalnavalmagallanes.cl\/index.php?rest_route=\/wp\/v2\/pages\/1116\/revisions\/1214"}],"wp:attachment":[{"href":"https:\/\/www.hospitalnavalmagallanes.cl\/index.php?rest_route=%2Fwp%2Fv2%2Fmedia&parent=1116"}],"curies":[{"name":"wp","href":"https:\/\/api.w.org\/{rel}","templated":true}]}}