{"id":27,"date":"2022-09-23T18:44:02","date_gmt":"2022-09-23T18:44:02","guid":{"rendered":"https:\/\/www.hospitalnavalmagallanes.cl\/?page_id=27"},"modified":"2023-01-10T14:48:28","modified_gmt":"2023-01-10T14:48:28","slug":"servicios-clinicos","status":"publish","type":"page","link":"https:\/\/www.hospitalnavalmagallanes.cl\/?page_id=27","title":{"rendered":"SERVICIOS CLINICOS"},"content":{"rendered":"\n<div class=\"inherit-container-width wp-block-group alignfull is-layout-constrained wp-block-group-is-layout-constrained\">\n<h2 class=\"wp-block-heading\" id=\"nuestros-servicios-y-especialidades\">Nuestros servicios y especialidades<\/h2>\n\n\n\n<div class=\"wp-block-columns tw-cols-stack-sm is-layout-flex wp-container-core-columns-is-layout-d0b3c9c8 wp-block-columns-is-layout-flex\">\n<div class=\"wp-block-column is-layout-flow wp-block-column-is-layout-flow\" style=\"--col-width:20%;flex-basis:20%\">\n<figure class=\"wp-block-image size-full is-style-tw-frame\"><img decoding=\"async\" width=\"1580\" height=\"1259\" src=\"https:\/\/www.hospitalnavalmagallanes.cl\/wp-content\/uploads\/2023\/01\/NUTRICION-1.jpg\" alt=\"\" class=\"wp-image-1043\" srcset=\"https:\/\/www.hospitalnavalmagallanes.cl\/wp-content\/uploads\/2023\/01\/NUTRICION-1.jpg 1580w, https:\/\/www.hospitalnavalmagallanes.cl\/wp-content\/uploads\/2023\/01\/NUTRICION-1-300x239.jpg 300w, https:\/\/www.hospitalnavalmagallanes.cl\/wp-content\/uploads\/2023\/01\/NUTRICION-1-1024x816.jpg 1024w, https:\/\/www.hospitalnavalmagallanes.cl\/wp-content\/uploads\/2023\/01\/NUTRICION-1-768x612.jpg 768w, https:\/\/www.hospitalnavalmagallanes.cl\/wp-content\/uploads\/2023\/01\/NUTRICION-1-1536x1224.jpg 1536w\" sizes=\"(max-width: 1580px) 100vw, 1580px\" \/><\/figure>\n<\/div>\n\n\n\n<div class=\"wp-block-column is-layout-flow wp-block-column-is-layout-flow\" style=\"--col-width:80%;flex-basis:80%\">\n<div class=\"wp-block-uagb-call-to-action uagb-block-f8ad471d wp-block-button\"><div class=\"uagb-cta__wrap\"><h3 class=\"uagb-cta__title\">Alimentaci\u00f3n y Nutrici\u00f3n&nbsp;<\/h3><p class=\"uagb-cta__desc\">El Servicio de Alimentaci\u00f3n y Nutrici\u00f3n del Hospital de las Fuerzas Armadas Cirujano C. Guzm\u00e1n tiene como finalidad elaborar y\/o distribuir alimentaci\u00f3n cient\u00edficamente planificada de acuerdo a recomendaciones nutricionales nacionales e internacionales, a trav\u00e9s de platos preparados u otras preparaciones culinarias, de acuerdo a est\u00e1ndares t\u00e9cnicos y sanitarios; destinados a pacientes hospitalizados, pacientes ambulatorios o usuarios sanos, a quienes se les brinda asistencia alimentaria-nutricional respondiendo a sus necesidades.<\/p><\/div><div class=\"uagb-cta__buttons\"><a href=\"https:\/\/www.hospitalnavalmagallanes.cl\/?page_id=929\" class=\"uagb-cta__button-link-wrapper wp-block-button__link\" target=\"_self\" rel=\"noopener noreferrer\">Conocer m\u00e1s<\/a><\/div><\/div>\n<\/div>\n<\/div>\n\n\n\n<div class=\"wp-block-columns tw-cols-stack-sm is-layout-flex wp-container-core-columns-is-layout-d0b3c9c8 wp-block-columns-is-layout-flex\">\n<div class=\"wp-block-column is-layout-flow wp-block-column-is-layout-flow\" style=\"--col-width:20%;flex-basis:20%\">\n<figure class=\"wp-block-image size-full is-resized is-style-tw-frame\"><img decoding=\"async\" src=\"https:\/\/www.hospitalnavalmagallanes.cl\/wp-content\/uploads\/2022\/12\/banco-de-sangre.jpg\" alt=\"\" class=\"wp-image-784\" width=\"180\" height=\"180\"\/><\/figure>\n<\/div>\n\n\n\n<div class=\"wp-block-column is-layout-flow wp-block-column-is-layout-flow\" style=\"--col-width:80%;flex-basis:80%\">\n<div class=\"wp-block-uagb-call-to-action uagb-block-f7da285d wp-block-button\"><div class=\"uagb-cta__wrap\"><h3 class=\"uagb-cta__title\">Banco de Sangre<\/h3><p class=\"uagb-cta__desc\">El banco de sangre tiene como objetivo fidelizar donantes voluntarios y altruistas para recolectar, procesar, analizar, almacenar y transfundir componentes sangu\u00edneos seguros y de manera oportuna con el fin de coadyuvar en los tratamientos m\u00e9dicos de los pacientes que lo requieran.<\/p><\/div><div class=\"uagb-cta__buttons\"><a href=\"https:\/\/www.hospitalnavalmagallanes.cl\/?page_id=783\" class=\"uagb-cta__button-link-wrapper wp-block-button__link\" target=\"_self\" rel=\"noopener noreferrer\">Conocer m\u00e1s<\/a><\/div><\/div>\n<\/div>\n<\/div>\n\n\n\n<div class=\"wp-block-columns tw-cols-stack-sm is-layout-flex wp-container-core-columns-is-layout-d0b3c9c8 wp-block-columns-is-layout-flex\">\n<div class=\"wp-block-column is-layout-flow wp-block-column-is-layout-flow\" style=\"--col-width:20%;flex-basis:20%\">\n<figure class=\"wp-block-image size-full is-resized is-style-tw-frame\"><img decoding=\"async\" src=\"https:\/\/www.hospitalnavalmagallanes.cl\/wp-content\/uploads\/2022\/12\/endoscopia.jpg\" alt=\"\" class=\"wp-image-702\" width=\"180\" height=\"180\"\/><\/figure>\n<\/div>\n\n\n\n<div class=\"wp-block-column is-layout-flow wp-block-column-is-layout-flow\" style=\"--col-width:80%;flex-basis:80%\">\n<div class=\"wp-block-uagb-call-to-action uagb-block-bf3dc5ff wp-block-button\"><div class=\"uagb-cta__wrap\"><h3 class=\"uagb-cta__title\">Unidad de Endoscopia Digestiva<\/h3><p class=\"uagb-cta__desc\">Servicio de apoyo cl\u00ednico para el diagn\u00f3stico y eventual tratamiento de patolog\u00edas gastrointestinales, tanto de adultos como ni\u00f1os mayores de 5 a\u00f1os.<br>Se efect\u00faan de manera ambulatoria, programadas electivamente pero tambi\u00e9n hay procedimientos de urgencia en cualquier horario y de pacientes hospitalizados en los distintos servicios del hospital.<\/p><\/div><div class=\"uagb-cta__buttons\"><a href=\"https:\/\/www.hospitalnavalmagallanes.cl\/?page_id=700\" class=\"uagb-cta__button-link-wrapper wp-block-button__link\" target=\"_self\" rel=\"noopener noreferrer\">Conocer m\u00e1s<\/a><\/div><\/div>\n<\/div>\n<\/div>\n\n\n\n<div class=\"wp-block-columns tw-cols-stack-sm is-layout-flex wp-container-core-columns-is-layout-d0b3c9c8 wp-block-columns-is-layout-flex\">\n<div class=\"wp-block-column is-layout-flow wp-block-column-is-layout-flow\" style=\"--col-width:20%;flex-basis:20%\">\n<figure class=\"wp-block-image size-full is-resized is-style-tw-frame\"><img decoding=\"async\" src=\"https:\/\/www.hospitalnavalmagallanes.cl\/wp-content\/uploads\/2023\/01\/ESTERILIZACION.jpg\" alt=\"\" class=\"wp-image-946\" width=\"180\" height=\"180\"\/><\/figure>\n<\/div>\n\n\n\n<div class=\"wp-block-column is-layout-flow wp-block-column-is-layout-flow\" style=\"--col-width:80%;flex-basis:80%\">\n<div class=\"wp-block-uagb-call-to-action uagb-block-7409b0f8 wp-block-button\"><div class=\"uagb-cta__wrap\"><h3 class=\"uagb-cta__title\">Centro de Esterilizaci\u00f3n<\/h3><p class=\"uagb-cta__desc\">La Central de Esterilizaci\u00f3n del Hospital de las FF.AA. \u201cCirujano Cornelio Guzm\u00e1n\u201d de Punta Arenas tiene por Misi\u00f3n satisfacer los requerimientos de instrumental est\u00e9ril de los diversos servicios cl\u00ednicos y de apoyo del Hospital, Centro Cl\u00ednico Militar, DENTAMAG y otras reparticiones de la ARMADA de la ciudad. Se incluye tambi\u00e9n, la venta de servicios a otros centros asistenciales del extra sistema.<\/p><\/div><div class=\"uagb-cta__buttons\"><a href=\"https:\/\/www.hospitalnavalmagallanes.cl\/?page_id=945\" class=\"uagb-cta__button-link-wrapper wp-block-button__link\" target=\"_self\" rel=\"noopener noreferrer\">Conocer m\u00e1s<\/a><\/div><\/div>\n<\/div>\n<\/div>\n\n\n\n<div class=\"wp-block-columns tw-cols-stack-sm is-layout-flex wp-container-core-columns-is-layout-d0b3c9c8 wp-block-columns-is-layout-flex\">\n<div class=\"wp-block-column is-layout-flow wp-block-column-is-layout-flow\" style=\"--col-width:20%;flex-basis:20%\">\n<figure class=\"wp-block-image size-full is-resized is-style-tw-frame\"><img decoding=\"async\" src=\"https:\/\/www.hospitalnavalmagallanes.cl\/wp-content\/uploads\/2023\/01\/MATER-1.jpg\" alt=\"\" class=\"wp-image-971\" width=\"180\" height=\"180\"\/><\/figure>\n<\/div>\n\n\n\n<div class=\"wp-block-column is-layout-flow wp-block-column-is-layout-flow\" style=\"--col-width:80%;flex-basis:80%\">\n<div class=\"wp-block-uagb-call-to-action uagb-block-ac61fc37 wp-block-button\"><div class=\"uagb-cta__wrap\"><h3 class=\"uagb-cta__title\">Ginecolog\u00eda y Obstetricia<\/h3><p class=\"uagb-cta__desc\">El Servicio tiene la misi\u00f3n de apoyar y acompa\u00f1ar a la mujer en el \u00e1rea de la ginecolog\u00eda y obstetricia en las distintas etapas de su vida. Nos enfocamos, en la prevenci\u00f3n y diagn\u00f3stico precoz de patolog\u00edas propias de la especialidad, otorgando una atenci\u00f3n integral y humanizada.<\/p><\/div><div class=\"uagb-cta__buttons\"><a href=\"https:\/\/www.hospitalnavalmagallanes.cl\/?page_id=969\" class=\"uagb-cta__button-link-wrapper wp-block-button__link\" target=\"_self\" rel=\"noopener noreferrer\">Conocer m\u00e1s<\/a><\/div><\/div>\n<\/div>\n<\/div>\n\n\n\n<div class=\"wp-block-columns tw-cols-stack-sm is-layout-flex wp-container-core-columns-is-layout-d0b3c9c8 wp-block-columns-is-layout-flex\">\n<div class=\"wp-block-column is-layout-flow wp-block-column-is-layout-flow\" style=\"--col-width:20%;flex-basis:20%\">\n<figure class=\"wp-block-image size-large is-resized is-style-tw-frame\"><img decoding=\"async\" src=\"https:\/\/www.hospitalnavalmagallanes.cl\/wp-content\/uploads\/2022\/12\/laboratorio-1024x461.jpg\" alt=\"\" class=\"wp-image-660\" width=\"180\" height=\"180\"\/><\/figure>\n<\/div>\n\n\n\n<div class=\"wp-block-column is-layout-flow wp-block-column-is-layout-flow\" style=\"--col-width:80%;flex-basis:80%\">\n<div class=\"wp-block-uagb-call-to-action uagb-block-dbe19c91 wp-block-button\"><div class=\"uagb-cta__wrap\"><h3 class=\"uagb-cta__title\">Laboratorio<\/h3><p class=\"uagb-cta__desc\">Laboratorio cl\u00ednico.<br>Servicio de apoyo al diagn\u00f3stico cl\u00ednico con funcionamiento las 24 horas del d\u00eda.<\/p><\/div><div class=\"uagb-cta__buttons\"><a href=\"https:\/\/www.hospitalnavalmagallanes.cl\/?page_id=659\" class=\"uagb-cta__button-link-wrapper wp-block-button__link\" target=\"_self\" rel=\"noopener noreferrer\">Conocer m\u00e1s<\/a><\/div><\/div>\n<\/div>\n<\/div>\n\n\n\n<div class=\"wp-block-columns tw-cols-stack-sm is-layout-flex wp-container-core-columns-is-layout-d0b3c9c8 wp-block-columns-is-layout-flex\">\n<div class=\"wp-block-column is-layout-flow wp-block-column-is-layout-flow\" style=\"--col-width:20%;flex-basis:20%\">\n<figure class=\"wp-block-image size-full is-resized is-style-tw-frame\"><img decoding=\"async\" src=\"https:\/\/www.hospitalnavalmagallanes.cl\/wp-content\/uploads\/2022\/12\/mq2.jpg\" alt=\"\" class=\"wp-image-845\" width=\"180\" height=\"180\"\/><\/figure>\n<\/div>\n\n\n\n<div class=\"wp-block-column is-layout-flow wp-block-column-is-layout-flow\" style=\"--col-width:80%;flex-basis:80%\">\n<div class=\"wp-block-uagb-call-to-action uagb-block-8c0d7e32 wp-block-button\"><div class=\"uagb-cta__wrap\"><h3 class=\"uagb-cta__title\">Servicio de Hospitalizaci\u00f3n M\u00e9dico Quir\u00fargico<\/h3><p class=\"uagb-cta__desc\">El servicio de Hospitalizaci\u00f3n M\u00e9dico Quir\u00fargica tiene por objetivo prestar una atenci\u00f3n m\u00e9dica integral a los pacientes adultos y pedi\u00e1tricos que se hospitalizan, ya sea por una patolog\u00eda de baja o mediana complejidad, tanto de causa m\u00e9dica como quir\u00fargica. <\/p><\/div><div class=\"uagb-cta__buttons\"><a href=\"https:\/\/www.hospitalnavalmagallanes.cl\/?page_id=824\" class=\"uagb-cta__button-link-wrapper wp-block-button__link\" target=\"_self\" rel=\"noopener noreferrer\">Conocer m\u00e1s<\/a><\/div><\/div>\n<\/div>\n<\/div>\n\n\n\n<div class=\"wp-block-columns tw-cols-stack-sm is-layout-flex wp-container-core-columns-is-layout-d0b3c9c8 wp-block-columns-is-layout-flex\">\n<div class=\"wp-block-column is-layout-flow wp-block-column-is-layout-flow\" style=\"--col-width:20%;flex-basis:20%\">\n<figure class=\"wp-block-image size-large is-resized is-style-tw-frame\"><img decoding=\"async\" src=\"https:\/\/www.hospitalnavalmagallanes.cl\/wp-content\/uploads\/2023\/01\/OFTALMOLOGIA2-1024x711.jpg\" alt=\"\" class=\"wp-image-892\" width=\"180\" height=\"180\"\/><\/figure>\n<\/div>\n\n\n\n<div class=\"wp-block-column is-layout-flow wp-block-column-is-layout-flow\" style=\"--col-width:80%;flex-basis:80%\">\n<div class=\"wp-block-uagb-call-to-action uagb-block-c0344155 wp-block-button\"><div class=\"uagb-cta__wrap\"><h3 class=\"uagb-cta__title\">Oftalmolog\u00eda<\/h3><p class=\"uagb-cta__desc\">La especialidad de Oftalmolog\u00eda del Hospital Naval C.C.G cuenta con profesionales del \u00e1rea de la salud que buscan otorgar una atenci\u00f3n de calidad y soluciones a las diferentes enfermedades oculares.<br>Para ello, entregamos diversos servicios entre los que destacan: la consulta m\u00e9dica, ex\u00e1menes oftalmol\u00f3gicos, procedimientos l\u00e1ser y cirug\u00edas oftalmol\u00f3gicas.<\/p><\/div><div class=\"uagb-cta__buttons\"><a href=\"https:\/\/www.hospitalnavalmagallanes.cl\/?page_id=884\" class=\"uagb-cta__button-link-wrapper wp-block-button__link\" target=\"_self\" rel=\"noopener noreferrer\">Conocer m\u00e1s<\/a><\/div><\/div>\n<\/div>\n<\/div>\n\n\n\n<div class=\"wp-block-columns tw-cols-stack-sm is-layout-flex wp-container-core-columns-is-layout-d0b3c9c8 wp-block-columns-is-layout-flex\">\n<div class=\"wp-block-column is-layout-flow wp-block-column-is-layout-flow\" style=\"--col-width:20%;flex-basis:20%\">\n<figure class=\"wp-block-image size-full is-resized is-style-tw-frame\"><img decoding=\"async\" src=\"https:\/\/www.hospitalnavalmagallanes.cl\/wp-content\/uploads\/2023\/01\/FRONTIS1.jpg\" alt=\"\" class=\"wp-image-947\" width=\"180\" height=\"180\"\/><\/figure>\n<\/div>\n\n\n\n<div class=\"wp-block-column is-layout-flow wp-block-column-is-layout-flow\" style=\"--col-width:80%;flex-basis:80%\">\n<div class=\"wp-block-uagb-call-to-action uagb-block-36880c0b wp-block-button\"><div class=\"uagb-cta__wrap\"><h3 class=\"uagb-cta__title\">Policl\u00ednico Adulto<\/h3><p class=\"uagb-cta__desc\">Servicio de atenci\u00f3n ambulatoria, que contempla atenci\u00f3n para las distintas especialidades m\u00e9dicas. Est\u00e1 ubicado a un costado de la farmacia, por el acceso principal por Av. Bulnes. Sus dependencias incluyen un hall central con sala de espera y consultas m\u00e9dicas, distribuidas seg\u00fan especialidades.<\/p><\/div><div class=\"uagb-cta__buttons\"><a href=\"https:\/\/www.hospitalnavalmagallanes.cl\/?page_id=773\" class=\"uagb-cta__button-link-wrapper wp-block-button__link\" target=\"_self\" rel=\"noopener noreferrer\">Conocer m\u00e1s<\/a><\/div><\/div>\n<\/div>\n<\/div>\n\n\n\n<div class=\"wp-block-columns tw-cols-stack-sm is-layout-flex wp-container-core-columns-is-layout-d0b3c9c8 wp-block-columns-is-layout-flex\">\n<div class=\"wp-block-column is-layout-flow wp-block-column-is-layout-flow\" style=\"--col-width:20%;flex-basis:20%\">\n<figure class=\"wp-block-image size-full is-resized is-style-tw-frame\"><img decoding=\"async\" src=\"https:\/\/www.hospitalnavalmagallanes.cl\/wp-content\/uploads\/2022\/12\/POLIPED2.jpg\" alt=\"\" class=\"wp-image-813\" width=\"180\" height=\"180\"\/><\/figure>\n<\/div>\n\n\n\n<div class=\"wp-block-column is-layout-flow wp-block-column-is-layout-flow\" style=\"--col-width:80%;flex-basis:80%\">\n<div class=\"wp-block-uagb-call-to-action uagb-block-6f72660b wp-block-button\"><div class=\"uagb-cta__wrap\"><h3 class=\"uagb-cta__title\">Policl\u00ednico Pediatr\u00eda<\/h3><p class=\"uagb-cta__desc\">El Consultorio Externo Infantil otorga atenci\u00f3n abierta de Nivel Primario, teniendo como fin contribuir al desarrollo integral del ni\u00f1o, a trav\u00e9s, de actividades de fomento, protecci\u00f3n, recuperaci\u00f3n y rehabilitaci\u00f3n de la salud, permitiendo la plena expresi\u00f3n del potencial gen\u00e9tico y una mejor calidad de vida; adem\u00e1s, de entregar a la sociedad un individuo con un desarrollo y crecimiento biopsicosocial adecuado, privilegiando un crecimiento integralmente sano, en un contexto familiar y comunitario, a trav\u00e9s, de la supervisi\u00f3n de Salud del Ni\u00f1o y Adolescente.<\/p><\/div><div class=\"uagb-cta__buttons\"><a href=\"https:\/\/www.hospitalnavalmagallanes.cl\/?page_id=799\" class=\"uagb-cta__button-link-wrapper wp-block-button__link\" target=\"_self\" rel=\"noopener noreferrer\">Conocer m\u00e1s<\/a><\/div><\/div>\n<\/div>\n<\/div>\n\n\n\n<div class=\"wp-block-columns tw-cols-stack-sm is-layout-flex wp-container-core-columns-is-layout-d0b3c9c8 wp-block-columns-is-layout-flex\">\n<div class=\"wp-block-column is-layout-flow wp-block-column-is-layout-flow\" style=\"--col-width:20%;flex-basis:20%\">\n<figure class=\"wp-block-image size-large is-resized is-style-tw-frame\"><img decoding=\"async\" src=\"https:\/\/www.hospitalnavalmagallanes.cl\/wp-content\/uploads\/2022\/11\/escudo_hospmag-686x1024.png\" alt=\"\" class=\"wp-image-639\" width=\"129\" height=\"180\"\/><\/figure>\n<\/div>\n\n\n\n<div class=\"wp-block-column is-layout-flow wp-block-column-is-layout-flow\" style=\"--col-width:80%;flex-basis:80%\">\n<div class=\"wp-block-uagb-call-to-action uagb-block-15039fd0 wp-block-button\"><div class=\"uagb-cta__wrap\"><h3 class=\"uagb-cta__title\">Traumatolog\u00eda<\/h3><p class=\"uagb-cta__desc\">El servicio de traumatolog\u00eda tiene la misi\u00f3n de prevenir y recuperar las lesiones y patolog\u00edas del aparato locomotor de todos nuestros pacientes, otorgando una atenci\u00f3n integral y humanizada que permita la oportuna y optima recuperaci\u00f3n de nuestros pacientes.<\/p><\/div><div class=\"uagb-cta__buttons\"><a href=\"https:\/\/www.hospitalnavalmagallanes.cl\/?page_id=750\" class=\"uagb-cta__button-link-wrapper wp-block-button__link\" target=\"_self\" rel=\"noopener noreferrer\">Conocer m\u00e1s<\/a><\/div><\/div>\n<\/div>\n<\/div>\n\n\n\n<div class=\"wp-block-columns tw-cols-stack-sm is-layout-flex wp-container-core-columns-is-layout-d0b3c9c8 wp-block-columns-is-layout-flex\">\n<div class=\"wp-block-column is-layout-flow wp-block-column-is-layout-flow\" style=\"--col-width:20%;flex-basis:20%\">\n<figure class=\"wp-block-image size-full is-resized is-style-tw-frame\"><img decoding=\"async\" src=\"https:\/\/www.hospitalnavalmagallanes.cl\/wp-content\/uploads\/2022\/12\/uci.jpg\" alt=\"\" class=\"wp-image-687\" width=\"180\" height=\"180\"\/><\/figure>\n<\/div>\n\n\n\n<div class=\"wp-block-column is-layout-flow wp-block-column-is-layout-flow\" style=\"--col-width:80%;flex-basis:80%\">\n<div class=\"wp-block-uagb-call-to-action uagb-block-51be4bf0 wp-block-button\"><div class=\"uagb-cta__wrap\"><h3 class=\"uagb-cta__title\">Unidad Paciente Cr\u00edtico<\/h3><p class=\"uagb-cta__desc\">El Servicio de Unidad de Paciente Cr\u00edtico tiene la misi\u00f3n de proporcionar cuidados m\u00e9dicos y de enfermer\u00eda a usuarios activos y retirados de las FF.AA. y de Orden, a sus respectivas cargas familiares y usuarios de la comunidad, mayores de 15 a\u00f1os, que se encuentren en estado cr\u00edtico. <\/p><\/div><div class=\"uagb-cta__buttons\"><a href=\"https:\/\/www.hospitalnavalmagallanes.cl\/?page_id=685\" class=\"uagb-cta__button-link-wrapper wp-block-button__link\" target=\"_self\" rel=\"noopener noreferrer\">Conocer m\u00e1s<\/a><\/div><\/div>\n<\/div>\n<\/div>\n\n\n\n<div class=\"wp-block-columns tw-cols-stack-sm is-layout-flex wp-container-core-columns-is-layout-d0b3c9c8 wp-block-columns-is-layout-flex\">\n<div class=\"wp-block-column is-layout-flow wp-block-column-is-layout-flow\" style=\"--col-width:20%;flex-basis:20%\">\n<figure class=\"wp-block-image size-large is-resized is-style-tw-frame\"><img decoding=\"async\" src=\"https:\/\/www.hospitalnavalmagallanes.cl\/wp-content\/uploads\/2022\/12\/URGENCIA-1024x769.jpg\" alt=\"\" class=\"wp-image-766\" width=\"180\" height=\"180\"\/><\/figure>\n<\/div>\n\n\n\n<div class=\"wp-block-column is-layout-flow wp-block-column-is-layout-flow\" style=\"--col-width:80%;flex-basis:80%\">\n<div class=\"wp-block-uagb-call-to-action uagb-block-3afc29c3 wp-block-button\"><div class=\"uagb-cta__wrap\"><h3 class=\"uagb-cta__title\">Unidad de Emergencia Hospitalaria<\/h3><p class=\"uagb-cta__desc\">La Unidad de Emergencia Hospitalaria del Hospital de las FF. AA. \u201cC.C. Guzm\u00e1n\u201d , otorga atenci\u00f3n de urgencia a todos los usuarios adultos y pedi\u00e1tricos que lo requieran, independiente de su sistema previsional, entregando una atenci\u00f3n c\u00e1lida, oportuna, segura, eficiente y eficaz, a trav\u00e9s de un Equipo de Salud altamente comprometido con su quehacer y con alta competencia profesional.<\/p><\/div><div class=\"uagb-cta__buttons\"><a href=\"https:\/\/www.hospitalnavalmagallanes.cl\/?page_id=762\" class=\"uagb-cta__button-link-wrapper wp-block-button__link\" target=\"_self\" rel=\"noopener noreferrer\">Conocer m\u00e1s<\/a><\/div><\/div>\n<\/div>\n<\/div>\n\n\n\n<div class=\"wp-block-columns tw-cols-stack-sm is-layout-flex wp-container-core-columns-is-layout-d0b3c9c8 wp-block-columns-is-layout-flex\">\n<div class=\"wp-block-column is-layout-flow wp-block-column-is-layout-flow\" style=\"--col-width:20%;flex-basis:20%\">\n<figure class=\"wp-block-image size-full is-resized is-style-tw-frame\"><img decoding=\"async\" src=\"https:\/\/www.hospitalnavalmagallanes.cl\/wp-content\/uploads\/2022\/12\/VACUNATORIO.jpg\" alt=\"\" class=\"wp-image-808\" width=\"180\" height=\"180\"\/><\/figure>\n<\/div>\n\n\n\n<div class=\"wp-block-column is-layout-flow wp-block-column-is-layout-flow\" style=\"--col-width:80%;flex-basis:80%\">\n<div class=\"wp-block-uagb-call-to-action uagb-block-1054ba6c wp-block-button\"><div class=\"uagb-cta__wrap\"><h3 class=\"uagb-cta__title\">Vacunatorio<\/h3><p class=\"uagb-cta__desc\">El Vacunatorio del Hospital de las F.F.A.A tiene el fin de inmunizar a todas las personas definidas como grupo objetivo en el Programa Nacional de Inmunizaciones (PNI).<\/p><\/div><div class=\"uagb-cta__buttons\"><a href=\"https:\/\/www.hospitalnavalmagallanes.cl\/?page_id=807\" class=\"uagb-cta__button-link-wrapper wp-block-button__link\" target=\"_self\" rel=\"noopener noreferrer\">Conocer m\u00e1s<\/a><\/div><\/div>\n<\/div>\n<\/div>\n\n\n\n<hr class=\"wp-block-separator has-css-opacity tw-mt-6 tw-mb-6\"\/>\n<\/div>\n","protected":false},"excerpt":{"rendered":"<p>Nuestros servicios y especialidades<\/p>\n","protected":false},"author":1,"featured_media":0,"parent":0,"menu_order":0,"comment_status":"closed","ping_status":"closed","template":"","meta":{"_eb_attr":"","_gspb_post_css":"","_uag_custom_page_level_css":"","site-sidebar-layout":"default","site-content-layout":"","ast-site-content-layout":"","site-content-style":"default","site-sidebar-style":"default","ast-global-header-display":"","ast-banner-title-visibility":"","ast-main-header-display":"","ast-hfb-above-header-display":"","ast-hfb-below-header-display":"","ast-hfb-mobile-header-display":"","site-post-title":"disabled","ast-breadcrumbs-content":"","ast-featured-img":"","footer-sml-layout":"","theme-transparent-header-meta":"","adv-header-id-meta":"","stick-header-meta":"","header-above-stick-meta":"","header-main-stick-meta":"","header-below-stick-meta":"","astra-migrate-meta-layouts":"default","ast-page-background-enabled":"default","ast-page-background-meta":{"desktop":{"background-color":"var(--ast-global-color-4)","background-image":"","background-repeat":"repeat","background-position":"center center","background-size":"auto","background-attachment":"scroll","background-type":"","background-media":"","overlay-type":"","overlay-color":"","overlay-opacity":"","overlay-gradient":""},"tablet":{"background-color":"","background-image":"","background-repeat":"repeat","background-position":"center center","background-size":"auto","background-attachment":"scroll","background-type":"","background-media":"","overlay-type":"","overlay-color":"","overlay-opacity":"","overlay-gradient":""},"mobile":{"background-color":"","background-image":"","background-repeat":"repeat","background-position":"center center","background-size":"auto","background-attachment":"scroll","background-type":"","background-media":"","overlay-type":"","overlay-color":"","overlay-opacity":"","overlay-gradient":""}},"ast-content-background-meta":{"desktop":{"background-color":"var(--ast-global-color-5)","background-image":"","background-repeat":"repeat","background-position":"center center","background-size":"auto","background-attachment":"scroll","background-type":"","background-media":"","overlay-type":"","overlay-color":"","overlay-opacity":"","overlay-gradient":""},"tablet":{"background-color":"var(--ast-global-color-5)","background-image":"","background-repeat":"repeat","background-position":"center center","background-size":"auto","background-attachment":"scroll","background-type":"","background-media":"","overlay-type":"","overlay-color":"","overlay-opacity":"","overlay-gradient":""},"mobile":{"background-color":"var(--ast-global-color-5)","background-image":"","background-repeat":"repeat","background-position":"center center","background-size":"auto","background-attachment":"scroll","background-type":"","background-media":"","overlay-type":"","overlay-color":"","overlay-opacity":"","overlay-gradient":""}},"_themeisle_gutenberg_block_has_review":false,"footnotes":""},"class_list":["post-27","page","type-page","status-publish","hentry"],"uagb_featured_image_src":{"full":false,"thumbnail":false,"medium":false,"medium_large":false,"large":false,"gs-tiny":false,"xl":false,"xxl":false,"xxxl":false,"xxxxl":false,"xxxxxl":false,"1536x1536":false,"2048x2048":false,"ultp_layout_landscape_large":false,"ultp_layout_landscape":false,"ultp_layout_portrait":false,"ultp_layout_square":false},"uagb_author_info":{"display_name":false,"author_link":false},"uagb_comment_info":0,"uagb_excerpt":"Nuestros servicios y especialidades","rttpg_featured_image_url":null,"rttpg_author":{"display_name":false,"author_link":false},"rttpg_comment":0,"rttpg_category":null,"rttpg_excerpt":"Nuestros servicios y especialidades","_links":{"self":[{"href":"https:\/\/www.hospitalnavalmagallanes.cl\/index.php?rest_route=\/wp\/v2\/pages\/27","targetHints":{"allow":["GET"]}}],"collection":[{"href":"https:\/\/www.hospitalnavalmagallanes.cl\/index.php?rest_route=\/wp\/v2\/pages"}],"about":[{"href":"https:\/\/www.hospitalnavalmagallanes.cl\/index.php?rest_route=\/wp\/v2\/types\/page"}],"author":[{"embeddable":true,"href":"https:\/\/www.hospitalnavalmagallanes.cl\/index.php?rest_route=\/wp\/v2\/users\/1"}],"replies":[{"embeddable":true,"href":"https:\/\/www.hospitalnavalmagallanes.cl\/index.php?rest_route=%2Fwp%2Fv2%2Fcomments&post=27"}],"version-history":[{"count":30,"href":"https:\/\/www.hospitalnavalmagallanes.cl\/index.php?rest_route=\/wp\/v2\/pages\/27\/revisions"}],"predecessor-version":[{"id":1074,"href":"https:\/\/www.hospitalnavalmagallanes.cl\/index.php?rest_route=\/wp\/v2\/pages\/27\/revisions\/1074"}],"wp:attachment":[{"href":"https:\/\/www.hospitalnavalmagallanes.cl\/index.php?rest_route=%2Fwp%2Fv2%2Fmedia&parent=27"}],"curies":[{"name":"wp","href":"https:\/\/api.w.org\/{rel}","templated":true}]}}