{"id":32,"date":"2022-09-23T18:44:02","date_gmt":"2022-09-23T18:44:02","guid":{"rendered":"https:\/\/www.hospitalnavalmagallanes.cl\/?page_id=32"},"modified":"2022-11-30T20:05:48","modified_gmt":"2022-11-30T20:05:48","slug":"mision-y-vision","status":"publish","type":"page","link":"https:\/\/www.hospitalnavalmagallanes.cl\/?page_id=32","title":{"rendered":"Misi\u00f3n y Visi\u00f3n"},"content":{"rendered":"\n<div class=\"wp-block-uagb-container uagb-block-6a4096df alignfull uagb-is-root-container\"><div class=\"uagb-container-inner-blocks-wrap\">\n<div class=\"wp-block-uagb-container uagb-block-8cb33b4b\">\n<div class=\"wp-block-uagb-image uagb-block-521b80a3 wp-block-uagb-image--layout-default wp-block-uagb-image--effect-static wp-block-uagb-image--align-right\"><figure class=\"wp-block-uagb-image__figure\"><img decoding=\"async\" srcset=\"https:\/\/www.hospitalnavalmagallanes.cl\/wp-content\/uploads\/2022\/11\/escudo_hospmag-686x1024.png \" src=\"https:\/\/www.hospitalnavalmagallanes.cl\/wp-content\/uploads\/2022\/11\/escudo_hospmag-686x1024.png\" alt=\"\" class=\"uag-image-639\" width=\"224\" height=\"333\" title=\"\"\/><\/figure><\/div>\n<\/div>\n\n\n\n<div class=\"wp-block-uagb-container uagb-block-3f2cb9cc\">\n<div class=\"wp-block-uagb-advanced-heading uagb-block-786a3815\"><h2 class=\"uagb-heading-text\">MISI\u00d3N<\/h2><p class=\"uagb-desc-text\">Satisfacer las necesidades sanitarias de los miembros de las fuerzas operativas y de apoyo de la Armada de Chile en la regi\u00f3n de Magallanes y la Ant\u00e1rtica Chilena, al mismo tiempo que las de sus familias y las de los servidores de la Instituci\u00f3n en condici\u00f3n de retiro, en forma eficaz y oportuna, de acuerdo a normas, procedimientos, gu\u00edas cl\u00ednicas y procesos de est\u00e1ndar nacional.<br><br>Actuar con cari\u00f1o, vocaci\u00f3n y profesionalismo.<br><br>Participar con el m\u00e1ximo esfuerzo y medios en las crisis que involucren a la comunidad.<br><br>Apoyar con decisi\u00f3n a los \u00f3rganos de rescate que salvaguardan la vida en el mar.<br><br>Administrar con eficiencia, austeridad, prudencia y transparencia los recursos provenientes del Sistema de Salud de la Armada (SISAN) y de la Instituci\u00f3n misma.<\/p><\/div>\n<\/div>\n<\/div><\/div>\n\n\n\n<div class=\"wp-block-uagb-container uagb-block-1792719c alignfull uagb-is-root-container\"><div class=\"uagb-container-inner-blocks-wrap\">\n<div class=\"wp-block-uagb-container uagb-block-8226ae9b\">\n<div class=\"wp-block-uagb-advanced-heading uagb-block-15ec8617\"><h2 class=\"uagb-heading-text\">VISI\u00d3N<\/h2><p class=\"uagb-desc-text\">Posicionar al Hospital de las Fuerzas Armadas \u201cCirujano Guzm\u00e1n\u201d en un centro de salud referente regional en t\u00e9rminos de calidad en la atenci\u00f3n de sus usuarios mediante la implementaci\u00f3n de normas, procedimientos, gu\u00edas cl\u00ednicas y procesos de est\u00e1ndar nacional.<\/p><\/div>\n<\/div>\n\n\n\n<div class=\"wp-block-uagb-container uagb-block-da509f84\">\n<div class=\"wp-block-uagb-image uagb-block-0976540c wp-block-uagb-image--layout-default wp-block-uagb-image--effect-static wp-block-uagb-image--align-none\"><figure class=\"wp-block-uagb-image__figure\"><img decoding=\"async\" srcset=\"https:\/\/www.hospitalnavalmagallanes.cl\/wp-content\/uploads\/2022\/11\/Imagen-077.jpg \" src=\"https:\/\/www.hospitalnavalmagallanes.cl\/wp-content\/uploads\/2022\/11\/Imagen-077.jpg\" alt=\"\" class=\"uag-image-424\" width=\"\" height=\"\" title=\"\"\/><\/figure><\/div>\n<\/div>\n<\/div><\/div>\n","protected":false},"excerpt":{"rendered":"<p>MISI\u00d3N Satisfacer las necesidades sanitarias de los miembros de las fuerzas operativas y de apoyo de la Armada de Chile en la regi\u00f3n de Magallanes y la Ant\u00e1rtica Chilena, al mismo tiempo que las de sus familias y las de los servidores de la Instituci\u00f3n en condici\u00f3n de retiro, en forma eficaz y oportuna, de [&hellip;]<\/p>\n","protected":false},"author":1,"featured_media":0,"parent":0,"menu_order":0,"comment_status":"closed","ping_status":"closed","template":"","meta":{"_eb_attr":"","_gspb_post_css":"","_uag_custom_page_level_css":"","site-sidebar-layout":"default","site-content-layout":"","ast-site-content-layout":"","site-content-style":"default","site-sidebar-style":"default","ast-global-header-display":"","ast-banner-title-visibility":"","ast-main-header-display":"","ast-hfb-above-header-display":"","ast-hfb-below-header-display":"","ast-hfb-mobile-header-display":"","site-post-title":"disabled","ast-breadcrumbs-content":"","ast-featured-img":"","footer-sml-layout":"","theme-transparent-header-meta":"","adv-header-id-meta":"","stick-header-meta":"","header-above-stick-meta":"","header-main-stick-meta":"","header-below-stick-meta":"","astra-migrate-meta-layouts":"default","ast-page-background-enabled":"default","ast-page-background-meta":{"desktop":{"background-color":"var(--ast-global-color-4)","background-image":"","background-repeat":"repeat","background-position":"center center","background-size":"auto","background-attachment":"scroll","background-type":"","background-media":"","overlay-type":"","overlay-color":"","overlay-opacity":"","overlay-gradient":""},"tablet":{"background-color":"","background-image":"","background-repeat":"repeat","background-position":"center center","background-size":"auto","background-attachment":"scroll","background-type":"","background-media":"","overlay-type":"","overlay-color":"","overlay-opacity":"","overlay-gradient":""},"mobile":{"background-color":"","background-image":"","background-repeat":"repeat","background-position":"center center","background-size":"auto","background-attachment":"scroll","background-type":"","background-media":"","overlay-type":"","overlay-color":"","overlay-opacity":"","overlay-gradient":""}},"ast-content-background-meta":{"desktop":{"background-color":"var(--ast-global-color-5)","background-image":"","background-repeat":"repeat","background-position":"center center","background-size":"auto","background-attachment":"scroll","background-type":"","background-media":"","overlay-type":"","overlay-color":"","overlay-opacity":"","overlay-gradient":""},"tablet":{"background-color":"var(--ast-global-color-5)","background-image":"","background-repeat":"repeat","background-position":"center center","background-size":"auto","background-attachment":"scroll","background-type":"","background-media":"","overlay-type":"","overlay-color":"","overlay-opacity":"","overlay-gradient":""},"mobile":{"background-color":"var(--ast-global-color-5)","background-image":"","background-repeat":"repeat","background-position":"center center","background-size":"auto","background-attachment":"scroll","background-type":"","background-media":"","overlay-type":"","overlay-color":"","overlay-opacity":"","overlay-gradient":""}},"_themeisle_gutenberg_block_has_review":false,"footnotes":""},"class_list":["post-32","page","type-page","status-publish","hentry"],"uagb_featured_image_src":{"full":false,"thumbnail":false,"medium":false,"medium_large":false,"large":false,"gs-tiny":false,"xl":false,"xxl":false,"xxxl":false,"xxxxl":false,"xxxxxl":false,"1536x1536":false,"2048x2048":false,"ultp_layout_landscape_large":false,"ultp_layout_landscape":false,"ultp_layout_portrait":false,"ultp_layout_square":false},"uagb_author_info":{"display_name":false,"author_link":false},"uagb_comment_info":0,"uagb_excerpt":"MISI\u00d3N Satisfacer las necesidades sanitarias de los miembros de las fuerzas operativas y de apoyo de la Armada de Chile en la regi\u00f3n de Magallanes y la Ant\u00e1rtica Chilena, al mismo tiempo que las de sus familias y las de los servidores de la Instituci\u00f3n en condici\u00f3n de retiro, en forma eficaz y oportuna, de&hellip;","rttpg_featured_image_url":null,"rttpg_author":{"display_name":false,"author_link":false},"rttpg_comment":0,"rttpg_category":null,"rttpg_excerpt":"MISI\u00d3N Satisfacer las necesidades sanitarias de los miembros de las fuerzas operativas y de apoyo de la Armada de Chile en la regi\u00f3n de Magallanes y la Ant\u00e1rtica Chilena, al mismo tiempo que las de sus familias y las de los servidores de la Instituci\u00f3n en condici\u00f3n de retiro, en forma eficaz y oportuna, de&hellip;","_links":{"self":[{"href":"https:\/\/www.hospitalnavalmagallanes.cl\/index.php?rest_route=\/wp\/v2\/pages\/32","targetHints":{"allow":["GET"]}}],"collection":[{"href":"https:\/\/www.hospitalnavalmagallanes.cl\/index.php?rest_route=\/wp\/v2\/pages"}],"about":[{"href":"https:\/\/www.hospitalnavalmagallanes.cl\/index.php?rest_route=\/wp\/v2\/types\/page"}],"author":[{"embeddable":true,"href":"https:\/\/www.hospitalnavalmagallanes.cl\/index.php?rest_route=\/wp\/v2\/users\/1"}],"replies":[{"embeddable":true,"href":"https:\/\/www.hospitalnavalmagallanes.cl\/index.php?rest_route=%2Fwp%2Fv2%2Fcomments&post=32"}],"version-history":[{"count":34,"href":"https:\/\/www.hospitalnavalmagallanes.cl\/index.php?rest_route=\/wp\/v2\/pages\/32\/revisions"}],"predecessor-version":[{"id":648,"href":"https:\/\/www.hospitalnavalmagallanes.cl\/index.php?rest_route=\/wp\/v2\/pages\/32\/revisions\/648"}],"wp:attachment":[{"href":"https:\/\/www.hospitalnavalmagallanes.cl\/index.php?rest_route=%2Fwp%2Fv2%2Fmedia&parent=32"}],"curies":[{"name":"wp","href":"https:\/\/api.w.org\/{rel}","templated":true}]}}