{"id":34,"date":"2022-09-23T18:44:02","date_gmt":"2022-09-23T18:44:02","guid":{"rendered":"https:\/\/www.hospitalnavalmagallanes.cl\/?page_id=34"},"modified":"2022-11-30T19:12:31","modified_gmt":"2022-11-30T19:12:31","slug":"historia","status":"publish","type":"page","link":"https:\/\/www.hospitalnavalmagallanes.cl\/?page_id=34","title":{"rendered":"Historia"},"content":{"rendered":"\n<div class=\"wp-block-uagb-container uagb-block-2d54e9c1 alignfull uagb-is-root-container\"><div class=\"uagb-container-inner-blocks-wrap\">\n<div class=\"wp-block-uagb-container uagb-block-11464642\">\n<div class=\"wp-block-uagb-image uagb-block-1ae5735f wp-block-uagb-image--layout-default wp-block-uagb-image--effect-static wp-block-uagb-image--align-none\"><figure class=\"wp-block-uagb-image__figure\"><img decoding=\"async\" srcset=\"https:\/\/www.hospitalnavalmagallanes.cl\/wp-content\/uploads\/2022\/11\/FOTO-013.jpg \" src=\"https:\/\/www.hospitalnavalmagallanes.cl\/wp-content\/uploads\/2022\/11\/FOTO-013.jpg\" alt=\"\" class=\"uag-image-421\" title=\"\"\/><\/figure><\/div>\n<\/div>\n\n\n\n<div class=\"wp-block-uagb-container uagb-block-9a0ac83c\">\n<div class=\"wp-block-uagb-info-box uagb-block-dc0277d8 uagb-infobox__content-wrap  uagb-infobox-icon-above-title uagb-infobox-image-valign-top\"><div class=\"uagb-ifb-content\"><div class=\"uagb-ifb-title-wrap\"><h2 class=\"uagb-ifb-title\">Historia<\/h2><\/div><p class=\"uagb-ifb-desc\">Corr\u00edan los \u00faltimos a\u00f1os del siglo XIX y la necesidad de contar en Punta Arenas con un centro de salud calificado para atender a los funcionarios de la Armada y sus familiares se hac\u00eda sentir cada vez con mayor fuerza. Es as\u00ed como en el a\u00f1o 1900, la Direcci\u00f3n General del Personal de la Armada fue autorizada para levantar un hospital en el centro de la ciudad, cuya construcci\u00f3n se inici\u00f3 un a\u00f1o despu\u00e9s y finaliz\u00f3 en 1906.<\/p><\/div><\/div>\n<\/div>\n<\/div><\/div>\n\n\n<div class=\"text-content-inner\">\n<p>El nuevo centro de salud, que tambi\u00e9n ofrec\u00eda atenci\u00f3n a la comunidad cada vez que el Hospital Regional viera sobrepasada su capacidad, estaba ubicado en la manzana que formaban las calles Bories, Sarmiento, Magallanes y Yugoslavia. Contaba con 39 camas y su superficie no superaba los mil 400 metros cuadrados.<\/p>\n\n<p>Sin embargo, un fat\u00eddico 12 de julio de 1968 la construcci\u00f3n result\u00f3 totalmente destruida producto de un siniestro que oblig\u00f3 a los profesionales a trasladar a los enfermos hasta el ex casino de tripulaci\u00f3n ubicado en calle Col\u00f3n N\u00b0 638.<\/p>\n\n<p>En 1971, por gesti\u00f3n de la Armada ante el Ministerio de Defensa, y con los esfuerzos econ\u00f3micos de \u00e9ste m\u00e1s aportes de la Corporaci\u00f3n de Magallanes, se adquiri\u00f3 un hospital de campa\u00f1a prefabricado cuyo nombre ser\u00eda \u201cCirujano Guzm\u00e1n\u201d.<\/p>\n\n<p>Al conocer la Historia de Magallanes nos damos cuenta que esta ubicaci\u00f3n es significativa, porque&nbsp; el presidente Bulnes entend\u00eda&nbsp; la importancia de Magallanes y fue el Capit\u00e1n Guillermos, como fuera conocido,&nbsp; quien con la Goleta Ancud inicia la historia administrativa. Por otro lado estamos frente&nbsp; al ovejero que es el s\u00edmbolo del gran esfuerzo que significa vivir ac\u00e1 y que con su movimiento eterno gu\u00eda el progreso de la regi\u00f3n.<\/p>\n\n<p>El cirujano Francisco Cornelio Guzm\u00e1n fue el m\u00e9dico y h\u00e9roe de la Esmeralda el 21 de Mayo. La historia dice que el doctor Guzm\u00e1n era modesto, altruista por principio y abnegado por convicci\u00f3n. El esp\u00edritu esta en este hospital que con lo poco que tiene trata de ayudar al m\u00e1ximo posible.<\/p>\n\n<p>El nuevo hospital, cuya administraci\u00f3n sigui\u00f3 en manos de la Armada fue adquirido a la firma estadounidense Elder International Inc. Su dise\u00f1o contemplaba un inmueble de un piso y estaba compuesto por ocho alas o wings comunicados por un pasillo central.<\/p>\n\n<p>Su superficie inicial era de 3.423 metros cuadrados y tras varios proyectos de mejoramiento, alcanz\u00f3 los 5.568 metros cuadrados. Esta segunda construcci\u00f3n, inaugurada el 10 de noviembre de 1971, contaba con servicio de urgencia, 15 policl\u00ednicos generales y de especialidades, servicios de apoyo diagn\u00f3stico y terap\u00e9utico, adem\u00e1s de pabellones, salas de parto y camas de hospitalizaci\u00f3n en el servicio de medicina quir\u00fargica.<\/p>\n\n<p>Pese a que en un principio, la atenci\u00f3n a la poblaci\u00f3n civil de la regi\u00f3n de Magallanes se inici\u00f3 t\u00edmidamente y en orden a las necesidades m\u00e1s urgentes, durante las \u00faltimas d\u00e9cadas, las prestaciones a pacientes externos se mantuvieron en el orden del 40%. Este hecho, sumado a la expiraci\u00f3n de la vida \u00fatil del inmueble y las necesidades m\u00e9dicas por modernizar equipamiento, determin\u00f3 la construcci\u00f3n por fases de un nuevo hospital. Las modernas instalaciones doblan la superficie original alcanzando los 11.300 metros cuadrados, suprimen las salas comunes y otorgan una gran comodidad y seguridad a los pacientes.<\/p>\n\n<p>El personal que labora en el Hospmag es de 300 personas aproximadamente, de las cuales la mitad es personal contratado directamente por el hospital.<\/p>\n\n<p>La remodelaci\u00f3n &nbsp;del hospital entre a\u00f1os 2000 y 2012 es conocido tambi\u00e9n como Proyecto Patagonia, era una apremiante necesidad de la comuna dada la creciente demanda registrada durante los \u00faltimos a\u00f1os. Sin embargo este proyecto supon\u00eda la interrupci\u00f3n de la atenci\u00f3n de pacientes beneficiarios y particulares, algo que no era posible dado el aumento de la demanda por los servicios hospitalarios por lo que se dise\u00f1\u00f3 un proyecto por fases que permitiera el normal funcionamiento del centro con las m\u00ednimas alteraciones y manteniendo los est\u00e1ndares de calidad y seguridad.<\/p>\n\n<p>En 1997, el hospital de las FF.AA. Cirujano Guzm\u00e1n recibi\u00f3 la destacada visita del Premio N\u00f3bel de Medicina (1990) doctor Donnall Thomas y su esposa. En la ocasi\u00f3n fueron recibidos por el entonces Director, Capit\u00e1n de Fragata SN V\u00edctor Fern\u00e1ndez Maynard. El personal m\u00e9dico que trabaja en el Hospital de las Fuerzas Armadas Cirujano Guzm\u00e1n recibe capacitaci\u00f3n permanente a trav\u00e9s de reuniones cl\u00ednicas que, ya desde el a\u00f1o 84 se realizan peri\u00f3dicamente. Hoy, las conferencias se dictan cada mi\u00e9rcoles y en ellas, m\u00e9dicos especialistas instruyen a los profesionales participantes sobre los avances en la medicina en las diferentes \u00e1reas.<\/p>\n\n<p>Pero no s\u00f3lo la capacitaci\u00f3n es permanente y actualizada para ofrecer una mejor atenci\u00f3n. El Hospital tambi\u00e9n ha incorporado modernos equipos m\u00e9dicos para facilitar a sus pacientes la realizaci\u00f3n de ex\u00e1menes y tratamientos sin desplazarse hacia el norte del pa\u00eds.<\/p>\n\n<p>Fue en este hospital, ubicado en la esquina entre Avenida Bulnes y Capit\u00e1n Guillermos, donde en el a\u00f1o 1976 se implant\u00f3 el primer marcapasos card\u00edaco de la regi\u00f3n.<\/p>\n\n<p>Pese a ya en la d\u00e9cada de los 70 el Hospital de las FF.AA. efectuaba ex\u00e1menes endosc\u00f3picos, a partir del a\u00f1o 1993 en la regi\u00f3n de Magallanes se empez\u00f3 a escribir otra historia. El hospital se transform\u00f3 en el primer centro de la regi\u00f3n en adquirir una torre de Videoendoscop\u00eda, con lo cual dio inicio a una nueva era en esta materia. M\u00faltiples han sido hasta el d\u00eda de hoy las publicaciones m\u00e9dicas que han realizado los especialistas del hospital en las m\u00e1s importantes revistas de medicina del mundo.<\/p>\n\n<p>En mayo de 1994 llega al hospital de las FF.AA., proveniente de Israel, el primer Litotriptor de la regi\u00f3n. Hasta el d\u00eda de hoy, este equipo m\u00e9dico que destruye los c\u00e1lculos renales sin necesidad de realizar una intervenci\u00f3n quir\u00fargica abierta, es el \u00fanico que existe en toda la Patagonia chileno-argentina y hasta este hospital llegan pacientes desde Comodoro Rivadavia, R\u00edo Gallegos y otras zonas australes, aquejados por c\u00e1lculos en v\u00edas urinarias.<\/p>\n\n<p>En 1997, un scanner de \u00faltima tecnolog\u00eda se suma al equipo m\u00e9dico del servicio de imagenolog\u00eda del hospital. En tanto, con una inversi\u00f3n superior a los $300 millones, el 13 de abril de 2000 se inaugura la C\u00e1mara Hiperb\u00e1rica de la regi\u00f3n. El moderno equipo salv\u00f3 a un navegante franc\u00e9s de sufrir la amputaci\u00f3n de sus dos pies tras haber sufrido un mal de presi\u00f3n. Y, posteriormente a m\u00faltiples buzos artesanales de la zona aquejados de problemas similares hasta la fecha.<\/p>\n\n<p>En el mes de junio del mismo a\u00f1o, un equipo m\u00e9dico a cargo del doctor Roberto Negr\u00edn practic\u00f3 exitosamente la primera intervenci\u00f3n quir\u00fargica de pr\u00f3tesis de rodilla a un hombre de 66 a\u00f1os de edad.<\/p>\n\n<p>Durante toda su historia el Hospital, por el hecho de atender poblaci\u00f3n mixta (beneficiaria y no beneficiaria) y estar sujeto a las leyes de urgencia y normativas de la Rep\u00fablica, se acoge a las normas y procedimientos establecidos por el C\u00f3digo Sanitario y el MINSAL, para todos los efectos estad\u00edsticos y de normativas t\u00e9cnicas. El complemento con la salud regional se da en todos los \u00e1mbitos como por ejemplo la atenci\u00f3n de pacientes de diferentes previsiones tratando de ayudar a descongestionar la salud p\u00fablica y ser alternativa a la privada.&nbsp; La hermandad con hospital regional y tambi\u00e9n con la cl\u00ednica ha permitido innumerables veces en todos estos a\u00f1os resolver los problemas cr\u00edticos de los&nbsp; pacientes.&nbsp; A diario vamos en ayuda con unidades de sangre, o vamos a buscar alg\u00fan insumo, medicamentos o instrumental a la cl\u00ednica o al hospital. Siempre ha existido esta integraci\u00f3n&nbsp; y colaboraci\u00f3n, con la pandemia no fue necesario un gran esfuerzo, la uni\u00f3n fue como siempre efectiva y de muchos beneficio para todos.<\/p>\n<\/div>","protected":false},"excerpt":{"rendered":"","protected":false},"author":1,"featured_media":0,"parent":0,"menu_order":0,"comment_status":"closed","ping_status":"closed","template":"","meta":{"_eb_attr":"","_gspb_post_css":"","_uag_custom_page_level_css":"","site-sidebar-layout":"default","site-content-layout":"","ast-site-content-layout":"","site-content-style":"default","site-sidebar-style":"default","ast-global-header-display":"","ast-banner-title-visibility":"","ast-main-header-display":"","ast-hfb-above-header-display":"","ast-hfb-below-header-display":"","ast-hfb-mobile-header-display":"","site-post-title":"disabled","ast-breadcrumbs-content":"","ast-featured-img":"","footer-sml-layout":"","theme-transparent-header-meta":"","adv-header-id-meta":"","stick-header-meta":"","header-above-stick-meta":"","header-main-stick-meta":"","header-below-stick-meta":"","astra-migrate-meta-layouts":"default","ast-page-background-enabled":"default","ast-page-background-meta":{"desktop":{"background-color":"var(--ast-global-color-4)","background-image":"","background-repeat":"repeat","background-position":"center center","background-size":"auto","background-attachment":"scroll","background-type":"","background-media":"","overlay-type":"","overlay-color":"","overlay-opacity":"","overlay-gradient":""},"tablet":{"background-color":"","background-image":"","background-repeat":"repeat","background-position":"center center","background-size":"auto","background-attachment":"scroll","background-type":"","background-media":"","overlay-type":"","overlay-color":"","overlay-opacity":"","overlay-gradient":""},"mobile":{"background-color":"","background-image":"","background-repeat":"repeat","background-position":"center center","background-size":"auto","background-attachment":"scroll","background-type":"","background-media":"","overlay-type":"","overlay-color":"","overlay-opacity":"","overlay-gradient":""}},"ast-content-background-meta":{"desktop":{"background-color":"var(--ast-global-color-5)","background-image":"","background-repeat":"repeat","background-position":"center center","background-size":"auto","background-attachment":"scroll","background-type":"","background-media":"","overlay-type":"","overlay-color":"","overlay-opacity":"","overlay-gradient":""},"tablet":{"background-color":"var(--ast-global-color-5)","background-image":"","background-repeat":"repeat","background-position":"center center","background-size":"auto","background-attachment":"scroll","background-type":"","background-media":"","overlay-type":"","overlay-color":"","overlay-opacity":"","overlay-gradient":""},"mobile":{"background-color":"var(--ast-global-color-5)","background-image":"","background-repeat":"repeat","background-position":"center center","background-size":"auto","background-attachment":"scroll","background-type":"","background-media":"","overlay-type":"","overlay-color":"","overlay-opacity":"","overlay-gradient":""}},"_themeisle_gutenberg_block_has_review":false,"footnotes":""},"class_list":["post-34","page","type-page","status-publish","hentry"],"uagb_featured_image_src":{"full":false,"thumbnail":false,"medium":false,"medium_large":false,"large":false,"gs-tiny":false,"xl":false,"xxl":false,"xxxl":false,"xxxxl":false,"xxxxxl":false,"1536x1536":false,"2048x2048":false,"ultp_layout_landscape_large":false,"ultp_layout_landscape":false,"ultp_layout_portrait":false,"ultp_layout_square":false},"uagb_author_info":{"display_name":false,"author_link":false},"uagb_comment_info":0,"uagb_excerpt":null,"rttpg_featured_image_url":null,"rttpg_author":{"display_name":false,"author_link":false},"rttpg_comment":0,"rttpg_category":null,"rttpg_excerpt":null,"_links":{"self":[{"href":"https:\/\/www.hospitalnavalmagallanes.cl\/index.php?rest_route=\/wp\/v2\/pages\/34","targetHints":{"allow":["GET"]}}],"collection":[{"href":"https:\/\/www.hospitalnavalmagallanes.cl\/index.php?rest_route=\/wp\/v2\/pages"}],"about":[{"href":"https:\/\/www.hospitalnavalmagallanes.cl\/index.php?rest_route=\/wp\/v2\/types\/page"}],"author":[{"embeddable":true,"href":"https:\/\/www.hospitalnavalmagallanes.cl\/index.php?rest_route=\/wp\/v2\/users\/1"}],"replies":[{"embeddable":true,"href":"https:\/\/www.hospitalnavalmagallanes.cl\/index.php?rest_route=%2Fwp%2Fv2%2Fcomments&post=34"}],"version-history":[{"count":23,"href":"https:\/\/www.hospitalnavalmagallanes.cl\/index.php?rest_route=\/wp\/v2\/pages\/34\/revisions"}],"predecessor-version":[{"id":643,"href":"https:\/\/www.hospitalnavalmagallanes.cl\/index.php?rest_route=\/wp\/v2\/pages\/34\/revisions\/643"}],"wp:attachment":[{"href":"https:\/\/www.hospitalnavalmagallanes.cl\/index.php?rest_route=%2Fwp%2Fv2%2Fmedia&parent=34"}],"curies":[{"name":"wp","href":"https:\/\/api.w.org\/{rel}","templated":true}]}}