{"id":524,"date":"2022-11-29T14:58:02","date_gmt":"2022-11-29T14:58:02","guid":{"rendered":"https:\/\/www.hospitalnavalmagallanes.cl\/?page_id=524"},"modified":"2022-11-29T19:55:36","modified_gmt":"2022-11-29T19:55:36","slug":"ley-ricarte-soto","status":"publish","type":"page","link":"https:\/\/www.hospitalnavalmagallanes.cl\/?page_id=524","title":{"rendered":"Ley Ricarte Soto"},"content":{"rendered":"\n<div id=\"wp-block-themeisle-blocks-advanced-columns-2479a4af\" class=\"wp-block-themeisle-blocks-advanced-columns has-1-columns has-desktop-equal-layout has-tablet-equal-layout has-mobile-equal-layout has-vertical-unset\"><div class=\"wp-block-themeisle-blocks-advanced-columns-overlay\"><\/div><div class=\"innerblocks-wrap\">\n<div id=\"wp-block-themeisle-blocks-advanced-column-b6770952\" class=\"wp-block-themeisle-blocks-advanced-column\">\n<div class=\"wp-block-uagb-advanced-heading uagb-block-8c1a54f8 animated zoomIn\"><h2 class=\"uagb-heading-text\"><strong>LEY RICARTE SOTO<\/strong><\/h2><div class=\"uagb-separator\"><\/div><\/div>\n<\/div>\n<\/div><\/div>\n\n\n\n<div class=\"wp-block-uagb-container uagb-block-8c211a2c alignfull uagb-is-root-container\"><div class=\"uagb-container-inner-blocks-wrap\">\n<div class=\"wp-block-uagb-info-box uagb-block-4186ea6b uagb-infobox__content-wrap  uagb-infobox-icon-above-title uagb-infobox-image-valign-top\"><div class=\"uagb-ifb-content\"><div class=\"uagb-ifb-title-wrap\"><h5 class=\"uagb-ifb-title\"><strong>\u00bfQu\u00e9 es la Ley Ricarte Soto? (20.850)<\/strong><\/h5><\/div><p class=\"uagb-ifb-desc\">La Ley N\u00ba 20.850 cre\u00f3 un Sistema de Protecci\u00f3n Financiera para Diagn\u00f3sticos y Tratamientos de Alto Costo, de car\u00e1cter universal, que es asegurado por el FONASA a todos los beneficiarios de los sistemas previsionales de salud de Chile. Esto es, isapres, Fonasa y las Instituciones de Salud Previsional de las Fuerzas Armadas y de Orden y de Seguridad P\u00fablica. &nbsp;&nbsp;<\/p><\/div><\/div>\n\n\n\n<div class=\"wp-block-uagb-info-box uagb-block-e4a74c9c uagb-infobox__content-wrap  uagb-infobox-icon-above-title uagb-infobox-image-valign-top\"><div class=\"uagb-ifb-content\"><div class=\"uagb-ifb-title-wrap\"><h5 class=\"uagb-ifb-title\"><strong>\u00bfQu\u00e9 cubre el Sistema de Protecci\u00f3n Financiera en el contexto de la Ley Ricarte Soto?<\/strong><\/h5><\/div><p class=\"uagb-ifb-desc\">Cubre el 100% del valor de los medicamentos, dispositivos m\u00e9dicos o alimentos de alto costo, que se encuentran expresamente garantizados para cada problema de salud definido, seg\u00fan el decreto que los fija. Para algunos de estos problemas de salud, tambi\u00e9n garantiza la cobertura del examen de confirmaci\u00f3n diagn\u00f3stica definido, ex\u00e1menes espec\u00edficos que, siendo tambi\u00e9n de alto costo, le permitir\u00e1n verificar si posee el problema de salud.<\/p><\/div><\/div>\n\n\n\n<div class=\"wp-block-uagb-info-box uagb-block-4bc10956 uagb-infobox__content-wrap  uagb-infobox-icon-above-title uagb-infobox-image-valign-top\"><div class=\"uagb-ifb-content\"><div class=\"uagb-ifb-title-wrap\"><h5 class=\"uagb-ifb-title\"><strong>\u00bfC\u00f3mo acceder a los beneficios de la Ley Ricarte Soto?<\/strong><\/h5><\/div><p class=\"uagb-ifb-desc\">El m\u00e9dico especialista que cuenta con la sospecha fundada de que el beneficiario tiene un diagn\u00f3stico o requiere un tratamiento de alto costo garantizado por esta ley, efectuar\u00e1 la postulaci\u00f3n del beneficiario a este Sistema de Protecci\u00f3n Financiera en la plataforma web del Fonasa.<br>Los criterios de inclusi\u00f3n para los beneficiarios est\u00e1n definidos en los&nbsp;<a href=\"https:\/\/www.supersalud.gob.cl\/difusion\/665\/w3-propertyvalue-6088.html\">Protocolos dictados por el Ministerio de Salud.<\/a><br>Para cada problema de salud se define si la evaluaci\u00f3n para la incorporaci\u00f3n al Sistema corresponder\u00e1 a la confirmaci\u00f3n diagn\u00f3stica por el establecimiento que entrega el examen requerido o a la aprobaci\u00f3n por el comit\u00e9 de expertos cl\u00ednicos, seg\u00fan se trate.<br>El prestador autorizado en la Regi\u00f3n de Magallanes, para otorgar los beneficios de esta Ley, es el Hospital Cl\u00ednico Magallanes, por lo que si un paciente requiere ser evaluado por m\u00e9dico especialista ser\u00e1 derivado con carta orden a dicho hospital, y se iniciar\u00e1 el proceso de postulaci\u00f3n del beneficiario al Sistema de Protecci\u00f3n Financiera.<\/p><\/div><\/div>\n\n\n\n<div class=\"wp-block-uagb-info-box uagb-block-2b3c0fde uagb-infobox__content-wrap  uagb-infobox-icon-above-title uagb-infobox-image-valign-top\"><div class=\"uagb-ifb-content\"><div class=\"uagb-ifb-title-wrap\"><h5 class=\"uagb-ifb-title\"><strong><strong>\u00bfC\u00f3mo saber si el tratamiento de alto costo tendr\u00e1 Protecci\u00f3n Financiera?<\/strong><\/strong><\/h5><\/div><p class=\"uagb-ifb-desc\">Es responsabilidad del m\u00e9dico tratante informarle sobre las prestaciones garantizadas del Sistema. Adem\u00e1s, puede consultar a trav\u00e9s de los canales de atenci\u00f3n disponibles en Superintendencia de Salud, Ministerio de Salud y Fonasa.<\/p><\/div><\/div>\n<\/div><\/div>\n\n\n\n<div class=\"wp-block-uagb-container uagb-block-2762db3c alignfull uagb-is-root-container\"><div class=\"uagb-container-inner-blocks-wrap\">\n<div class=\"wp-block-uagb-container uagb-block-0fe1b7d4\">\n<div class=\"wp-block-uagb-advanced-heading uagb-block-295c4a54 animated zoomIn\"><h2 class=\"uagb-heading-text\"><strong>Problemas de Salud con Garant\u00edas (LRS)<\/strong><\/h2><div class=\"uagb-separator\"><\/div><\/div>\n<\/div>\n\n\n\n<div class=\"wp-block-uagb-container uagb-block-aa1f75ab\">\n<div class=\"wp-block-uagb-info-box uagb-block-2f5e426e uagb-infobox__content-wrap  uagb-infobox-icon-above-title uagb-infobox-image-valign-top\"><div class=\"uagb-ifb-content\"><div class=\"uagb-ifb-title-wrap\"><h6 class=\"uagb-ifb-title\"><strong><em>Angiodema Hereditario<\/em><\/strong><br>Tratamiento con inhibidor de C1 esterasa.<br><strong><em>\u00a0<\/em><\/strong><br><strong><em>Artritis Psori\u00e1sica moderada o grave refractaria a tratamiento habitual<\/em><\/strong><br>Tratamiento con Golimumab o Etanercept o Adalimumab o Secukinumab.<br>\u00a0<br><strong><em>Artritis Reumatoide activa refractaria a tratamiento habitual<\/em><\/strong><br>Tratamiento con Etanercept o Abatacept o Adalimumab o Golimumab o Tocilizumab o Tofacitinib o Rituximab.<br>\u00a0<br><strong><em>Ayudas t\u00e9cnicas para esclerosis lateral amiotr\u00f3fica moderada o severa<\/em><\/strong><br>Tratamiento con ayudas t\u00e9cnicas para el desempe\u00f1o de las actividades de la vida diaria, para el tratamiento rehabilitador y para el soporte vital.<br>\u00a0<br><strong><em>C\u00e1ncer de Mama HER2+<\/em><\/strong><br>Tratamiento basado en Trastuzumab.<br>\u00a0<br><strong><em>Diabetes tipo 1 inestable severa<\/em><\/strong><br>Tratamiento basado en la administraci\u00f3n de insulina, a trav\u00e9s de infusores subcut\u00e1neos de insulina (bombas de insulina).<br>\u00a0<br><strong><em>Dispositivos de uso m\u00e9dico para epiderm\u00f3lisis bullosa distr\u00f3fica o juntural<\/em><\/strong><br>Tratamiento con dispositivos de uso m\u00e9dico para curaciones.<br>\u00a0<br><strong><em>Diston\u00eda Generalizada<\/em><\/strong><br>Dispositivo de estimulaci\u00f3n cerebral profunda.<br>\u00a0<br><strong><em>Enfermedad de Crohn grave refractaria a tratamiento habitual<\/em><\/strong><br>Tratamiento con Infliximab o Adalimumab.<br>\u00a0<br><strong><em>Enfermedad de Fabry<\/em><\/strong><br>Diagn\u00f3stico y tratamiento basado en Agalsidasa.<br>\u00a0<br><strong><em>Enfermedad de Gaucher<\/em><\/strong><br>Diagn\u00f3stico y tratamiento basado en Taliglucerasa o Imiglucerasa.<br>\u00a0<br><strong><em>Enfermedad progresiva de Tumores Neuroendocrinos Pancre\u00e1ticos<\/em><\/strong><br>Tratamiento con Sunitinib o Everolimus.<br>\u00a0<br><strong><em>Esclerosis M\u00faltiple recurrente remitente con falla a tratamiento con inmunomoduladores y Esclerosis M\u00faltiple primaria progresiva<\/em><\/strong><br>Tratamiento de Segunda L\u00ednea Basado en Fingolimod o Natalizumab o Alemtuzumab o Cladribina u Ocrelizumab.<br>\u00a0<br><strong><em>Hipertensi\u00f3n Arterial Pulmonar Grupo I<\/em><\/strong><br>Diagn\u00f3stico y Tratamiento Basado en Iloprost Inhalatorio o Ambrisent\u00e1n o Bosent\u00e1n.<br>\u00a0<br><strong><em>Hipoacusia sensorioneural bilateral severa o profunda postlocutiva<\/em><\/strong><br>Dispositivo de Implante Coclear unilateral.<br>\u00a0<br><strong><em>Mielofibrosis primaria o secundaria a otras neoplasias mieloproliferativas,<\/em><\/strong><br>Tratamiento con Ruxolitinib.<br><br><strong><em>Mucopolisacaridosis Tipo I<\/em><\/strong><br>Diagn\u00f3stico y Tratamiento basado en Laronidasa.<br>\u00a0<br><strong><em>Mucopolisacaridosis Tipo II<\/em><\/strong><br>Diagn\u00f3stico y Tratamiento basado en Indursulfasa.<br>\u00a0<br><strong><em>Mucopolisacaridosis Tipo VI<\/em><\/strong><br>Diagn\u00f3stico y Tratamiento basado en Galsulfasa.<br>\u00a0<br><strong><em>Nutrici\u00f3n Enteral domiciliaria total o parcial, para personas cuya condici\u00f3n de salud imposibilita la alimentaci\u00f3n por v\u00eda oral<\/em><\/strong><br>\u00a0<br><strong><em>Profilaxis del virus respiratorio sincicial para prematuros menores de 32 semanas y lactantes menores de 1 a\u00f1o con cardiopat\u00edas cong\u00e9nitas hemodin\u00e1micamente significativas no resueltas o cardiopat\u00edas cian\u00f3ticas secundarias<\/em><\/strong><br>Profilaxis con Palivizumab.<br>\u00a0<br><strong><em>Tirosinemia Tipo I<\/em><\/strong><br>Diagn\u00f3stico y Tratamiento basado en Nitisinona.<br>\u00a0<br><strong><em>Tratamiento Colitis Ulcerosa moderada o grave, refractaria al tratamiento de primera l\u00ednea<\/em><\/strong><br>Tratamiento con Golimumab o Adalimumab o Infliximab.<br>\u00a0<br><strong><em>Tratamiento de Inmunodeficiencias Primarias<\/em><\/strong><br>Tratamiento con Inmunoglobulina G endovenosa o Inmunoglobulina G subcut\u00e1nea.<br>\u00a0<br><strong><em>Tratamiento Lupus Eritematoso Sist\u00e9mico con compromiso cut\u00e1neo o articular refractario a tratamiento habitual<\/em><\/strong><br>Tratamiento con Belimumab.<br>\u00a0<br><strong><em>Tratamiento para la Corea en personas con Enfermedad de Huntington<\/em><\/strong><br>Tratamiento con Tetrabenazina.<br>\u00a0<br><strong><em>Tumores del Estroma Gastrointestinal no resecables o Met\u00e1stasicos<\/em><\/strong><br>Tratamiento con Imatinib o Sunitinib.<\/h6><\/div><\/div><\/div>\n<\/div>\n<\/div><\/div>\n","protected":false},"excerpt":{"rendered":"<p>Problemas de Salud con Garant\u00edas (LRS)<\/p>\n","protected":false},"author":1,"featured_media":0,"parent":0,"menu_order":0,"comment_status":"closed","ping_status":"closed","template":"","meta":{"_eb_attr":"","_gspb_post_css":"","_uag_custom_page_level_css":"","site-sidebar-layout":"default","site-content-layout":"","ast-site-content-layout":"","site-content-style":"default","site-sidebar-style":"default","ast-global-header-display":"","ast-banner-title-visibility":"","ast-main-header-display":"","ast-hfb-above-header-display":"","ast-hfb-below-header-display":"","ast-hfb-mobile-header-display":"","site-post-title":"disabled","ast-breadcrumbs-content":"","ast-featured-img":"","footer-sml-layout":"","theme-transparent-header-meta":"","adv-header-id-meta":"","stick-header-meta":"","header-above-stick-meta":"","header-main-stick-meta":"","header-below-stick-meta":"","astra-migrate-meta-layouts":"default","ast-page-background-enabled":"default","ast-page-background-meta":{"desktop":{"background-color":"var(--ast-global-color-4)","background-image":"","background-repeat":"repeat","background-position":"center center","background-size":"auto","background-attachment":"scroll","background-type":"","background-media":"","overlay-type":"","overlay-color":"","overlay-opacity":"","overlay-gradient":""},"tablet":{"background-color":"","background-image":"","background-repeat":"repeat","background-position":"center center","background-size":"auto","background-attachment":"scroll","background-type":"","background-media":"","overlay-type":"","overlay-color":"","overlay-opacity":"","overlay-gradient":""},"mobile":{"background-color":"","background-image":"","background-repeat":"repeat","background-position":"center center","background-size":"auto","background-attachment":"scroll","background-type":"","background-media":"","overlay-type":"","overlay-color":"","overlay-opacity":"","overlay-gradient":""}},"ast-content-background-meta":{"desktop":{"background-color":"var(--ast-global-color-5)","background-image":"","background-repeat":"repeat","background-position":"center center","background-size":"auto","background-attachment":"scroll","background-type":"","background-media":"","overlay-type":"","overlay-color":"","overlay-opacity":"","overlay-gradient":""},"tablet":{"background-color":"var(--ast-global-color-5)","background-image":"","background-repeat":"repeat","background-position":"center center","background-size":"auto","background-attachment":"scroll","background-type":"","background-media":"","overlay-type":"","overlay-color":"","overlay-opacity":"","overlay-gradient":""},"mobile":{"background-color":"var(--ast-global-color-5)","background-image":"","background-repeat":"repeat","background-position":"center center","background-size":"auto","background-attachment":"scroll","background-type":"","background-media":"","overlay-type":"","overlay-color":"","overlay-opacity":"","overlay-gradient":""}},"_themeisle_gutenberg_block_has_review":false,"footnotes":""},"class_list":["post-524","page","type-page","status-publish","hentry"],"uagb_featured_image_src":{"full":false,"thumbnail":false,"medium":false,"medium_large":false,"large":false,"gs-tiny":false,"xl":false,"xxl":false,"xxxl":false,"xxxxl":false,"xxxxxl":false,"1536x1536":false,"2048x2048":false,"ultp_layout_landscape_large":false,"ultp_layout_landscape":false,"ultp_layout_portrait":false,"ultp_layout_square":false},"uagb_author_info":{"display_name":false,"author_link":false},"uagb_comment_info":0,"uagb_excerpt":"Problemas de Salud con Garant\u00edas (LRS)","rttpg_featured_image_url":null,"rttpg_author":{"display_name":false,"author_link":false},"rttpg_comment":0,"rttpg_category":null,"rttpg_excerpt":"Problemas de Salud con Garant\u00edas (LRS)","_links":{"self":[{"href":"https:\/\/www.hospitalnavalmagallanes.cl\/index.php?rest_route=\/wp\/v2\/pages\/524","targetHints":{"allow":["GET"]}}],"collection":[{"href":"https:\/\/www.hospitalnavalmagallanes.cl\/index.php?rest_route=\/wp\/v2\/pages"}],"about":[{"href":"https:\/\/www.hospitalnavalmagallanes.cl\/index.php?rest_route=\/wp\/v2\/types\/page"}],"author":[{"embeddable":true,"href":"https:\/\/www.hospitalnavalmagallanes.cl\/index.php?rest_route=\/wp\/v2\/users\/1"}],"replies":[{"embeddable":true,"href":"https:\/\/www.hospitalnavalmagallanes.cl\/index.php?rest_route=%2Fwp%2Fv2%2Fcomments&post=524"}],"version-history":[{"count":29,"href":"https:\/\/www.hospitalnavalmagallanes.cl\/index.php?rest_route=\/wp\/v2\/pages\/524\/revisions"}],"predecessor-version":[{"id":557,"href":"https:\/\/www.hospitalnavalmagallanes.cl\/index.php?rest_route=\/wp\/v2\/pages\/524\/revisions\/557"}],"wp:attachment":[{"href":"https:\/\/www.hospitalnavalmagallanes.cl\/index.php?rest_route=%2Fwp%2Fv2%2Fmedia&parent=524"}],"curies":[{"name":"wp","href":"https:\/\/api.w.org\/{rel}","templated":true}]}}