{"id":685,"date":"2022-12-26T12:23:09","date_gmt":"2022-12-26T12:23:09","guid":{"rendered":"https:\/\/www.hospitalnavalmagallanes.cl\/?page_id=685"},"modified":"2023-02-07T20:27:20","modified_gmt":"2023-02-07T20:27:20","slug":"uci","status":"publish","type":"page","link":"https:\/\/www.hospitalnavalmagallanes.cl\/?page_id=685","title":{"rendered":"UCI"},"content":{"rendered":"\n<div id=\"wp-block-themeisle-blocks-advanced-columns-494968a3\" class=\"wp-block-themeisle-blocks-advanced-columns has-1-columns has-desktop-equal-layout has-tablet-equal-layout has-mobile-equal-layout has-vertical-unset\"><div class=\"wp-block-themeisle-blocks-advanced-columns-overlay\"><\/div><div class=\"innerblocks-wrap\">\n<div id=\"wp-block-themeisle-blocks-advanced-column-b6723fa9\" class=\"wp-block-themeisle-blocks-advanced-column\">\n<br>\n\n\n\n<div class=\"wp-block-cover is-light is-style-tw-border-inner tw-stretched-link tw-hover-opacity\" style=\"min-height:314px;aspect-ratio:unset;\"><span aria-hidden=\"true\" class=\"wp-block-cover__background has-ast-global-color-0-background-color has-background-dim-40 has-background-dim\"><\/span><img decoding=\"async\" width=\"545\" height=\"409\" sizes=\"(max-width: 799px) 200vw, (max-width: 545px) 100vw, 545px\" class=\"wp-block-cover__image-background wp-image-687\" alt=\"\" src=\"https:\/\/www.hospitalnavalmagallanes.cl\/wp-content\/uploads\/2022\/12\/uci.jpg\" data-object-fit=\"cover\" srcset=\"https:\/\/www.hospitalnavalmagallanes.cl\/wp-content\/uploads\/2022\/12\/uci.jpg 545w, https:\/\/www.hospitalnavalmagallanes.cl\/wp-content\/uploads\/2022\/12\/uci-300x225.jpg 300w\" \/><div class=\"wp-block-cover__inner-container is-layout-flow wp-block-cover-is-layout-flow\">\n<p class=\"has-text-align-center has-large-font-size\">UNIDAD PACIENTE CR\u00cdTICO<\/p>\n<\/div><\/div>\n<\/div>\n<\/div><\/div>\n\n\n\n<br>\nEl Servicio de Unidad de Paciente Cr\u00edtico tiene la misi\u00f3n de proporcionar cuidados m\u00e9dicos y de enfermer\u00eda a usuarios activos y retirados de las FF.AA. y de Orden, a sus respectivas cargas familiares y usuarios de la comunidad, mayores de 15 a\u00f1os, que se encuentren en estado cr\u00edtico. Se realiza a trav\u00e9s de un equipo multidisciplinario de alta competencia profesional, utilizando los recursos disponibles para asegurar una atenci\u00f3n de salud integral, oportuna y eficiente, basada en los principios de la dignidad humana y el respeto a la vida seg\u00fan las normas vigentes Institucionales.\n\n\n\n<div class=\"wp-block-columns is-layout-flex wp-container-core-columns-is-layout-6c3a7f47 wp-block-columns-is-layout-flex\" style=\"padding-top:0px;padding-right:0px;padding-bottom:0px;padding-left:0px\">\n<div class=\"wp-block-column is-layout-flow wp-block-column-is-layout-flow\" style=\"--col-width:66.66%;flex-basis:66.66%\">\n<div class=\"wp-block-essential-blocks-advanced-heading\"><div class=\"eb-parent-wrapper eb-parent-eb-advance-heading-juhyy1j \"><div class=\"eb-advance-heading-wrapper eb-advance-heading-juhyy1j button-1\" data-id=\"eb-advance-heading-juhyy1j\"><h2 class=\"eb-ah-title\">Objetivos<\/h2><div class=\"eb-ah-separator line\"><\/div><\/div><\/div><\/div>\n\n\n\n<ul style=\"margin: 20px\">\n<li>Optimizar los procesos de atenci\u00f3n cl\u00ednica entregada a los pacientes que presenten falla de uno o m\u00e1s \u00f3rganos que requieran soporte vital y que deban ser ingresados a la Unidad.<\/li>\n<li>Entregar una atenci\u00f3n m\u00e9dica y de enfermer\u00eda humanizada e integral.<\/li>\n<li>Optimizar la coordinaci\u00f3n con otros servicios como son: urgencia de adultos, pabell\u00f3n, m\u00e9dico quir\u00fargico y otros servicios de apoyo cl\u00ednico,  as\u00ed como con las  Instituciones de la Red Asistencial, constituy\u00e9ndose en ente facilitador de la atenci\u00f3n entregada por el equipo de salud al usuario.<\/li>\n<\/ul>\n\n\n\n<div class=\"wp-block-essential-blocks-advanced-heading\"><div class=\"eb-parent-wrapper eb-parent-eb-advance-heading-2zonh4h \"><div class=\"eb-advance-heading-wrapper eb-advance-heading-2zonh4h button-1\" data-id=\"eb-advance-heading-2zonh4h\"><h2 class=\"eb-ah-title\">Beneficiarios<\/h2><div class=\"eb-ah-separator line\"><\/div><\/div><\/div><\/div>\n\n\n\nAl personal activo y retirado de las FF.AA. y de Orden y a sus respectivas cargas familiares. Adem\u00e1s a los usuarios de la comunidad  beneficiarios de FONASA, ISAPRE o particular, mayores de 15 a\u00f1os.\n<\/div>\n\n\n\n<div class=\"wp-block-column is-layout-flow wp-block-column-is-layout-flow\" style=\"--col-width:33.33%;flex-basis:33.33%\">\n<div class=\"wp-block-essential-blocks-advanced-heading\"><div class=\"eb-parent-wrapper eb-parent-eb-advance-heading-tilwa9l \"><div class=\"eb-advance-heading-wrapper eb-advance-heading-tilwa9l button-1\" data-id=\"eb-advance-heading-tilwa9l\"><h2 class=\"eb-ah-title\">Horarios<\/h2><div class=\"eb-ah-separator line\"><\/div><\/div><\/div><\/div>\n\n\n\nHorario de visitas a pacientes hospitalizados en UCI es de lunes a domingo de 12:00 a 12:30 hrs y en la tarde de 17:30 a 18:00 hrs.<br>\nDurante el horario de visita a su familiar, podr\u00e1 ingresar s\u00f3lo una persona a la vez, pudiendo intercambiarse con otra durante la media hora asignada. Adem\u00e1s puede contactarse al siguiente tel\u00e9fono para obtener informaci\u00f3n sobre sus familiares.<br><br>\nFONO 61-2207538.<br><br>\nSugerimos asignar a una sola persona para transmitir la informaci\u00f3n al resto de la familia.<br>\n<\/div>\n<\/div>\n","protected":false},"excerpt":{"rendered":"<p>El Servicio de Unidad de Paciente Cr\u00edtico tiene la misi\u00f3n de proporcionar cuidados m\u00e9dicos y de enfermer\u00eda a usuarios activos y retirados de las FF.AA. y de Orden, a sus respectivas cargas familiares y usuarios de la comunidad, mayores de 15 a\u00f1os, que se encuentren en estado cr\u00edtico. Se realiza a trav\u00e9s de un equipo [&hellip;]<\/p>\n","protected":false},"author":1,"featured_media":0,"parent":0,"menu_order":0,"comment_status":"closed","ping_status":"closed","template":"","meta":{"_eb_attr":"","_gspb_post_css":"","_uag_custom_page_level_css":"","site-sidebar-layout":"default","site-content-layout":"","ast-site-content-layout":"","site-content-style":"default","site-sidebar-style":"default","ast-global-header-display":"","ast-banner-title-visibility":"","ast-main-header-display":"","ast-hfb-above-header-display":"","ast-hfb-below-header-display":"","ast-hfb-mobile-header-display":"","site-post-title":"disabled","ast-breadcrumbs-content":"","ast-featured-img":"","footer-sml-layout":"","theme-transparent-header-meta":"","adv-header-id-meta":"","stick-header-meta":"","header-above-stick-meta":"","header-main-stick-meta":"","header-below-stick-meta":"","astra-migrate-meta-layouts":"default","ast-page-background-enabled":"default","ast-page-background-meta":{"desktop":{"background-color":"var(--ast-global-color-4)","background-image":"","background-repeat":"repeat","background-position":"center center","background-size":"auto","background-attachment":"scroll","background-type":"","background-media":"","overlay-type":"","overlay-color":"","overlay-opacity":"","overlay-gradient":""},"tablet":{"background-color":"","background-image":"","background-repeat":"repeat","background-position":"center center","background-size":"auto","background-attachment":"scroll","background-type":"","background-media":"","overlay-type":"","overlay-color":"","overlay-opacity":"","overlay-gradient":""},"mobile":{"background-color":"","background-image":"","background-repeat":"repeat","background-position":"center center","background-size":"auto","background-attachment":"scroll","background-type":"","background-media":"","overlay-type":"","overlay-color":"","overlay-opacity":"","overlay-gradient":""}},"ast-content-background-meta":{"desktop":{"background-color":"var(--ast-global-color-5)","background-image":"","background-repeat":"repeat","background-position":"center center","background-size":"auto","background-attachment":"scroll","background-type":"","background-media":"","overlay-type":"","overlay-color":"","overlay-opacity":"","overlay-gradient":""},"tablet":{"background-color":"var(--ast-global-color-5)","background-image":"","background-repeat":"repeat","background-position":"center center","background-size":"auto","background-attachment":"scroll","background-type":"","background-media":"","overlay-type":"","overlay-color":"","overlay-opacity":"","overlay-gradient":""},"mobile":{"background-color":"var(--ast-global-color-5)","background-image":"","background-repeat":"repeat","background-position":"center center","background-size":"auto","background-attachment":"scroll","background-type":"","background-media":"","overlay-type":"","overlay-color":"","overlay-opacity":"","overlay-gradient":""}},"_themeisle_gutenberg_block_has_review":false,"footnotes":""},"class_list":["post-685","page","type-page","status-publish","hentry"],"uagb_featured_image_src":{"full":false,"thumbnail":false,"medium":false,"medium_large":false,"large":false,"gs-tiny":false,"xl":false,"xxl":false,"xxxl":false,"xxxxl":false,"xxxxxl":false,"1536x1536":false,"2048x2048":false,"ultp_layout_landscape_large":false,"ultp_layout_landscape":false,"ultp_layout_portrait":false,"ultp_layout_square":false},"uagb_author_info":{"display_name":false,"author_link":false},"uagb_comment_info":0,"uagb_excerpt":"El Servicio de Unidad de Paciente Cr\u00edtico tiene la misi\u00f3n de proporcionar cuidados m\u00e9dicos y de enfermer\u00eda a usuarios activos y retirados de las FF.AA. y de Orden, a sus respectivas cargas familiares y usuarios de la comunidad, mayores de 15 a\u00f1os, que se encuentren en estado cr\u00edtico. Se realiza a trav\u00e9s de un equipo&hellip;","rttpg_featured_image_url":null,"rttpg_author":{"display_name":false,"author_link":false},"rttpg_comment":0,"rttpg_category":null,"rttpg_excerpt":"El Servicio de Unidad de Paciente Cr\u00edtico tiene la misi\u00f3n de proporcionar cuidados m\u00e9dicos y de enfermer\u00eda a usuarios activos y retirados de las FF.AA. y de Orden, a sus respectivas cargas familiares y usuarios de la comunidad, mayores de 15 a\u00f1os, que se encuentren en estado cr\u00edtico. Se realiza a trav\u00e9s de un equipo&hellip;","_links":{"self":[{"href":"https:\/\/www.hospitalnavalmagallanes.cl\/index.php?rest_route=\/wp\/v2\/pages\/685","targetHints":{"allow":["GET"]}}],"collection":[{"href":"https:\/\/www.hospitalnavalmagallanes.cl\/index.php?rest_route=\/wp\/v2\/pages"}],"about":[{"href":"https:\/\/www.hospitalnavalmagallanes.cl\/index.php?rest_route=\/wp\/v2\/types\/page"}],"author":[{"embeddable":true,"href":"https:\/\/www.hospitalnavalmagallanes.cl\/index.php?rest_route=\/wp\/v2\/users\/1"}],"replies":[{"embeddable":true,"href":"https:\/\/www.hospitalnavalmagallanes.cl\/index.php?rest_route=%2Fwp%2Fv2%2Fcomments&post=685"}],"version-history":[{"count":18,"href":"https:\/\/www.hospitalnavalmagallanes.cl\/index.php?rest_route=\/wp\/v2\/pages\/685\/revisions"}],"predecessor-version":[{"id":1221,"href":"https:\/\/www.hospitalnavalmagallanes.cl\/index.php?rest_route=\/wp\/v2\/pages\/685\/revisions\/1221"}],"wp:attachment":[{"href":"https:\/\/www.hospitalnavalmagallanes.cl\/index.php?rest_route=%2Fwp%2Fv2%2Fmedia&parent=685"}],"curies":[{"name":"wp","href":"https:\/\/api.w.org\/{rel}","templated":true}]}}