{"id":762,"date":"2022-12-27T18:55:44","date_gmt":"2022-12-27T18:55:44","guid":{"rendered":"https:\/\/www.hospitalnavalmagallanes.cl\/?page_id=762"},"modified":"2023-02-07T20:27:44","modified_gmt":"2023-02-07T20:27:44","slug":"urgencia","status":"publish","type":"page","link":"https:\/\/www.hospitalnavalmagallanes.cl\/?page_id=762","title":{"rendered":"Urgencia"},"content":{"rendered":"\n<br>\n\n\n\n<div id=\"wp-block-themeisle-blocks-advanced-columns-494968a3\" class=\"wp-block-themeisle-blocks-advanced-columns has-1-columns has-desktop-equal-layout has-tablet-equal-layout has-mobile-equal-layout has-vertical-unset\"><div class=\"wp-block-themeisle-blocks-advanced-columns-overlay\"><\/div><div class=\"innerblocks-wrap\">\n<div id=\"wp-block-themeisle-blocks-advanced-column-b6723fa9\" class=\"wp-block-themeisle-blocks-advanced-column\">\n<div class=\"wp-block-cover is-light is-style-tw-border-inner tw-stretched-link tw-hover-opacity\" style=\"min-height:314px;aspect-ratio:unset;\"><span aria-hidden=\"true\" class=\"wp-block-cover__background has-ast-global-color-0-background-color has-background-dim-40 has-background-dim\"><\/span><img decoding=\"async\" width=\"2000\" height=\"1502\" sizes=\"(max-width: 799px) 200vw, (max-width: 2000px) 100vw, 2000px\" class=\"wp-block-cover__image-background wp-image-766\" alt=\"\" src=\"https:\/\/www.hospitalnavalmagallanes.cl\/wp-content\/uploads\/2022\/12\/URGENCIA.jpg\" style=\"object-position:48% 36%\" data-object-fit=\"cover\" data-object-position=\"48% 36%\" srcset=\"https:\/\/www.hospitalnavalmagallanes.cl\/wp-content\/uploads\/2022\/12\/URGENCIA.jpg 2000w, https:\/\/www.hospitalnavalmagallanes.cl\/wp-content\/uploads\/2022\/12\/URGENCIA-300x225.jpg 300w, https:\/\/www.hospitalnavalmagallanes.cl\/wp-content\/uploads\/2022\/12\/URGENCIA-1024x769.jpg 1024w, https:\/\/www.hospitalnavalmagallanes.cl\/wp-content\/uploads\/2022\/12\/URGENCIA-768x577.jpg 768w, https:\/\/www.hospitalnavalmagallanes.cl\/wp-content\/uploads\/2022\/12\/URGENCIA-1600x1202.jpg 1600w, https:\/\/www.hospitalnavalmagallanes.cl\/wp-content\/uploads\/2022\/12\/URGENCIA-1536x1154.jpg 1536w\" \/><div class=\"wp-block-cover__inner-container is-layout-flow wp-block-cover-is-layout-flow\">\n<p class=\"has-text-align-center has-large-font-size\">UNIDAD DE EMERGENCIA HOSPITALARIA<\/p>\n<\/div><\/div>\n<\/div>\n<\/div><\/div>\n\n\n\n<br>\nLa Unidad de Emergencia Hospitalaria del Hospital de las FF. AA. \u201cC.C. Guzm\u00e1n\u201d , otorga atenci\u00f3n de urgencia a todos los usuarios adultos y pedi\u00e1tricos que lo requieran, independiente de su sistema previsional, entregando una atenci\u00f3n c\u00e1lida, oportuna, segura, eficiente y eficaz, a trav\u00e9s de un Equipo de Salud altamente comprometido con su quehacer y con alta competencia profesional.\n\n\n\n<div class=\"wp-block-columns is-layout-flex wp-container-core-columns-is-layout-6c3a7f47 wp-block-columns-is-layout-flex\" style=\"padding-top:0px;padding-right:0px;padding-bottom:0px;padding-left:0px\">\n<div class=\"wp-block-column is-layout-flow wp-block-column-is-layout-flow\" style=\"--col-width:66.66%;flex-basis:66.66%\">\n<div class=\"wp-block-essential-blocks-advanced-heading\"><div class=\"eb-parent-wrapper eb-parent-eb-advance-heading-juhyy1j \"><div class=\"eb-advance-heading-wrapper eb-advance-heading-juhyy1j button-1\" data-id=\"eb-advance-heading-juhyy1j\"><h2 class=\"eb-ah-title\">Procedimientos<\/h2><div class=\"eb-ah-separator line\"><\/div><\/div><\/div><\/div>\n\n\n\n<ul style=\"margin: 20px\">\n<li>Atenci\u00f3n M\u00e9dica y de Enfermer\u00eda en usuarios adultos.<\/li>\n<li>Atenci\u00f3n M\u00e9dica y de Enfermer\u00eda en usuarios pedi\u00e1tricos.<\/li>\n<li>Ambulancia<\/li>\n<li>Atenci\u00f3n ambulatoria para procedimientos de Enfermer\u00eda.<\/li>\n<li>Evaluaci\u00f3n y atenci\u00f3n de m\u00e9dicos especialistas ( Traumatologia,Cirugia,Ginecologia,Urologia,etc.) , seg\u00fan necesidad del paciente.<\/li>\n<\/ul>\n\n\n\n<div class=\"wp-block-essential-blocks-advanced-heading\"><div class=\"eb-parent-wrapper eb-parent-eb-advance-heading-2zonh4h \"><div class=\"eb-advance-heading-wrapper eb-advance-heading-2zonh4h button-1\" data-id=\"eb-advance-heading-2zonh4h\"><h2 class=\"eb-ah-title\">Beneficiarios<\/h2><div class=\"eb-ah-separator line\"><\/div><\/div><\/div><\/div>\n\n\n\nBeneficiarios de todas las ramas de las FF.AA., FONASA e ISAPRES.\n<\/div>\n\n\n\n<div class=\"wp-block-column is-layout-flow wp-block-column-is-layout-flow\" style=\"--col-width:33.33%;flex-basis:33.33%\">\n<div class=\"wp-block-essential-blocks-advanced-heading\"><div class=\"eb-parent-wrapper eb-parent-eb-advance-heading-tilwa9l \"><div class=\"eb-advance-heading-wrapper eb-advance-heading-tilwa9l button-1\" data-id=\"eb-advance-heading-tilwa9l\"><h2 class=\"eb-ah-title\">Horarios<\/h2><div class=\"eb-ah-separator line\"><\/div><\/div><\/div><\/div>\n\n\n\n<ul style=\"margin: 20px\">\n<li>Nuestra unidad desempe\u00f1a funciones las 24 horas de d\u00eda, los 7 d\u00edas de la semana.<\/li>\n<li>Procedimientos ambulatorios de Enfermer\u00eda de lunes a domingo de 08:30 a 09:30 hrs.<\/li>\n<\/ul>\n<\/div>\n<\/div>\n","protected":false},"excerpt":{"rendered":"<p>La Unidad de Emergencia Hospitalaria del Hospital de las FF. AA. \u201cC.C. Guzm\u00e1n\u201d , otorga atenci\u00f3n de urgencia a todos los usuarios adultos y pedi\u00e1tricos que lo requieran, independiente de su sistema previsional, entregando una atenci\u00f3n c\u00e1lida, oportuna, segura, eficiente y eficaz, a trav\u00e9s de un Equipo de Salud altamente comprometido con su quehacer y [&hellip;]<\/p>\n","protected":false},"author":1,"featured_media":0,"parent":0,"menu_order":0,"comment_status":"closed","ping_status":"closed","template":"","meta":{"_eb_attr":"","_gspb_post_css":"","_uag_custom_page_level_css":"","site-sidebar-layout":"default","site-content-layout":"","ast-site-content-layout":"","site-content-style":"default","site-sidebar-style":"default","ast-global-header-display":"","ast-banner-title-visibility":"","ast-main-header-display":"","ast-hfb-above-header-display":"","ast-hfb-below-header-display":"","ast-hfb-mobile-header-display":"","site-post-title":"disabled","ast-breadcrumbs-content":"","ast-featured-img":"","footer-sml-layout":"","theme-transparent-header-meta":"","adv-header-id-meta":"","stick-header-meta":"","header-above-stick-meta":"","header-main-stick-meta":"","header-below-stick-meta":"","astra-migrate-meta-layouts":"default","ast-page-background-enabled":"default","ast-page-background-meta":{"desktop":{"background-color":"var(--ast-global-color-4)","background-image":"","background-repeat":"repeat","background-position":"center center","background-size":"auto","background-attachment":"scroll","background-type":"","background-media":"","overlay-type":"","overlay-color":"","overlay-opacity":"","overlay-gradient":""},"tablet":{"background-color":"","background-image":"","background-repeat":"repeat","background-position":"center center","background-size":"auto","background-attachment":"scroll","background-type":"","background-media":"","overlay-type":"","overlay-color":"","overlay-opacity":"","overlay-gradient":""},"mobile":{"background-color":"","background-image":"","background-repeat":"repeat","background-position":"center center","background-size":"auto","background-attachment":"scroll","background-type":"","background-media":"","overlay-type":"","overlay-color":"","overlay-opacity":"","overlay-gradient":""}},"ast-content-background-meta":{"desktop":{"background-color":"var(--ast-global-color-5)","background-image":"","background-repeat":"repeat","background-position":"center center","background-size":"auto","background-attachment":"scroll","background-type":"","background-media":"","overlay-type":"","overlay-color":"","overlay-opacity":"","overlay-gradient":""},"tablet":{"background-color":"var(--ast-global-color-5)","background-image":"","background-repeat":"repeat","background-position":"center center","background-size":"auto","background-attachment":"scroll","background-type":"","background-media":"","overlay-type":"","overlay-color":"","overlay-opacity":"","overlay-gradient":""},"mobile":{"background-color":"var(--ast-global-color-5)","background-image":"","background-repeat":"repeat","background-position":"center center","background-size":"auto","background-attachment":"scroll","background-type":"","background-media":"","overlay-type":"","overlay-color":"","overlay-opacity":"","overlay-gradient":""}},"_themeisle_gutenberg_block_has_review":false,"footnotes":""},"class_list":["post-762","page","type-page","status-publish","hentry"],"uagb_featured_image_src":{"full":false,"thumbnail":false,"medium":false,"medium_large":false,"large":false,"gs-tiny":false,"xl":false,"xxl":false,"xxxl":false,"xxxxl":false,"xxxxxl":false,"1536x1536":false,"2048x2048":false,"ultp_layout_landscape_large":false,"ultp_layout_landscape":false,"ultp_layout_portrait":false,"ultp_layout_square":false},"uagb_author_info":{"display_name":false,"author_link":false},"uagb_comment_info":0,"uagb_excerpt":"La Unidad de Emergencia Hospitalaria del Hospital de las FF. AA. \u201cC.C. Guzm\u00e1n\u201d , otorga atenci\u00f3n de urgencia a todos los usuarios adultos y pedi\u00e1tricos que lo requieran, independiente de su sistema previsional, entregando una atenci\u00f3n c\u00e1lida, oportuna, segura, eficiente y eficaz, a trav\u00e9s de un Equipo de Salud altamente comprometido con su quehacer y&hellip;","rttpg_featured_image_url":null,"rttpg_author":{"display_name":false,"author_link":false},"rttpg_comment":0,"rttpg_category":null,"rttpg_excerpt":"La Unidad de Emergencia Hospitalaria del Hospital de las FF. AA. \u201cC.C. Guzm\u00e1n\u201d , otorga atenci\u00f3n de urgencia a todos los usuarios adultos y pedi\u00e1tricos que lo requieran, independiente de su sistema previsional, entregando una atenci\u00f3n c\u00e1lida, oportuna, segura, eficiente y eficaz, a trav\u00e9s de un Equipo de Salud altamente comprometido con su quehacer y&hellip;","_links":{"self":[{"href":"https:\/\/www.hospitalnavalmagallanes.cl\/index.php?rest_route=\/wp\/v2\/pages\/762","targetHints":{"allow":["GET"]}}],"collection":[{"href":"https:\/\/www.hospitalnavalmagallanes.cl\/index.php?rest_route=\/wp\/v2\/pages"}],"about":[{"href":"https:\/\/www.hospitalnavalmagallanes.cl\/index.php?rest_route=\/wp\/v2\/types\/page"}],"author":[{"embeddable":true,"href":"https:\/\/www.hospitalnavalmagallanes.cl\/index.php?rest_route=\/wp\/v2\/users\/1"}],"replies":[{"embeddable":true,"href":"https:\/\/www.hospitalnavalmagallanes.cl\/index.php?rest_route=%2Fwp%2Fv2%2Fcomments&post=762"}],"version-history":[{"count":15,"href":"https:\/\/www.hospitalnavalmagallanes.cl\/index.php?rest_route=\/wp\/v2\/pages\/762\/revisions"}],"predecessor-version":[{"id":1222,"href":"https:\/\/www.hospitalnavalmagallanes.cl\/index.php?rest_route=\/wp\/v2\/pages\/762\/revisions\/1222"}],"wp:attachment":[{"href":"https:\/\/www.hospitalnavalmagallanes.cl\/index.php?rest_route=%2Fwp%2Fv2%2Fmedia&parent=762"}],"curies":[{"name":"wp","href":"https:\/\/api.w.org\/{rel}","templated":true}]}}