{"id":773,"date":"2022-12-27T18:11:30","date_gmt":"2022-12-27T18:11:30","guid":{"rendered":"https:\/\/www.hospitalnavalmagallanes.cl\/?page_id=773"},"modified":"2023-02-07T20:24:51","modified_gmt":"2023-02-07T20:24:51","slug":"policlinico","status":"publish","type":"page","link":"https:\/\/www.hospitalnavalmagallanes.cl\/?page_id=773","title":{"rendered":"Policl\u00ednico Adulto"},"content":{"rendered":"\n<br>\n\n\n\n<div id=\"wp-block-themeisle-blocks-advanced-columns-494968a3\" class=\"wp-block-themeisle-blocks-advanced-columns has-1-columns has-desktop-equal-layout has-tablet-equal-layout has-mobile-equal-layout has-vertical-unset\"><div class=\"wp-block-themeisle-blocks-advanced-columns-overlay\"><\/div><div class=\"innerblocks-wrap\">\n<div id=\"wp-block-themeisle-blocks-advanced-column-b6723fa9\" class=\"wp-block-themeisle-blocks-advanced-column\">\n<div class=\"wp-block-cover is-light is-style-tw-border-inner tw-stretched-link tw-hover-opacity\" style=\"min-height:314px;aspect-ratio:unset;\"><span aria-hidden=\"true\" class=\"wp-block-cover__background has-ast-global-color-0-background-color has-background-dim-40 has-background-dim\"><\/span><img decoding=\"async\" width=\"2000\" height=\"1500\" sizes=\"(max-width: 799px) 200vw, (max-width: 2000px) 100vw, 2000px\" class=\"wp-block-cover__image-background wp-image-775\" alt=\"\" src=\"https:\/\/www.hospitalnavalmagallanes.cl\/wp-content\/uploads\/2022\/12\/FRONTIS1.jpg\" style=\"object-position:58% 55%\" data-object-fit=\"cover\" data-object-position=\"58% 55%\" srcset=\"https:\/\/www.hospitalnavalmagallanes.cl\/wp-content\/uploads\/2022\/12\/FRONTIS1.jpg 2000w, https:\/\/www.hospitalnavalmagallanes.cl\/wp-content\/uploads\/2022\/12\/FRONTIS1-300x225.jpg 300w, https:\/\/www.hospitalnavalmagallanes.cl\/wp-content\/uploads\/2022\/12\/FRONTIS1-1024x768.jpg 1024w, https:\/\/www.hospitalnavalmagallanes.cl\/wp-content\/uploads\/2022\/12\/FRONTIS1-768x576.jpg 768w, https:\/\/www.hospitalnavalmagallanes.cl\/wp-content\/uploads\/2022\/12\/FRONTIS1-1600x1200.jpg 1600w, https:\/\/www.hospitalnavalmagallanes.cl\/wp-content\/uploads\/2022\/12\/FRONTIS1-1536x1152.jpg 1536w\" \/><div class=\"wp-block-cover__inner-container is-layout-flow wp-block-cover-is-layout-flow\">\n<p class=\"has-text-align-center has-large-font-size\">POLICLINICO ADULTO<\/p>\n<\/div><\/div>\n\n\n\n<br>Servicio de atenci\u00f3n ambulatoria, que contempla atenci\u00f3n para las distintas especialidades m\u00e9dicas. Est\u00e1 ubicado a un costado de la farmacia, por el acceso principal por Av. Bulnes.\nSus dependencias incluyen un hall central con sala de espera y consultas m\u00e9dicas, distribuidas seg\u00fan especialidades.\n<\/div>\n<\/div><\/div>\n\n\n\n<div class=\"wp-block-columns is-layout-flex wp-container-core-columns-is-layout-6c3a7f47 wp-block-columns-is-layout-flex\" style=\"padding-top:0px;padding-right:0px;padding-bottom:0px;padding-left:0px\">\n<div class=\"wp-block-column is-layout-flow wp-block-column-is-layout-flow\" style=\"--col-width:66.66%;flex-basis:66.66%\">\n<div class=\"wp-block-essential-blocks-advanced-heading\"><div class=\"eb-parent-wrapper eb-parent-eb-advance-heading-juhyy1j \"><div class=\"eb-advance-heading-wrapper eb-advance-heading-juhyy1j button-1\" data-id=\"eb-advance-heading-juhyy1j\"><h2 class=\"eb-ah-title\">Especialidades<\/h2><div class=\"eb-ah-separator line\"><\/div><\/div><\/div><\/div>\n\n\n\n<ul style=\"margin: 20px\">\n<li>Medicina General<\/li>\n<li>Cirug\u00eda General<\/li>\n<li>Traumatolog\u00eda<\/li>\n<li>Cardiolog\u00eda<\/li>\n<li>Oftalmolog\u00eda<\/li>\n<li>Ginecolog\u00eda y Obstetricia<\/li>\n<li>Matrona<\/li>\n<\/ul>\n\n\n\n<div class=\"wp-block-essential-blocks-advanced-heading\"><div class=\"eb-parent-wrapper eb-parent-eb-advance-heading-rurpdgv \"><div class=\"eb-advance-heading-wrapper eb-advance-heading-rurpdgv button-1\" data-id=\"eb-advance-heading-rurpdgv\"><h2 class=\"eb-ah-title\">Procedimientos<\/h2><div class=\"eb-ah-separator line\"><\/div><\/div><\/div><\/div>\n\n\n\n<ul style=\"margin: 20px\">\n<li>Curaciones de heridas.<\/li>\n<li>Procedimientos diagn\u00f3sticos de cardiolog\u00eda.<\/li>\n<\/ul>\n\n\n\n<div class=\"wp-block-essential-blocks-advanced-heading\"><div class=\"eb-parent-wrapper eb-parent-eb-advance-heading-2zonh4h \"><div class=\"eb-advance-heading-wrapper eb-advance-heading-2zonh4h button-1\" data-id=\"eb-advance-heading-2zonh4h\"><h2 class=\"eb-ah-title\">Beneficiarios<\/h2><div class=\"eb-ah-separator line\"><\/div><\/div><\/div><\/div>\n\n\n\n<ul style=\"margin: 20px\">\n<li>CAPREDENA<\/li>\n<li>Ejercito<\/li>\n<li>Armada<\/li>\n<li>Fuerza A\u00e9rea<\/li>\n<li>Carabineros<\/li>\n<\/ul>\n<\/div>\n\n\n\n<div class=\"wp-block-column is-layout-flow wp-block-column-is-layout-flow\" style=\"--col-width:33.33%;flex-basis:33.33%\">\n<div class=\"wp-block-essential-blocks-advanced-heading\"><div class=\"eb-parent-wrapper eb-parent-eb-advance-heading-tilwa9l \"><div class=\"eb-advance-heading-wrapper eb-advance-heading-tilwa9l button-1\" data-id=\"eb-advance-heading-tilwa9l\"><h2 class=\"eb-ah-title\">Horarios<\/h2><div class=\"eb-ah-separator line\"><\/div><\/div><\/div><\/div>\n\n\n\n<ul style=\"margin: 20px\">\n<li>Lunes a Jueves de 08:15 a 12:00 &#8211; 14:00 a 15:30<\/li>\n<li>Viernes de 08:15 a 12:00<\/li>\n<\/ul>\n<\/div>\n<\/div>\n","protected":false},"excerpt":{"rendered":"<p>Medicina General Cirug\u00eda General Traumatolog\u00eda Cardiolog\u00eda Oftalmolog\u00eda Ginecolog\u00eda y Obstetricia Matrona Curaciones de heridas. Procedimientos diagn\u00f3sticos de cardiolog\u00eda. CAPREDENA Ejercito Armada Fuerza A\u00e9rea Carabineros Lunes a Jueves de 08:15 a 12:00 &#8211; 14:00 a 15:30 Viernes de 08:15 a 12:00<\/p>\n","protected":false},"author":1,"featured_media":0,"parent":0,"menu_order":0,"comment_status":"closed","ping_status":"closed","template":"","meta":{"_eb_attr":"","_gspb_post_css":"","_uag_custom_page_level_css":"","site-sidebar-layout":"default","site-content-layout":"","ast-site-content-layout":"","site-content-style":"default","site-sidebar-style":"default","ast-global-header-display":"","ast-banner-title-visibility":"","ast-main-header-display":"","ast-hfb-above-header-display":"","ast-hfb-below-header-display":"","ast-hfb-mobile-header-display":"","site-post-title":"disabled","ast-breadcrumbs-content":"","ast-featured-img":"","footer-sml-layout":"","theme-transparent-header-meta":"","adv-header-id-meta":"","stick-header-meta":"","header-above-stick-meta":"","header-main-stick-meta":"","header-below-stick-meta":"","astra-migrate-meta-layouts":"default","ast-page-background-enabled":"default","ast-page-background-meta":{"desktop":{"background-color":"var(--ast-global-color-4)","background-image":"","background-repeat":"repeat","background-position":"center center","background-size":"auto","background-attachment":"scroll","background-type":"","background-media":"","overlay-type":"","overlay-color":"","overlay-opacity":"","overlay-gradient":""},"tablet":{"background-color":"","background-image":"","background-repeat":"repeat","background-position":"center center","background-size":"auto","background-attachment":"scroll","background-type":"","background-media":"","overlay-type":"","overlay-color":"","overlay-opacity":"","overlay-gradient":""},"mobile":{"background-color":"","background-image":"","background-repeat":"repeat","background-position":"center center","background-size":"auto","background-attachment":"scroll","background-type":"","background-media":"","overlay-type":"","overlay-color":"","overlay-opacity":"","overlay-gradient":""}},"ast-content-background-meta":{"desktop":{"background-color":"var(--ast-global-color-5)","background-image":"","background-repeat":"repeat","background-position":"center center","background-size":"auto","background-attachment":"scroll","background-type":"","background-media":"","overlay-type":"","overlay-color":"","overlay-opacity":"","overlay-gradient":""},"tablet":{"background-color":"var(--ast-global-color-5)","background-image":"","background-repeat":"repeat","background-position":"center center","background-size":"auto","background-attachment":"scroll","background-type":"","background-media":"","overlay-type":"","overlay-color":"","overlay-opacity":"","overlay-gradient":""},"mobile":{"background-color":"var(--ast-global-color-5)","background-image":"","background-repeat":"repeat","background-position":"center center","background-size":"auto","background-attachment":"scroll","background-type":"","background-media":"","overlay-type":"","overlay-color":"","overlay-opacity":"","overlay-gradient":""}},"_themeisle_gutenberg_block_has_review":false,"footnotes":""},"class_list":["post-773","page","type-page","status-publish","hentry"],"uagb_featured_image_src":{"full":false,"thumbnail":false,"medium":false,"medium_large":false,"large":false,"gs-tiny":false,"xl":false,"xxl":false,"xxxl":false,"xxxxl":false,"xxxxxl":false,"1536x1536":false,"2048x2048":false,"ultp_layout_landscape_large":false,"ultp_layout_landscape":false,"ultp_layout_portrait":false,"ultp_layout_square":false},"uagb_author_info":{"display_name":false,"author_link":false},"uagb_comment_info":0,"uagb_excerpt":"Medicina General Cirug\u00eda General Traumatolog\u00eda Cardiolog\u00eda Oftalmolog\u00eda Ginecolog\u00eda y Obstetricia Matrona Curaciones de heridas. Procedimientos diagn\u00f3sticos de cardiolog\u00eda. CAPREDENA Ejercito Armada Fuerza A\u00e9rea Carabineros Lunes a Jueves de 08:15 a 12:00 &#8211; 14:00 a 15:30 Viernes de 08:15 a 12:00","rttpg_featured_image_url":null,"rttpg_author":{"display_name":false,"author_link":false},"rttpg_comment":0,"rttpg_category":null,"rttpg_excerpt":"Medicina General Cirug\u00eda General Traumatolog\u00eda Cardiolog\u00eda Oftalmolog\u00eda Ginecolog\u00eda y Obstetricia Matrona Curaciones de heridas. Procedimientos diagn\u00f3sticos de cardiolog\u00eda. CAPREDENA Ejercito Armada Fuerza A\u00e9rea Carabineros Lunes a Jueves de 08:15 a 12:00 &#8211; 14:00 a 15:30 Viernes de 08:15 a 12:00","_links":{"self":[{"href":"https:\/\/www.hospitalnavalmagallanes.cl\/index.php?rest_route=\/wp\/v2\/pages\/773","targetHints":{"allow":["GET"]}}],"collection":[{"href":"https:\/\/www.hospitalnavalmagallanes.cl\/index.php?rest_route=\/wp\/v2\/pages"}],"about":[{"href":"https:\/\/www.hospitalnavalmagallanes.cl\/index.php?rest_route=\/wp\/v2\/types\/page"}],"author":[{"embeddable":true,"href":"https:\/\/www.hospitalnavalmagallanes.cl\/index.php?rest_route=\/wp\/v2\/users\/1"}],"replies":[{"embeddable":true,"href":"https:\/\/www.hospitalnavalmagallanes.cl\/index.php?rest_route=%2Fwp%2Fv2%2Fcomments&post=773"}],"version-history":[{"count":15,"href":"https:\/\/www.hospitalnavalmagallanes.cl\/index.php?rest_route=\/wp\/v2\/pages\/773\/revisions"}],"predecessor-version":[{"id":1217,"href":"https:\/\/www.hospitalnavalmagallanes.cl\/index.php?rest_route=\/wp\/v2\/pages\/773\/revisions\/1217"}],"wp:attachment":[{"href":"https:\/\/www.hospitalnavalmagallanes.cl\/index.php?rest_route=%2Fwp%2Fv2%2Fmedia&parent=773"}],"curies":[{"name":"wp","href":"https:\/\/api.w.org\/{rel}","templated":true}]}}