{"id":783,"date":"2022-12-27T18:10:21","date_gmt":"2022-12-27T18:10:21","guid":{"rendered":"https:\/\/www.hospitalnavalmagallanes.cl\/?page_id=783"},"modified":"2023-02-07T20:13:24","modified_gmt":"2023-02-07T20:13:24","slug":"banco-de-sangre","status":"publish","type":"page","link":"https:\/\/www.hospitalnavalmagallanes.cl\/?page_id=783","title":{"rendered":"Banco de Sangre"},"content":{"rendered":"\n<br>\n\n\n\n<div id=\"wp-block-themeisle-blocks-advanced-columns-494968a3\" class=\"wp-block-themeisle-blocks-advanced-columns has-1-columns has-desktop-equal-layout has-tablet-equal-layout has-mobile-equal-layout has-vertical-unset\"><div class=\"wp-block-themeisle-blocks-advanced-columns-overlay\"><\/div><div class=\"innerblocks-wrap\">\n<div id=\"wp-block-themeisle-blocks-advanced-column-b6723fa9\" class=\"wp-block-themeisle-blocks-advanced-column\">\n<div class=\"wp-block-cover is-light is-style-tw-border-inner tw-stretched-link tw-hover-opacity\" style=\"min-height:314px;aspect-ratio:unset;\"><span aria-hidden=\"true\" class=\"wp-block-cover__background has-ast-global-color-0-background-color has-background-dim-40 has-background-dim\"><\/span><img decoding=\"async\" width=\"2000\" height=\"1500\" sizes=\"(max-width: 799px) 200vw, (max-width: 2000px) 100vw, 2000px\" class=\"wp-block-cover__image-background wp-image-785\" alt=\"\" src=\"https:\/\/www.hospitalnavalmagallanes.cl\/wp-content\/uploads\/2022\/12\/FRONTIS1-1.jpg\" style=\"object-position:57% 56%\" data-object-fit=\"cover\" data-object-position=\"57% 56%\" srcset=\"https:\/\/www.hospitalnavalmagallanes.cl\/wp-content\/uploads\/2022\/12\/FRONTIS1-1.jpg 2000w, https:\/\/www.hospitalnavalmagallanes.cl\/wp-content\/uploads\/2022\/12\/FRONTIS1-1-300x225.jpg 300w, https:\/\/www.hospitalnavalmagallanes.cl\/wp-content\/uploads\/2022\/12\/FRONTIS1-1-1024x768.jpg 1024w, https:\/\/www.hospitalnavalmagallanes.cl\/wp-content\/uploads\/2022\/12\/FRONTIS1-1-768x576.jpg 768w, https:\/\/www.hospitalnavalmagallanes.cl\/wp-content\/uploads\/2022\/12\/FRONTIS1-1-1600x1200.jpg 1600w, https:\/\/www.hospitalnavalmagallanes.cl\/wp-content\/uploads\/2022\/12\/FRONTIS1-1-1536x1152.jpg 1536w\" \/><div class=\"wp-block-cover__inner-container is-layout-flow wp-block-cover-is-layout-flow\">\n<p class=\"has-text-align-center has-large-font-size\">BANCO DE SANGRE<\/p>\n<\/div><\/div>\n\n\n\n<br>\nEl banco de sangre tiene como objetivo fidelizar donantes voluntarios y altruistas para recolectar, procesar, analizar, almacenar y transfundir componentes sangu\u00edneos seguros y de manera oportuna con el fin de coadyuvar en los tratamientos m\u00e9dicos de los pacientes que lo requieran.\n<\/div>\n<\/div><\/div>\n\n\n\n<div class=\"wp-block-columns is-layout-flex wp-container-core-columns-is-layout-6c3a7f47 wp-block-columns-is-layout-flex\" style=\"padding-top:0px;padding-right:0px;padding-bottom:0px;padding-left:0px\">\n<div class=\"wp-block-column is-layout-flow wp-block-column-is-layout-flow\" style=\"--col-width:66.66%;flex-basis:66.66%\">\n<div class=\"wp-block-essential-blocks-advanced-heading\"><div class=\"eb-parent-wrapper eb-parent-eb-advance-heading-juhyy1j \"><div class=\"eb-advance-heading-wrapper eb-advance-heading-juhyy1j button-1\" data-id=\"eb-advance-heading-juhyy1j\"><h2 class=\"eb-ah-title\">Procedimientos<\/h2><div class=\"eb-ah-separator line\"><\/div><\/div><\/div><\/div>\n\n\n\n<ul>\n<li>Atenci\u00f3n de donantes voluntarios y de reposici\u00f3n.<\/li>\n<li>Sangria.<\/li>\n<li>Toma de muestras de:<\/li>\n<ul>\n<li style=\"padding-left: 30px\"><b>Inmunohematolog\u00eda:<\/b> Clasificaci\u00f3n sangu\u00ednea (grupo y RH), test de Coombs directo, test de Coombs indirecto.<\/li>\n<li style=\"padding-left: 30px\"><b>Serolog\u00eda:<\/b> Determinaci\u00f3n de Chagas, H.I.V., Hepatitis \u201cB\u201d, Hepatitis \u201cC\u201d, HTLV I\/II y Treponema Pallidum.<\/li><\/ul>\n<\/ul>\n\n\n\n<div class=\"wp-block-essential-blocks-advanced-heading\"><div class=\"eb-parent-wrapper eb-parent-eb-advance-heading-2zonh4h \"><div class=\"eb-advance-heading-wrapper eb-advance-heading-2zonh4h button-1\" data-id=\"eb-advance-heading-2zonh4h\"><h2 class=\"eb-ah-title\">Beneficiarios<\/h2><div class=\"eb-ah-separator line\"><\/div><\/div><\/div><\/div>\n\n\n\n<ul>\n<li>Personal de las FF.AA. (activo y pensionado)<\/li>\n<li>Sisan<\/li>\n<li>Isapre<\/li>\n<li>Fonasa<\/li>\n<li>Particulares<\/li>\n<\/ul>\n<\/div>\n\n\n\n<div class=\"wp-block-column is-layout-flow wp-block-column-is-layout-flow\" style=\"--col-width:33.33%;flex-basis:33.33%\">\n<div class=\"wp-block-essential-blocks-advanced-heading\"><div class=\"eb-parent-wrapper eb-parent-eb-advance-heading-tilwa9l \"><div class=\"eb-advance-heading-wrapper eb-advance-heading-tilwa9l button-1\" data-id=\"eb-advance-heading-tilwa9l\"><h2 class=\"eb-ah-title\">Horarios<\/h2><div class=\"eb-ah-separator line\"><\/div><\/div><\/div><\/div>\n\n\n\n<li><b>Atenci\u00f3n de donantes:<\/b> De Lunes a Jueves de 08:15 a 16:30 hrs. Y d\u00eda Viernes de 08:15 a 12:00 hrs. (S\u00e1bado, Domingo y festivos sin atenci\u00f3n).\n<\/li><li><b>Toma de muestras:<\/b> de Lunes a Viernes de 08:00 a 12:00  hrs. (S\u00e1bado, Domingo y festivos sin atenci\u00f3n).<\/li>\n<li><b>Entrega de resultados:<\/b> de Lunes a Jueves am  08:15 a 12:00 hrs.  Y pm de 14:00 a 16:30 hrs. Dia viernes solo horario am (S\u00e1bado, Domingo y festivos sin atenci\u00f3n).<\/li><br>\n\n<b>Tel\u00e9fonos de contacto:<\/b> 612207514 &#8211; 612207644\n\n\n\n<figure class=\"wp-block-image size-full is-style-tw-frame\"><img decoding=\"async\" width=\"382\" height=\"390\" src=\"https:\/\/www.hospitalnavalmagallanes.cl\/wp-content\/uploads\/2022\/12\/banco-de-sangre.jpg\" alt=\"\" class=\"wp-image-784\" srcset=\"https:\/\/www.hospitalnavalmagallanes.cl\/wp-content\/uploads\/2022\/12\/banco-de-sangre.jpg 382w, https:\/\/www.hospitalnavalmagallanes.cl\/wp-content\/uploads\/2022\/12\/banco-de-sangre-294x300.jpg 294w\" sizes=\"(max-width: 382px) 100vw, 382px\" \/><\/figure>\n<\/div>\n<\/div>\n","protected":false},"excerpt":{"rendered":"<p>Atenci\u00f3n de donantes voluntarios y de reposici\u00f3n. Sangria. Toma de muestras de: Inmunohematolog\u00eda: Clasificaci\u00f3n sangu\u00ednea (grupo y RH), test de Coombs directo, test de Coombs indirecto. Serolog\u00eda: Determinaci\u00f3n de Chagas, H.I.V., Hepatitis \u201cB\u201d, Hepatitis \u201cC\u201d, HTLV I\/II y Treponema Pallidum. Personal de las FF.AA. (activo y pensionado) Sisan Isapre Fonasa Particulares Atenci\u00f3n de donantes: De [&hellip;]<\/p>\n","protected":false},"author":1,"featured_media":0,"parent":0,"menu_order":0,"comment_status":"closed","ping_status":"closed","template":"","meta":{"_eb_attr":"","_gspb_post_css":"#gspb_container-id-gsbp-124509b7-ee01.gspb_container{position:relative;flex-direction:column;box-sizing:border-box;perspective:1000px}#gspb_container-id-gsbp-124509b7-ee01.gspb_container .gspb_container__content,#gspb_container-id-gsbp-c59e781c-a12f.gspb_container .gspb_container__content{margin:auto}#gspb_container-id-gsbp-124509b7-ee01.gspb_container>p:last-of-type,#gspb_container-id-gsbp-bc75836e-3d57.gspb_container>p:last-of-type,#gspb_container-id-gsbp-c59e781c-a12f.gspb_container>p:last-of-type{margin-bottom:0}#gspb_container-id-gsbp-124509b7-ee01.gspb_container,#gspb_container-id-gsbp-124509b7-ee01.gspb_container *{transform-style:preserve-3d}#gspb_container-id-gsbp-124509b7-ee01.gspb_container{will-change:transform}#gspb_iconBox-id-gsbp-1d81204e-eca6 svg{height:40px!important;width:40px!important;min-width:40px!important;overflow:visible;fill:#2184f9!important}#gspb_iconBox-id-gsbp-1d81204e-eca6{justify-content:flex-start;display:flex}#gspb_iconBox-id-gsbp-1d81204e-eca6 svg path,#gspb_iconBox-id-gsbp-1d81204e-eca6 svg:hover,#gspb_iconBox-id-gsbp-1d81204e-eca6 svg:hover path{fill:#2184f9!important}#gspb_iconBox-id-gsbp-1d81204e-eca6 .gspb_iconBox__wrapper{margin-bottom:20px;margin-left:10px;transform:translateZ(45px) scale(.85)}#gspb_heading-id-gsbp-d5a17fb5-496d,#gspb_heading-id-gsbp-d5a17fb5-496d .wp-block{font-size:25px;color:#fff}#gspb_heading-id-gsbp-d5a17fb5-496d{transform:translateZ(50px) scale(.95)}#gspb_heading-id-gsbp-d5a17fb5-496d .gspb_heading_subtitle{display:block;font-size:17px;line-height:22px;margin-top:5px}#gspb_container-id-gsbp-c59e781c-a12f.gspb_container{position:relative;flex-direction:column;box-sizing:border-box;padding:25px;background-color:#444;transition-duration:.7s;transition-timing-function:ease;opacity:0;transition-property:opacity,transform;transform:translate3d(0,-60px,0)}#gspb_container-id-gsbp-c59e781c-a12f.gspb_container.aos-animate,#gspb_container-id-gsbp-c59e781c-a12f.gspb_container[data-gs-aos]{transition:all .8s cubic-bezier(.165,.84,.44,1);backface-visibility:hidden}.gs-flipbox3d-active #gspb_container-id-gsbp-c59e781c-a12f.gspb_container{transform:rotateY(180deg)}#gspb_container-id-gsbp-c59e781c-a12f.gspb_container.aos-animate,#gspb_container-id-gsbp-c59e781c-a12f.gspb_container[data-gs-aos]{opacity:1;transform:translateZ(0)}#gspb_heading-id-gsbp-1eb417ee-0612,#gspb_heading-id-gsbp-1eb417ee-0612 .wp-block{font-size:25px}#gspb_heading-id-gsbp-1eb417ee-0612{margin-bottom:30px;transform:translateZ(60px) scale(.94)}.gspb_button-id-gsbp-302845f5-9e65{display:flex;justify-content:flex-start}.gspb_button-id-gsbp-302845f5-9e65 .gspb-buttonbox-text{display:flex;flex-direction:column}.gspb_button-id-gsbp-302845f5-9e65>.gspb-buttonbox{display:inline-block;padding:15px 30px;border-radius:2px;background-color:var(--ast-global-color-0, #0170b9);text-decoration:none!important;color:#fff;font-size:16px;line-height:16px;position:relative;z-index:0;cursor:pointer;box-sizing:border-box;transform:translateZ(20px) scale(.94)}#gspb_container-id-gsbp-bc75836e-3d57.gspb_container{position:relative;flex-direction:column;box-sizing:border-box;height:100%;transition:all .8s cubic-bezier(.165,.84,.44,1);transform:rotateY(-180deg);backface-visibility:hidden;padding:25px;background-color:#ffd100}#gspb_container-id-gsbp-bc75836e-3d57.gspb_container .gspb_container__content{margin:auto}body.gspb-bodyfront #gspb_container-id-gsbp-bc75836e-3d57.gspb_container{width:100%;min-width:100%;position:absolute;top:0;left:0}.gs-flipbox3d-active #gspb_container-id-gsbp-bc75836e-3d57.gspb_container{transform:rotateY(0deg)}","_uag_custom_page_level_css":"","site-sidebar-layout":"default","site-content-layout":"","ast-site-content-layout":"","site-content-style":"default","site-sidebar-style":"default","ast-global-header-display":"","ast-banner-title-visibility":"","ast-main-header-display":"","ast-hfb-above-header-display":"","ast-hfb-below-header-display":"","ast-hfb-mobile-header-display":"","site-post-title":"disabled","ast-breadcrumbs-content":"","ast-featured-img":"","footer-sml-layout":"","theme-transparent-header-meta":"","adv-header-id-meta":"","stick-header-meta":"","header-above-stick-meta":"","header-main-stick-meta":"","header-below-stick-meta":"","astra-migrate-meta-layouts":"default","ast-page-background-enabled":"default","ast-page-background-meta":{"desktop":{"background-color":"var(--ast-global-color-4)","background-image":"","background-repeat":"repeat","background-position":"center center","background-size":"auto","background-attachment":"scroll","background-type":"","background-media":"","overlay-type":"","overlay-color":"","overlay-opacity":"","overlay-gradient":""},"tablet":{"background-color":"","background-image":"","background-repeat":"repeat","background-position":"center center","background-size":"auto","background-attachment":"scroll","background-type":"","background-media":"","overlay-type":"","overlay-color":"","overlay-opacity":"","overlay-gradient":""},"mobile":{"background-color":"","background-image":"","background-repeat":"repeat","background-position":"center center","background-size":"auto","background-attachment":"scroll","background-type":"","background-media":"","overlay-type":"","overlay-color":"","overlay-opacity":"","overlay-gradient":""}},"ast-content-background-meta":{"desktop":{"background-color":"var(--ast-global-color-5)","background-image":"","background-repeat":"repeat","background-position":"center center","background-size":"auto","background-attachment":"scroll","background-type":"","background-media":"","overlay-type":"","overlay-color":"","overlay-opacity":"","overlay-gradient":""},"tablet":{"background-color":"var(--ast-global-color-5)","background-image":"","background-repeat":"repeat","background-position":"center center","background-size":"auto","background-attachment":"scroll","background-type":"","background-media":"","overlay-type":"","overlay-color":"","overlay-opacity":"","overlay-gradient":""},"mobile":{"background-color":"var(--ast-global-color-5)","background-image":"","background-repeat":"repeat","background-position":"center center","background-size":"auto","background-attachment":"scroll","background-type":"","background-media":"","overlay-type":"","overlay-color":"","overlay-opacity":"","overlay-gradient":""}},"_themeisle_gutenberg_block_has_review":false,"footnotes":""},"class_list":["post-783","page","type-page","status-publish","hentry"],"uagb_featured_image_src":{"full":false,"thumbnail":false,"medium":false,"medium_large":false,"large":false,"gs-tiny":false,"xl":false,"xxl":false,"xxxl":false,"xxxxl":false,"xxxxxl":false,"1536x1536":false,"2048x2048":false,"ultp_layout_landscape_large":false,"ultp_layout_landscape":false,"ultp_layout_portrait":false,"ultp_layout_square":false},"uagb_author_info":{"display_name":false,"author_link":false},"uagb_comment_info":0,"uagb_excerpt":"Atenci\u00f3n de donantes voluntarios y de reposici\u00f3n. Sangria. Toma de muestras de: Inmunohematolog\u00eda: Clasificaci\u00f3n sangu\u00ednea (grupo y RH), test de Coombs directo, test de Coombs indirecto. Serolog\u00eda: Determinaci\u00f3n de Chagas, H.I.V., Hepatitis \u201cB\u201d, Hepatitis \u201cC\u201d, HTLV I\/II y Treponema Pallidum. Personal de las FF.AA. (activo y pensionado) Sisan Isapre Fonasa Particulares Atenci\u00f3n de donantes: De&hellip;","rttpg_featured_image_url":null,"rttpg_author":{"display_name":false,"author_link":false},"rttpg_comment":0,"rttpg_category":null,"rttpg_excerpt":"Atenci\u00f3n de donantes voluntarios y de reposici\u00f3n. Sangria. Toma de muestras de: Inmunohematolog\u00eda: Clasificaci\u00f3n sangu\u00ednea (grupo y RH), test de Coombs directo, test de Coombs indirecto. Serolog\u00eda: Determinaci\u00f3n de Chagas, H.I.V., Hepatitis \u201cB\u201d, Hepatitis \u201cC\u201d, HTLV I\/II y Treponema Pallidum. Personal de las FF.AA. (activo y pensionado) Sisan Isapre Fonasa Particulares Atenci\u00f3n de donantes: De&hellip;","_links":{"self":[{"href":"https:\/\/www.hospitalnavalmagallanes.cl\/index.php?rest_route=\/wp\/v2\/pages\/783","targetHints":{"allow":["GET"]}}],"collection":[{"href":"https:\/\/www.hospitalnavalmagallanes.cl\/index.php?rest_route=\/wp\/v2\/pages"}],"about":[{"href":"https:\/\/www.hospitalnavalmagallanes.cl\/index.php?rest_route=\/wp\/v2\/types\/page"}],"author":[{"embeddable":true,"href":"https:\/\/www.hospitalnavalmagallanes.cl\/index.php?rest_route=\/wp\/v2\/users\/1"}],"replies":[{"embeddable":true,"href":"https:\/\/www.hospitalnavalmagallanes.cl\/index.php?rest_route=%2Fwp%2Fv2%2Fcomments&post=783"}],"version-history":[{"count":27,"href":"https:\/\/www.hospitalnavalmagallanes.cl\/index.php?rest_route=\/wp\/v2\/pages\/783\/revisions"}],"predecessor-version":[{"id":1207,"href":"https:\/\/www.hospitalnavalmagallanes.cl\/index.php?rest_route=\/wp\/v2\/pages\/783\/revisions\/1207"}],"wp:attachment":[{"href":"https:\/\/www.hospitalnavalmagallanes.cl\/index.php?rest_route=%2Fwp%2Fv2%2Fmedia&parent=783"}],"curies":[{"name":"wp","href":"https:\/\/api.w.org\/{rel}","templated":true}]}}