{"id":799,"date":"2022-12-27T18:18:46","date_gmt":"2022-12-27T18:18:46","guid":{"rendered":"https:\/\/www.hospitalnavalmagallanes.cl\/?page_id=799"},"modified":"2023-02-07T20:25:44","modified_gmt":"2023-02-07T20:25:44","slug":"policlinico-pediatria","status":"publish","type":"page","link":"https:\/\/www.hospitalnavalmagallanes.cl\/?page_id=799","title":{"rendered":"Policl\u00ednico Pediatr\u00eda"},"content":{"rendered":"\n<br>\n\n\n\n<div id=\"wp-block-themeisle-blocks-advanced-columns-494968a3\" class=\"wp-block-themeisle-blocks-advanced-columns has-1-columns has-desktop-equal-layout has-tablet-equal-layout has-mobile-equal-layout has-vertical-unset\"><div class=\"wp-block-themeisle-blocks-advanced-columns-overlay\"><\/div><div class=\"innerblocks-wrap\">\n<div id=\"wp-block-themeisle-blocks-advanced-column-b6723fa9\" class=\"wp-block-themeisle-blocks-advanced-column\">\n<div class=\"wp-block-cover is-light is-style-tw-border-inner tw-stretched-link tw-hover-opacity\" style=\"min-height:314px;aspect-ratio:unset;\"><span aria-hidden=\"true\" class=\"wp-block-cover__background has-ast-global-color-0-background-color has-background-dim-40 has-background-dim\"><\/span><img decoding=\"async\" width=\"652\" height=\"488\" sizes=\"(max-width: 799px) 200vw, (max-width: 652px) 100vw, 652px\" class=\"wp-block-cover__image-background wp-image-813\" alt=\"\" src=\"https:\/\/www.hospitalnavalmagallanes.cl\/wp-content\/uploads\/2022\/12\/POLIPED2.jpg\" style=\"object-position:91% 67%\" data-object-fit=\"cover\" data-object-position=\"91% 67%\" srcset=\"https:\/\/www.hospitalnavalmagallanes.cl\/wp-content\/uploads\/2022\/12\/POLIPED2.jpg 652w, https:\/\/www.hospitalnavalmagallanes.cl\/wp-content\/uploads\/2022\/12\/POLIPED2-300x225.jpg 300w\" \/><div class=\"wp-block-cover__inner-container is-layout-flow wp-block-cover-is-layout-flow\">\n<p class=\"has-text-align-center has-large-font-size\">POLICLINICO PEDIATRIA<\/p>\n<\/div><\/div>\n<\/div>\n<\/div><\/div>\n\n\n\n<br>\nEl Consultorio Externo Infantil otorga atenci\u00f3n abierta de Nivel Primario, teniendo como fin contribuir al desarrollo integral del ni\u00f1o, a trav\u00e9s, de actividades de fomento, protecci\u00f3n, recuperaci\u00f3n y rehabilitaci\u00f3n de la salud, permitiendo la plena expresi\u00f3n del potencial gen\u00e9tico y una mejor calidad de vida; adem\u00e1s, de entregar a la sociedad un individuo con un desarrollo y crecimiento biopsicosocial adecuado, privilegiando un crecimiento integralmente sano, en un contexto familiar y comunitario, a trav\u00e9s, de la supervisi\u00f3n de Salud del Ni\u00f1o y Adolescente.\n\n\n\n<div class=\"wp-block-columns is-layout-flex wp-container-core-columns-is-layout-6c3a7f47 wp-block-columns-is-layout-flex\" style=\"padding-top:0px;padding-right:0px;padding-bottom:0px;padding-left:0px\">\n<div class=\"wp-block-column is-layout-flow wp-block-column-is-layout-flow\" style=\"--col-width:66.66%;flex-basis:66.66%\">\n<div class=\"wp-block-essential-blocks-advanced-heading\"><div class=\"eb-parent-wrapper eb-parent-eb-advance-heading-juhyy1j \"><div class=\"eb-advance-heading-wrapper eb-advance-heading-juhyy1j button-1\" data-id=\"eb-advance-heading-juhyy1j\"><h2 class=\"eb-ah-title\">Objetivos<\/h2><div class=\"eb-ah-separator line\"><\/div><\/div><\/div><\/div>\n\n\n\n<ul style=\"margin: 20px\">\n<li>Ejecutar las diferentes actividades del Programa de Salud del Ni\u00f1o.<\/li>\n<li>Aumentar la cobertura de las actividades del Programa con \u00e9nfasis en el fomento y la protecci\u00f3n.<\/li>\n<li>Disminuir la incidencia y\/o prevalencia de las enfermedades m\u00e1s frecuentes y de los factores de riesgo que la determinan.<\/li>\n<li>Disminuir la mortalidad infantil.<\/li>\n<\/ul>\n\n\n\n<div class=\"wp-block-essential-blocks-advanced-heading\"><div class=\"eb-parent-wrapper eb-parent-eb-advance-heading-2zonh4h \"><div class=\"eb-advance-heading-wrapper eb-advance-heading-2zonh4h button-1\" data-id=\"eb-advance-heading-2zonh4h\"><h2 class=\"eb-ah-title\">Beneficiarios<\/h2><div class=\"eb-ah-separator line\"><\/div><\/div><\/div><\/div>\n\n\n\nNi\u00f1os y ni\u00f1as de todos los grupos etarios desde el Reci\u00e9n Nacido hasta adolescentes de 14 a\u00f1os 11 meses 29 d\u00edas; cargas del Sistema de Salud de las FF.AA. y de Orden (activos y pensionados); adem\u00e1s, de otras instituciones, como: Carabineros, Investigaciones, FACH, Gendarmer\u00eda\n\n\n\n<div class=\"wp-block-essential-blocks-advanced-heading\"><div class=\"eb-parent-wrapper eb-parent-eb-advance-heading-878jkai \"><div class=\"eb-advance-heading-wrapper eb-advance-heading-878jkai button-1\" data-id=\"eb-advance-heading-878jkai\"><h2 class=\"eb-ah-title\">Actividades<\/h2><div class=\"eb-ah-separator line\"><\/div><\/div><\/div><\/div>\n\n\n\n<ul style=\"margin: 20px\">\n<li>Control Sano seg\u00fan edad por Enfermera, Nutricionista y Pediatra.<\/li>\n<li>Consultas de morbilidad por Pediatra.<\/li>\n<li>Derivaci\u00f3n seg\u00fan necesidad a especialidades como: Neurolog\u00eda, Traumatolog\u00eda, Nutricionista, Endocrinolog\u00eda, Psiquiatr\u00eda y Psicolog\u00eda.<\/li>\n<li>Consultas nutricionales.<\/li>\n<li>Controles Antropom\u00e9tricos.<\/li>\n<\/ul>\n\n\n\n<div class=\"wp-block-essential-blocks-advanced-heading\"><div class=\"eb-parent-wrapper eb-parent-eb-advance-heading-tilwa9l \"><div class=\"eb-advance-heading-wrapper eb-advance-heading-tilwa9l button-1\" data-id=\"eb-advance-heading-tilwa9l\"><h2 class=\"eb-ah-title\">Ubicaci\u00f3n<\/h2><div class=\"eb-ah-separator line\"><\/div><\/div><\/div><\/div>\n\n\n\nPrimer Piso, acceso por pasillo principal desde Avenida Bulnes o Capit\u00e1n Guillermos.\n<\/div>\n\n\n\n<div class=\"wp-block-column is-layout-flow wp-block-column-is-layout-flow\" style=\"--col-width:33.33%;flex-basis:33.33%\">\n<div class=\"wp-block-essential-blocks-advanced-heading\"><div class=\"eb-parent-wrapper eb-parent-eb-advance-heading-sjy844r \"><div class=\"eb-advance-heading-wrapper eb-advance-heading-sjy844r button-1\" data-id=\"eb-advance-heading-sjy844r\"><h2 class=\"eb-ah-title\">Horarios<\/h2><div class=\"eb-ah-separator line\"><\/div><\/div><\/div><\/div>\n\n\n\n<ul style=\"margin: 20px\">\n<li>Lunes a Jueves: 08:00 a 12:00 y de 14:00 a 16:00 horas.<\/li>\n<li>Viernes: 08:00 a 12:00 horas.<\/li>\n<\/ul>\n\n\n\n<figure class=\"wp-block-image size-full is-style-tw-frame\"><img decoding=\"async\" width=\"776\" height=\"518\" src=\"https:\/\/www.hospitalnavalmagallanes.cl\/wp-content\/uploads\/2023\/01\/poliped3.jpg\" alt=\"\" class=\"wp-image-1029\" srcset=\"https:\/\/www.hospitalnavalmagallanes.cl\/wp-content\/uploads\/2023\/01\/poliped3.jpg 776w, https:\/\/www.hospitalnavalmagallanes.cl\/wp-content\/uploads\/2023\/01\/poliped3-300x200.jpg 300w, https:\/\/www.hospitalnavalmagallanes.cl\/wp-content\/uploads\/2023\/01\/poliped3-768x513.jpg 768w\" sizes=\"(max-width: 776px) 100vw, 776px\" \/><\/figure>\n<\/div>\n<\/div>\n","protected":false},"excerpt":{"rendered":"<p>El Consultorio Externo Infantil otorga atenci\u00f3n abierta de Nivel Primario, teniendo como fin contribuir al desarrollo integral del ni\u00f1o, a trav\u00e9s, de actividades de fomento, protecci\u00f3n, recuperaci\u00f3n y rehabilitaci\u00f3n de la salud, permitiendo la plena expresi\u00f3n del potencial gen\u00e9tico y una mejor calidad de vida; adem\u00e1s, de entregar a la sociedad un individuo con un [&hellip;]<\/p>\n","protected":false},"author":1,"featured_media":0,"parent":0,"menu_order":0,"comment_status":"closed","ping_status":"closed","template":"","meta":{"_eb_attr":"","_gspb_post_css":"","_uag_custom_page_level_css":"","site-sidebar-layout":"default","site-content-layout":"","ast-site-content-layout":"","site-content-style":"default","site-sidebar-style":"default","ast-global-header-display":"","ast-banner-title-visibility":"","ast-main-header-display":"","ast-hfb-above-header-display":"","ast-hfb-below-header-display":"","ast-hfb-mobile-header-display":"","site-post-title":"disabled","ast-breadcrumbs-content":"","ast-featured-img":"","footer-sml-layout":"","theme-transparent-header-meta":"","adv-header-id-meta":"","stick-header-meta":"","header-above-stick-meta":"","header-main-stick-meta":"","header-below-stick-meta":"","astra-migrate-meta-layouts":"default","ast-page-background-enabled":"default","ast-page-background-meta":{"desktop":{"background-color":"var(--ast-global-color-4)","background-image":"","background-repeat":"repeat","background-position":"center center","background-size":"auto","background-attachment":"scroll","background-type":"","background-media":"","overlay-type":"","overlay-color":"","overlay-opacity":"","overlay-gradient":""},"tablet":{"background-color":"","background-image":"","background-repeat":"repeat","background-position":"center center","background-size":"auto","background-attachment":"scroll","background-type":"","background-media":"","overlay-type":"","overlay-color":"","overlay-opacity":"","overlay-gradient":""},"mobile":{"background-color":"","background-image":"","background-repeat":"repeat","background-position":"center center","background-size":"auto","background-attachment":"scroll","background-type":"","background-media":"","overlay-type":"","overlay-color":"","overlay-opacity":"","overlay-gradient":""}},"ast-content-background-meta":{"desktop":{"background-color":"var(--ast-global-color-5)","background-image":"","background-repeat":"repeat","background-position":"center center","background-size":"auto","background-attachment":"scroll","background-type":"","background-media":"","overlay-type":"","overlay-color":"","overlay-opacity":"","overlay-gradient":""},"tablet":{"background-color":"var(--ast-global-color-5)","background-image":"","background-repeat":"repeat","background-position":"center center","background-size":"auto","background-attachment":"scroll","background-type":"","background-media":"","overlay-type":"","overlay-color":"","overlay-opacity":"","overlay-gradient":""},"mobile":{"background-color":"var(--ast-global-color-5)","background-image":"","background-repeat":"repeat","background-position":"center center","background-size":"auto","background-attachment":"scroll","background-type":"","background-media":"","overlay-type":"","overlay-color":"","overlay-opacity":"","overlay-gradient":""}},"_themeisle_gutenberg_block_has_review":false,"footnotes":""},"class_list":["post-799","page","type-page","status-publish","hentry"],"uagb_featured_image_src":{"full":false,"thumbnail":false,"medium":false,"medium_large":false,"large":false,"gs-tiny":false,"xl":false,"xxl":false,"xxxl":false,"xxxxl":false,"xxxxxl":false,"1536x1536":false,"2048x2048":false,"ultp_layout_landscape_large":false,"ultp_layout_landscape":false,"ultp_layout_portrait":false,"ultp_layout_square":false},"uagb_author_info":{"display_name":false,"author_link":false},"uagb_comment_info":0,"uagb_excerpt":"El Consultorio Externo Infantil otorga atenci\u00f3n abierta de Nivel Primario, teniendo como fin contribuir al desarrollo integral del ni\u00f1o, a trav\u00e9s, de actividades de fomento, protecci\u00f3n, recuperaci\u00f3n y rehabilitaci\u00f3n de la salud, permitiendo la plena expresi\u00f3n del potencial gen\u00e9tico y una mejor calidad de vida; adem\u00e1s, de entregar a la sociedad un individuo con un&hellip;","rttpg_featured_image_url":null,"rttpg_author":{"display_name":false,"author_link":false},"rttpg_comment":0,"rttpg_category":null,"rttpg_excerpt":"El Consultorio Externo Infantil otorga atenci\u00f3n abierta de Nivel Primario, teniendo como fin contribuir al desarrollo integral del ni\u00f1o, a trav\u00e9s, de actividades de fomento, protecci\u00f3n, recuperaci\u00f3n y rehabilitaci\u00f3n de la salud, permitiendo la plena expresi\u00f3n del potencial gen\u00e9tico y una mejor calidad de vida; adem\u00e1s, de entregar a la sociedad un individuo con un&hellip;","_links":{"self":[{"href":"https:\/\/www.hospitalnavalmagallanes.cl\/index.php?rest_route=\/wp\/v2\/pages\/799","targetHints":{"allow":["GET"]}}],"collection":[{"href":"https:\/\/www.hospitalnavalmagallanes.cl\/index.php?rest_route=\/wp\/v2\/pages"}],"about":[{"href":"https:\/\/www.hospitalnavalmagallanes.cl\/index.php?rest_route=\/wp\/v2\/types\/page"}],"author":[{"embeddable":true,"href":"https:\/\/www.hospitalnavalmagallanes.cl\/index.php?rest_route=\/wp\/v2\/users\/1"}],"replies":[{"embeddable":true,"href":"https:\/\/www.hospitalnavalmagallanes.cl\/index.php?rest_route=%2Fwp%2Fv2%2Fcomments&post=799"}],"version-history":[{"count":23,"href":"https:\/\/www.hospitalnavalmagallanes.cl\/index.php?rest_route=\/wp\/v2\/pages\/799\/revisions"}],"predecessor-version":[{"id":1218,"href":"https:\/\/www.hospitalnavalmagallanes.cl\/index.php?rest_route=\/wp\/v2\/pages\/799\/revisions\/1218"}],"wp:attachment":[{"href":"https:\/\/www.hospitalnavalmagallanes.cl\/index.php?rest_route=%2Fwp%2Fv2%2Fmedia&parent=799"}],"curies":[{"name":"wp","href":"https:\/\/api.w.org\/{rel}","templated":true}]}}