{"id":884,"date":"2023-01-03T11:54:04","date_gmt":"2023-01-03T11:54:04","guid":{"rendered":"https:\/\/www.hospitalnavalmagallanes.cl\/?page_id=884"},"modified":"2023-02-07T20:23:54","modified_gmt":"2023-02-07T20:23:54","slug":"oftalmologia","status":"publish","type":"page","link":"https:\/\/www.hospitalnavalmagallanes.cl\/?page_id=884","title":{"rendered":"Oftalmolog\u00eda"},"content":{"rendered":"\n<div id=\"wp-block-themeisle-blocks-advanced-columns-494968a3\" class=\"wp-block-themeisle-blocks-advanced-columns has-1-columns has-desktop-equal-layout has-tablet-equal-layout has-mobile-equal-layout has-vertical-unset\"><div class=\"wp-block-themeisle-blocks-advanced-columns-overlay\"><\/div><div class=\"innerblocks-wrap\">\n<div id=\"wp-block-themeisle-blocks-advanced-column-b6723fa9\" class=\"wp-block-themeisle-blocks-advanced-column\">\n<br>\n\n\n\n<div class=\"wp-block-cover is-light is-style-tw-border-inner tw-stretched-link tw-hover-opacity\" style=\"padding-top:20px;padding-right:20px;padding-bottom:20px;padding-left:20px;min-height:399px;aspect-ratio:unset;\"><span aria-hidden=\"true\" class=\"wp-block-cover__background has-ast-global-color-0-background-color has-background-dim-40 has-background-dim\"><\/span><img decoding=\"async\" width=\"1500\" height=\"1041\" sizes=\"(max-width: 799px) 200vw, (max-width: 1500px) 100vw, 1500px\" class=\"wp-block-cover__image-background wp-image-892\" alt=\"\" src=\"https:\/\/www.hospitalnavalmagallanes.cl\/wp-content\/uploads\/2023\/01\/OFTALMOLOGIA2.jpg\" style=\"object-position:58% 26%\" data-object-fit=\"cover\" data-object-position=\"58% 26%\" srcset=\"https:\/\/www.hospitalnavalmagallanes.cl\/wp-content\/uploads\/2023\/01\/OFTALMOLOGIA2.jpg 1500w, https:\/\/www.hospitalnavalmagallanes.cl\/wp-content\/uploads\/2023\/01\/OFTALMOLOGIA2-300x208.jpg 300w, https:\/\/www.hospitalnavalmagallanes.cl\/wp-content\/uploads\/2023\/01\/OFTALMOLOGIA2-1024x711.jpg 1024w, https:\/\/www.hospitalnavalmagallanes.cl\/wp-content\/uploads\/2023\/01\/OFTALMOLOGIA2-768x533.jpg 768w\" \/><div class=\"wp-block-cover__inner-container is-layout-flow wp-block-cover-is-layout-flow\">\n<p class=\"has-text-align-center has-large-font-size\">OFTALMOLOGIA<\/p>\n<\/div><\/div>\n\n\n\n<br>\nLa especialidad de Oftalmolog\u00eda del Hospital Naval C.C.G cuenta con profesionales del \u00e1rea de la salud que buscan otorgar una atenci\u00f3n de calidad y soluciones a las diferentes enfermedades oculares.<br>\nPara ello, entregamos diversos servicios entre los que destacan: la consulta m\u00e9dica, ex\u00e1menes oftalmol\u00f3gicos, procedimientos l\u00e1ser  y cirug\u00edas oftalmol\u00f3gicas.\n<\/div>\n<\/div><\/div>\n\n\n\n<div class=\"wp-block-columns is-layout-flex wp-container-core-columns-is-layout-6c3a7f47 wp-block-columns-is-layout-flex\" style=\"padding-top:0px;padding-right:0px;padding-bottom:0px;padding-left:0px\">\n<div class=\"wp-block-column is-layout-flow wp-block-column-is-layout-flow\" style=\"--col-width:66.66%;flex-basis:66.66%\">\n<div class=\"wp-block-essential-blocks-advanced-heading\"><div class=\"eb-parent-wrapper eb-parent-eb-advance-heading-juhyy1j \"><div class=\"eb-advance-heading-wrapper eb-advance-heading-juhyy1j button-1\" data-id=\"eb-advance-heading-juhyy1j\"><h2 class=\"eb-ah-title\">Ex\u00e1menes oftalmol\u00f3gicos<\/h2><div class=\"eb-ah-separator line\"><\/div><\/div><\/div><\/div>\n\n\n\n<ul>\n<li>Examen optom\u00e9trico con prescripci\u00f3n de lentes<\/li>\n<li>Tonometr\u00eda aplan\u00e1tica<\/li>\n<li>Curva de tensi\u00f3n aplan\u00e1tica<\/li>\n<li>Prueba de provocaci\u00f3n de glaucoma<\/li>\n<li>Campo visual computarizado<\/li>\n<li>Tomograf\u00eda de coherencia \u00f3ptica<\/li>\n<li>Paquimetr\u00eda corneal <\/li>\n<li>Estudio de estrabismo <\/li>\n<li>Tratamiento ort\u00f3ptico<\/li>\n<li>Tratamiento ple\u00f3ptico<\/li>\n<li>Diploscop\u00eda cuantitativa<\/li>\n<li>Microscopia especular <\/li>\n<li>Ecobiometria<\/li>\n<\/ul>\n\n\n\n<div class=\"wp-block-essential-blocks-advanced-heading\"><div class=\"eb-parent-wrapper eb-parent-eb-advance-heading-o55hvsr \"><div class=\"eb-advance-heading-wrapper eb-advance-heading-o55hvsr button-1\" data-id=\"eb-advance-heading-o55hvsr\"><h2 class=\"eb-ah-title\">Cirug\u00edas oftalmol\u00f3gicas<\/h2><div class=\"eb-ah-separator line\"><\/div><\/div><\/div><\/div>\n\n\n\n<ul>\n<li>Puntoplast\u00eda<\/li>\n<li>Dacriocistorrinostom\u00eda<\/li>\n<li>Blefaroplast\u00eda<\/li>\n<li>Cantoplast\u00eda<\/li>\n<li>Vaciamiento quir\u00fargico de chalazi\u00f3n<\/li>\n<li>Resecci\u00f3n de tumores benignos palpebrales<\/li>\n<li>Extirpaci\u00f3n de pterigion<\/li>\n<li>Facoemulsificaci\u00f3n con implante de lente intraocular (cirug\u00eda de catarata)<\/li>\n<li>Trabeculectom\u00eda (cirug\u00eda de glaucoma)<\/li>\n<li>Inyecci\u00f3n avastin intravitreo<\/li>\n<\/ul>\n\n\n\n<div class=\"wp-block-essential-blocks-advanced-heading\"><div class=\"eb-parent-wrapper eb-parent-eb-advance-heading-e7oti69 \"><div class=\"eb-advance-heading-wrapper eb-advance-heading-e7oti69 button-1\" data-id=\"eb-advance-heading-e7oti69\"><h2 class=\"eb-ah-title\">Procedimientos l\u00e1ser<\/h2><div class=\"eb-ah-separator line\"><\/div><\/div><\/div><\/div>\n\n\n\n<ul>\n<li>Iridotom\u00eda yag l\u00e1ser<\/li>\n<li>Capsulotom\u00eda yag l\u00e1ser<\/li> \n<\/ul>\n\n\n\n<div class=\"wp-block-essential-blocks-advanced-heading\"><div class=\"eb-parent-wrapper eb-parent-eb-advance-heading-2zonh4h \"><div class=\"eb-advance-heading-wrapper eb-advance-heading-2zonh4h button-1\" data-id=\"eb-advance-heading-2zonh4h\"><h2 class=\"eb-ah-title\">Beneficiarios<\/h2><div class=\"eb-ah-separator line\"><\/div><\/div><\/div><\/div>\n\n\n\nComprende a usuarios tanto pedi\u00e1tricos como adultos.\n<\/div>\n\n\n\n<div class=\"wp-block-column is-layout-flow wp-block-column-is-layout-flow\" style=\"--col-width:33.33%;flex-basis:33.33%\">\n<div class=\"wp-block-essential-blocks-advanced-heading\"><div class=\"eb-parent-wrapper eb-parent-eb-advance-heading-tilwa9l \"><div class=\"eb-advance-heading-wrapper eb-advance-heading-tilwa9l button-1\" data-id=\"eb-advance-heading-tilwa9l\"><h2 class=\"eb-ah-title\">Horarios<\/h2><div class=\"eb-ah-separator line\"><\/div><\/div><\/div><\/div>\n\n\n\n<ul>\n<li>Lunes a jueves de 8:00 a 12.30 y de 14:00 a 17:00<\/li>\n<li>Viernes de 8:00 a 12.30 y de 14 a 16.00<\/li>\n<\/ul>\n<\/div>\n<\/div>\n","protected":false},"excerpt":{"rendered":"<p>Examen optom\u00e9trico con prescripci\u00f3n de lentes Tonometr\u00eda aplan\u00e1tica Curva de tensi\u00f3n aplan\u00e1tica Prueba de provocaci\u00f3n de glaucoma Campo visual computarizado Tomograf\u00eda de coherencia \u00f3ptica Paquimetr\u00eda corneal Estudio de estrabismo Tratamiento ort\u00f3ptico Tratamiento ple\u00f3ptico Diploscop\u00eda cuantitativa Microscopia especular Ecobiometria Puntoplast\u00eda Dacriocistorrinostom\u00eda Blefaroplast\u00eda Cantoplast\u00eda Vaciamiento quir\u00fargico de chalazi\u00f3n Resecci\u00f3n de tumores benignos palpebrales Extirpaci\u00f3n de pterigion Facoemulsificaci\u00f3n [&hellip;]<\/p>\n","protected":false},"author":1,"featured_media":0,"parent":0,"menu_order":0,"comment_status":"closed","ping_status":"closed","template":"","meta":{"_eb_attr":"","_gspb_post_css":"","_uag_custom_page_level_css":"","site-sidebar-layout":"default","site-content-layout":"","ast-site-content-layout":"","site-content-style":"default","site-sidebar-style":"default","ast-global-header-display":"","ast-banner-title-visibility":"","ast-main-header-display":"","ast-hfb-above-header-display":"","ast-hfb-below-header-display":"","ast-hfb-mobile-header-display":"","site-post-title":"disabled","ast-breadcrumbs-content":"","ast-featured-img":"","footer-sml-layout":"","theme-transparent-header-meta":"","adv-header-id-meta":"","stick-header-meta":"","header-above-stick-meta":"","header-main-stick-meta":"","header-below-stick-meta":"","astra-migrate-meta-layouts":"default","ast-page-background-enabled":"default","ast-page-background-meta":{"desktop":{"background-color":"var(--ast-global-color-4)","background-image":"","background-repeat":"repeat","background-position":"center center","background-size":"auto","background-attachment":"scroll","background-type":"","background-media":"","overlay-type":"","overlay-color":"","overlay-opacity":"","overlay-gradient":""},"tablet":{"background-color":"","background-image":"","background-repeat":"repeat","background-position":"center center","background-size":"auto","background-attachment":"scroll","background-type":"","background-media":"","overlay-type":"","overlay-color":"","overlay-opacity":"","overlay-gradient":""},"mobile":{"background-color":"","background-image":"","background-repeat":"repeat","background-position":"center center","background-size":"auto","background-attachment":"scroll","background-type":"","background-media":"","overlay-type":"","overlay-color":"","overlay-opacity":"","overlay-gradient":""}},"ast-content-background-meta":{"desktop":{"background-color":"var(--ast-global-color-5)","background-image":"","background-repeat":"repeat","background-position":"center center","background-size":"auto","background-attachment":"scroll","background-type":"","background-media":"","overlay-type":"","overlay-color":"","overlay-opacity":"","overlay-gradient":""},"tablet":{"background-color":"var(--ast-global-color-5)","background-image":"","background-repeat":"repeat","background-position":"center center","background-size":"auto","background-attachment":"scroll","background-type":"","background-media":"","overlay-type":"","overlay-color":"","overlay-opacity":"","overlay-gradient":""},"mobile":{"background-color":"var(--ast-global-color-5)","background-image":"","background-repeat":"repeat","background-position":"center center","background-size":"auto","background-attachment":"scroll","background-type":"","background-media":"","overlay-type":"","overlay-color":"","overlay-opacity":"","overlay-gradient":""}},"_themeisle_gutenberg_block_has_review":false,"footnotes":""},"class_list":["post-884","page","type-page","status-publish","hentry"],"uagb_featured_image_src":{"full":false,"thumbnail":false,"medium":false,"medium_large":false,"large":false,"gs-tiny":false,"xl":false,"xxl":false,"xxxl":false,"xxxxl":false,"xxxxxl":false,"1536x1536":false,"2048x2048":false,"ultp_layout_landscape_large":false,"ultp_layout_landscape":false,"ultp_layout_portrait":false,"ultp_layout_square":false},"uagb_author_info":{"display_name":false,"author_link":false},"uagb_comment_info":0,"uagb_excerpt":"Examen optom\u00e9trico con prescripci\u00f3n de lentes Tonometr\u00eda aplan\u00e1tica Curva de tensi\u00f3n aplan\u00e1tica Prueba de provocaci\u00f3n de glaucoma Campo visual computarizado Tomograf\u00eda de coherencia \u00f3ptica Paquimetr\u00eda corneal Estudio de estrabismo Tratamiento ort\u00f3ptico Tratamiento ple\u00f3ptico Diploscop\u00eda cuantitativa Microscopia especular Ecobiometria Puntoplast\u00eda Dacriocistorrinostom\u00eda Blefaroplast\u00eda Cantoplast\u00eda Vaciamiento quir\u00fargico de chalazi\u00f3n Resecci\u00f3n de tumores benignos palpebrales Extirpaci\u00f3n de pterigion Facoemulsificaci\u00f3n&hellip;","rttpg_featured_image_url":null,"rttpg_author":{"display_name":false,"author_link":false},"rttpg_comment":0,"rttpg_category":null,"rttpg_excerpt":"Examen optom\u00e9trico con prescripci\u00f3n de lentes Tonometr\u00eda aplan\u00e1tica Curva de tensi\u00f3n aplan\u00e1tica Prueba de provocaci\u00f3n de glaucoma Campo visual computarizado Tomograf\u00eda de coherencia \u00f3ptica Paquimetr\u00eda corneal Estudio de estrabismo Tratamiento ort\u00f3ptico Tratamiento ple\u00f3ptico Diploscop\u00eda cuantitativa Microscopia especular Ecobiometria Puntoplast\u00eda Dacriocistorrinostom\u00eda Blefaroplast\u00eda Cantoplast\u00eda Vaciamiento quir\u00fargico de chalazi\u00f3n Resecci\u00f3n de tumores benignos palpebrales Extirpaci\u00f3n de pterigion Facoemulsificaci\u00f3n&hellip;","_links":{"self":[{"href":"https:\/\/www.hospitalnavalmagallanes.cl\/index.php?rest_route=\/wp\/v2\/pages\/884","targetHints":{"allow":["GET"]}}],"collection":[{"href":"https:\/\/www.hospitalnavalmagallanes.cl\/index.php?rest_route=\/wp\/v2\/pages"}],"about":[{"href":"https:\/\/www.hospitalnavalmagallanes.cl\/index.php?rest_route=\/wp\/v2\/types\/page"}],"author":[{"embeddable":true,"href":"https:\/\/www.hospitalnavalmagallanes.cl\/index.php?rest_route=\/wp\/v2\/users\/1"}],"replies":[{"embeddable":true,"href":"https:\/\/www.hospitalnavalmagallanes.cl\/index.php?rest_route=%2Fwp%2Fv2%2Fcomments&post=884"}],"version-history":[{"count":11,"href":"https:\/\/www.hospitalnavalmagallanes.cl\/index.php?rest_route=\/wp\/v2\/pages\/884\/revisions"}],"predecessor-version":[{"id":1216,"href":"https:\/\/www.hospitalnavalmagallanes.cl\/index.php?rest_route=\/wp\/v2\/pages\/884\/revisions\/1216"}],"wp:attachment":[{"href":"https:\/\/www.hospitalnavalmagallanes.cl\/index.php?rest_route=%2Fwp%2Fv2%2Fmedia&parent=884"}],"curies":[{"name":"wp","href":"https:\/\/api.w.org\/{rel}","templated":true}]}}