{"id":929,"date":"2023-01-03T18:47:05","date_gmt":"2023-01-03T18:47:05","guid":{"rendered":"https:\/\/www.hospitalnavalmagallanes.cl\/?page_id=929"},"modified":"2023-02-07T20:10:12","modified_gmt":"2023-02-07T20:10:12","slug":"nutricion","status":"publish","type":"page","link":"https:\/\/www.hospitalnavalmagallanes.cl\/?page_id=929","title":{"rendered":"Alimentaci\u00f3n y Nutrici\u00f3n"},"content":{"rendered":"\n<br>\n\n\n\n<div id=\"wp-block-themeisle-blocks-advanced-columns-494968a3\" class=\"wp-block-themeisle-blocks-advanced-columns has-1-columns has-desktop-equal-layout has-tablet-equal-layout has-mobile-equal-layout has-vertical-unset\"><div class=\"wp-block-themeisle-blocks-advanced-columns-overlay\"><\/div><div class=\"innerblocks-wrap\">\n<div id=\"wp-block-themeisle-blocks-advanced-column-b6723fa9\" class=\"wp-block-themeisle-blocks-advanced-column\">\n<div class=\"wp-block-cover is-style-tw-border-inner tw-stretched-link tw-hover-opacity\" style=\"min-height:314px;aspect-ratio:unset;\"><span aria-hidden=\"true\" class=\"wp-block-cover__background has-ast-global-color-0-background-color has-background-dim-40 has-background-dim\"><\/span><img decoding=\"async\" width=\"1580\" height=\"1259\" sizes=\"(max-width: 799px) 200vw, (max-width: 1580px) 100vw, 1580px\" class=\"wp-block-cover__image-background wp-image-930\" alt=\"\" src=\"https:\/\/www.hospitalnavalmagallanes.cl\/wp-content\/uploads\/2023\/01\/NUTRICION.jpg\" style=\"object-position:57% 36%\" data-object-fit=\"cover\" data-object-position=\"57% 36%\" srcset=\"https:\/\/www.hospitalnavalmagallanes.cl\/wp-content\/uploads\/2023\/01\/NUTRICION.jpg 1580w, https:\/\/www.hospitalnavalmagallanes.cl\/wp-content\/uploads\/2023\/01\/NUTRICION-300x239.jpg 300w, https:\/\/www.hospitalnavalmagallanes.cl\/wp-content\/uploads\/2023\/01\/NUTRICION-1024x816.jpg 1024w, https:\/\/www.hospitalnavalmagallanes.cl\/wp-content\/uploads\/2023\/01\/NUTRICION-768x612.jpg 768w, https:\/\/www.hospitalnavalmagallanes.cl\/wp-content\/uploads\/2023\/01\/NUTRICION-1536x1224.jpg 1536w\" \/><div class=\"wp-block-cover__inner-container is-layout-flow wp-block-cover-is-layout-flow\">\n<p class=\"has-text-align-center has-large-font-size\">ALIMENTACION Y NUTRICION<\/p>\n<\/div><\/div>\n\n\n\n<br>\nEl Servicio de Alimentaci\u00f3n y Nutrici\u00f3n del Hospital de las Fuerzas Armadas Cirujano C. Guzm\u00e1n tiene como finalidad elaborar y\/o distribuir alimentaci\u00f3n cient\u00edficamente planificada de acuerdo a recomendaciones nutricionales nacionales e internacionales, a trav\u00e9s de platos preparados u otras preparaciones culinarias, de acuerdo a est\u00e1ndares t\u00e9cnicos y sanitarios; destinados a pacientes hospitalizados, pacientes ambulatorios o usuarios sanos, a quienes se les brinda asistencia alimentaria-nutricional respondiendo a sus necesidades.\n\n<ul style=\"margin: 20px\">\n<li><b>Unidad Central de Producci\u00f3n (UCP):<\/b> elabora la alimentaci\u00f3n acorde a las planificaciones seg\u00fan recomendaciones nutricionales, est\u00e1ndares t\u00e9cnicos y sanitarios para pacientes hospitalizados y dotaci\u00f3n del hospital.<\/li>\n<li><b>Unidad Diet\u00e9tica de Distribuci\u00f3n (UDD):<\/b> se lleva a cabo el porcionamiento y distribuci\u00f3n de la alimentaci\u00f3n a los pacientes de los diferentes servicios cl\u00ednicos, previa adecuaci\u00f3n de la alimentaci\u00f3n seg\u00fan requerimientos y necesidades estimadas por patolog\u00edas para su tratamiento diet\u00e9tico.<\/li>\n<li><b>Servicio Diet\u00e9tico de Leche y Central de f\u00f3rmulas l\u00e1cteas (SEDILE \u2013 CEFE):<\/b> preparaci\u00f3n y distribuci\u00f3n de f\u00f3rmulas l\u00e1cteas para neonatos y alimentaci\u00f3n enteral para pacientes cr\u00edticos.<\/li>\n<li><b>Atenci\u00f3n Primaria:<\/b> consulta nutricional en Policl\u00ednico Adulto en su Programa Cardiovascular para pacientes cr\u00f3nicos, Programa Mujer para control prenatal, y Programa Adulto para pacientes sin morbilidades que deseen mejorar sus h\u00e1bitos alimentarios; y Policl\u00ednico Pediatr\u00eda donde se realizan Controles de Ni\u00f1o Sano y consulta por Malnutrici\u00f3n.<\/li>\n<\/ul>\n<\/div>\n<\/div><\/div>\n\n\n\n<div class=\"wp-block-columns is-layout-flex wp-container-core-columns-is-layout-6c3a7f47 wp-block-columns-is-layout-flex\" style=\"padding-top:0px;padding-right:0px;padding-bottom:0px;padding-left:0px\">\n<div class=\"wp-block-column is-layout-flow wp-block-column-is-layout-flow\" style=\"--col-width:66.66%;flex-basis:66.66%\">\n<div class=\"wp-block-essential-blocks-advanced-heading\"><div class=\"eb-parent-wrapper eb-parent-eb-advance-heading-juhyy1j \"><div class=\"eb-advance-heading-wrapper eb-advance-heading-juhyy1j button-1\" data-id=\"eb-advance-heading-juhyy1j\"><h2 class=\"eb-ah-title\">Procedimientos<\/h2><div class=\"eb-ah-separator line\"><\/div><\/div><\/div><\/div>\n\n\n\n<ul style=\"margin: 20px\">\n<li><b>\u00c1rea Cl\u00ednica:<\/b> Atenci\u00f3n directa del paciente hospitalizado en los servicios de Maternidad, Unidad de Paciente Cr\u00edtico, y M\u00e9dico Quir\u00fargico, a quien se le brinda asistencia nutricional acorde a las necesidades diet\u00e9ticas que implique su patolog\u00eda a trav\u00e9s de la evaluaci\u00f3n y vigilancia nutricional.<\/li>\n<li><b>Unidad Central de Producci\u00f3n:<\/b> Supervisi\u00f3n del cumplimiento de las normas de higiene e inocuidad alimentaria durante la producci\u00f3n, de acuerdo a lo planificado para la entrega de la alimentaci\u00f3n.<\/li>\n<\/ul>\n\n\n\n<div class=\"wp-block-essential-blocks-advanced-heading\"><div class=\"eb-parent-wrapper eb-parent-eb-advance-heading-2zonh4h \"><div class=\"eb-advance-heading-wrapper eb-advance-heading-2zonh4h button-1\" data-id=\"eb-advance-heading-2zonh4h\"><h2 class=\"eb-ah-title\">Beneficiarios<\/h2><div class=\"eb-ah-separator line\"><\/div><\/div><\/div><\/div>\n\n\n\n<ul style=\"margin: 20px\">\n<li>Personal activo de Armada, retirados y cargas familiares.<\/li>\n<li>Personal de otras Ramas de las Fuerzas Armadas y de Orden P\u00fablico, as\u00ed como sus cargas (Fuerza A\u00e9rea, Ej\u00e9rcito, Carabineros, PDI, Gendarmer\u00eda).<\/li>\n<li>Convenios con mutualidades: ACHS, IST, Mutual de Seguridad.<\/li>\n<li>Convenios FONASA e ISAPRES.<\/li>\n<\/ul>\n<\/div>\n\n\n\n<div class=\"wp-block-column is-layout-flow wp-block-column-is-layout-flow\" style=\"--col-width:33.33%;flex-basis:33.33%\">\n<div class=\"wp-block-essential-blocks-advanced-heading\"><div class=\"eb-parent-wrapper eb-parent-eb-advance-heading-tilwa9l \"><div class=\"eb-advance-heading-wrapper eb-advance-heading-tilwa9l button-1\" data-id=\"eb-advance-heading-tilwa9l\"><h2 class=\"eb-ah-title\">Horarios<\/h2><div class=\"eb-ah-separator line\"><\/div><\/div><\/div><\/div>\n\n\n\n<ul style=\"margin: 20px\">\n<li><b>Servicio de Alimentaci\u00f3n:<\/b> lunes a domingo, otorgando la alimentaci\u00f3n (desayuno, almuerzo, once\ny cena).<\/li>\n<li><b>Atenci\u00f3n de Nutricionista Cl\u00ednica:<\/b> lunes a jueves desde 08:00 a 17:00hrs, viernes de 08:00 a\n16:00hrs<\/li>\n<\/ul>\n<\/div>\n<\/div>\n","protected":false},"excerpt":{"rendered":"<p>\u00c1rea Cl\u00ednica: Atenci\u00f3n directa del paciente hospitalizado en los servicios de Maternidad, Unidad de Paciente Cr\u00edtico, y M\u00e9dico Quir\u00fargico, a quien se le brinda asistencia nutricional acorde a las necesidades diet\u00e9ticas que implique su patolog\u00eda a trav\u00e9s de la evaluaci\u00f3n y vigilancia nutricional. Unidad Central de Producci\u00f3n: Supervisi\u00f3n del cumplimiento de las normas de higiene [&hellip;]<\/p>\n","protected":false},"author":1,"featured_media":0,"parent":0,"menu_order":0,"comment_status":"closed","ping_status":"closed","template":"","meta":{"_eb_attr":"","_gspb_post_css":"","_uag_custom_page_level_css":"","site-sidebar-layout":"default","site-content-layout":"","ast-site-content-layout":"","site-content-style":"default","site-sidebar-style":"default","ast-global-header-display":"","ast-banner-title-visibility":"","ast-main-header-display":"","ast-hfb-above-header-display":"","ast-hfb-below-header-display":"","ast-hfb-mobile-header-display":"","site-post-title":"disabled","ast-breadcrumbs-content":"","ast-featured-img":"","footer-sml-layout":"","theme-transparent-header-meta":"","adv-header-id-meta":"","stick-header-meta":"","header-above-stick-meta":"","header-main-stick-meta":"","header-below-stick-meta":"","astra-migrate-meta-layouts":"default","ast-page-background-enabled":"default","ast-page-background-meta":{"desktop":{"background-color":"var(--ast-global-color-4)","background-image":"","background-repeat":"repeat","background-position":"center center","background-size":"auto","background-attachment":"scroll","background-type":"","background-media":"","overlay-type":"","overlay-color":"","overlay-opacity":"","overlay-gradient":""},"tablet":{"background-color":"","background-image":"","background-repeat":"repeat","background-position":"center center","background-size":"auto","background-attachment":"scroll","background-type":"","background-media":"","overlay-type":"","overlay-color":"","overlay-opacity":"","overlay-gradient":""},"mobile":{"background-color":"","background-image":"","background-repeat":"repeat","background-position":"center center","background-size":"auto","background-attachment":"scroll","background-type":"","background-media":"","overlay-type":"","overlay-color":"","overlay-opacity":"","overlay-gradient":""}},"ast-content-background-meta":{"desktop":{"background-color":"var(--ast-global-color-5)","background-image":"","background-repeat":"repeat","background-position":"center center","background-size":"auto","background-attachment":"scroll","background-type":"","background-media":"","overlay-type":"","overlay-color":"","overlay-opacity":"","overlay-gradient":""},"tablet":{"background-color":"var(--ast-global-color-5)","background-image":"","background-repeat":"repeat","background-position":"center center","background-size":"auto","background-attachment":"scroll","background-type":"","background-media":"","overlay-type":"","overlay-color":"","overlay-opacity":"","overlay-gradient":""},"mobile":{"background-color":"var(--ast-global-color-5)","background-image":"","background-repeat":"repeat","background-position":"center center","background-size":"auto","background-attachment":"scroll","background-type":"","background-media":"","overlay-type":"","overlay-color":"","overlay-opacity":"","overlay-gradient":""}},"_themeisle_gutenberg_block_has_review":false,"footnotes":""},"class_list":["post-929","page","type-page","status-publish","hentry"],"uagb_featured_image_src":{"full":false,"thumbnail":false,"medium":false,"medium_large":false,"large":false,"gs-tiny":false,"xl":false,"xxl":false,"xxxl":false,"xxxxl":false,"xxxxxl":false,"1536x1536":false,"2048x2048":false,"ultp_layout_landscape_large":false,"ultp_layout_landscape":false,"ultp_layout_portrait":false,"ultp_layout_square":false},"uagb_author_info":{"display_name":false,"author_link":false},"uagb_comment_info":0,"uagb_excerpt":"\u00c1rea Cl\u00ednica: Atenci\u00f3n directa del paciente hospitalizado en los servicios de Maternidad, Unidad de Paciente Cr\u00edtico, y M\u00e9dico Quir\u00fargico, a quien se le brinda asistencia nutricional acorde a las necesidades diet\u00e9ticas que implique su patolog\u00eda a trav\u00e9s de la evaluaci\u00f3n y vigilancia nutricional. Unidad Central de Producci\u00f3n: Supervisi\u00f3n del cumplimiento de las normas de higiene&hellip;","rttpg_featured_image_url":null,"rttpg_author":{"display_name":false,"author_link":false},"rttpg_comment":0,"rttpg_category":null,"rttpg_excerpt":"\u00c1rea Cl\u00ednica: Atenci\u00f3n directa del paciente hospitalizado en los servicios de Maternidad, Unidad de Paciente Cr\u00edtico, y M\u00e9dico Quir\u00fargico, a quien se le brinda asistencia nutricional acorde a las necesidades diet\u00e9ticas que implique su patolog\u00eda a trav\u00e9s de la evaluaci\u00f3n y vigilancia nutricional. Unidad Central de Producci\u00f3n: Supervisi\u00f3n del cumplimiento de las normas de higiene&hellip;","_links":{"self":[{"href":"https:\/\/www.hospitalnavalmagallanes.cl\/index.php?rest_route=\/wp\/v2\/pages\/929","targetHints":{"allow":["GET"]}}],"collection":[{"href":"https:\/\/www.hospitalnavalmagallanes.cl\/index.php?rest_route=\/wp\/v2\/pages"}],"about":[{"href":"https:\/\/www.hospitalnavalmagallanes.cl\/index.php?rest_route=\/wp\/v2\/types\/page"}],"author":[{"embeddable":true,"href":"https:\/\/www.hospitalnavalmagallanes.cl\/index.php?rest_route=\/wp\/v2\/users\/1"}],"replies":[{"embeddable":true,"href":"https:\/\/www.hospitalnavalmagallanes.cl\/index.php?rest_route=%2Fwp%2Fv2%2Fcomments&post=929"}],"version-history":[{"count":15,"href":"https:\/\/www.hospitalnavalmagallanes.cl\/index.php?rest_route=\/wp\/v2\/pages\/929\/revisions"}],"predecessor-version":[{"id":1204,"href":"https:\/\/www.hospitalnavalmagallanes.cl\/index.php?rest_route=\/wp\/v2\/pages\/929\/revisions\/1204"}],"wp:attachment":[{"href":"https:\/\/www.hospitalnavalmagallanes.cl\/index.php?rest_route=%2Fwp%2Fv2%2Fmedia&parent=929"}],"curies":[{"name":"wp","href":"https:\/\/api.w.org\/{rel}","templated":true}]}}