{"id":961,"date":"2023-01-03T19:28:09","date_gmt":"2023-01-03T19:28:09","guid":{"rendered":"https:\/\/www.hospitalnavalmagallanes.cl\/?page_id=961"},"modified":"2023-02-07T20:16:17","modified_gmt":"2023-02-07T20:16:17","slug":"biomedica","status":"publish","type":"page","link":"https:\/\/www.hospitalnavalmagallanes.cl\/?page_id=961","title":{"rendered":"Biom\u00e9dica"},"content":{"rendered":"\n<br>\n\n\n\n<div id=\"wp-block-themeisle-blocks-advanced-columns-494968a3\" class=\"wp-block-themeisle-blocks-advanced-columns has-1-columns has-desktop-equal-layout has-tablet-equal-layout has-mobile-equal-layout has-vertical-unset\"><div class=\"wp-block-themeisle-blocks-advanced-columns-overlay\"><\/div><div class=\"innerblocks-wrap\">\n<div id=\"wp-block-themeisle-blocks-advanced-column-b6723fa9\" class=\"wp-block-themeisle-blocks-advanced-column\">\n<div class=\"wp-block-cover is-light tw-mb-auto is-style-tw-border-inner tw-stretched-link tw-hover-opacity\" style=\"padding-top:0px;padding-right:0px;padding-bottom:0px;padding-left:0px;min-height:301px;aspect-ratio:unset;\"><span aria-hidden=\"true\" class=\"wp-block-cover__background has-ast-global-color-0-background-color has-background-dim-40 has-background-dim\"><\/span><img decoding=\"async\" width=\"2000\" height=\"1500\" sizes=\"(max-width: 799px) 200vw, (max-width: 2000px) 100vw, 2000px\" class=\"wp-block-cover__image-background wp-image-785\" alt=\"\" src=\"https:\/\/www.hospitalnavalmagallanes.cl\/wp-content\/uploads\/2022\/12\/FRONTIS1-1.jpg\" style=\"object-position:53% 54%\" data-object-fit=\"cover\" data-object-position=\"53% 54%\" srcset=\"https:\/\/www.hospitalnavalmagallanes.cl\/wp-content\/uploads\/2022\/12\/FRONTIS1-1.jpg 2000w, https:\/\/www.hospitalnavalmagallanes.cl\/wp-content\/uploads\/2022\/12\/FRONTIS1-1-300x225.jpg 300w, https:\/\/www.hospitalnavalmagallanes.cl\/wp-content\/uploads\/2022\/12\/FRONTIS1-1-1024x768.jpg 1024w, https:\/\/www.hospitalnavalmagallanes.cl\/wp-content\/uploads\/2022\/12\/FRONTIS1-1-768x576.jpg 768w, https:\/\/www.hospitalnavalmagallanes.cl\/wp-content\/uploads\/2022\/12\/FRONTIS1-1-1600x1200.jpg 1600w, https:\/\/www.hospitalnavalmagallanes.cl\/wp-content\/uploads\/2022\/12\/FRONTIS1-1-1536x1152.jpg 1536w\" \/><div class=\"wp-block-cover__inner-container is-layout-flow wp-block-cover-is-layout-flow\">\n<p class=\"has-text-align-center has-large-font-size\">BIOMEDICA<\/p>\n<\/div><\/div>\n\n\n\n<br>\nEl Departamento de Ingenier\u00eda Biom\u00e9dica, dependiente de la Sub Direcci\u00f3n Cl\u00ednica, se encarga de efectuar la gesti\u00f3n de la Tecnolog\u00eda M\u00e9dica del Hospital de las FF.AA de Punta Arenas, realizando la inspecci\u00f3n al equipamiento y discriminando si, t\u00e9cnicamente el equipo puede ser reparado o mantenido por medios propios.<br>\nAdicionalmente a lo anterior el prop\u00f3sito del Departamento de Ingenier\u00eda Biom\u00e9dica  es asesorar en materia de adquisici\u00f3n y utilizaci\u00f3n de los equipos y sistemas m\u00e9dicos, asegurando la disponibilidad, eficiencia, confiabilidad y seguridad. Por ende, atender en forma eficiente a los pacientes de este hospital.\n<\/div>\n<\/div><\/div>\n\n\n\n<div class=\"wp-block-columns is-layout-flex wp-container-core-columns-is-layout-6c3a7f47 wp-block-columns-is-layout-flex\" style=\"padding-top:0px;padding-right:0px;padding-bottom:0px;padding-left:0px\">\n<div class=\"wp-block-column is-layout-flow wp-block-column-is-layout-flow\" style=\"--col-width:66.66%;flex-basis:66.66%\">\n<div class=\"wp-block-essential-blocks-advanced-heading\"><div class=\"eb-parent-wrapper eb-parent-eb-advance-heading-juhyy1j \"><div class=\"eb-advance-heading-wrapper eb-advance-heading-juhyy1j button-1\" data-id=\"eb-advance-heading-juhyy1j\"><h2 class=\"eb-ah-title\">Procedimientos<\/h2><div class=\"eb-ah-separator line\"><\/div><\/div><\/div><\/div>\n\n\n\n<ul style=\"margin: 20px\">\n<li>Evaluaci\u00f3n de nuevas tecnolog\u00edas m\u00e9dicas.<\/li>\n<li>An\u00e1lisis de necesidades cl\u00ednicas.<\/li>\n<li>Evaluaci\u00f3n de obsolescencia de equipamientos.<\/li>\n<li>Preparaci\u00f3n de bases t\u00e9cnicas y matrices de evaluaci\u00f3n  para propuestas.<\/li>\n<li>An\u00e1lisis de las ofertas aplicando matrices matem\u00e1ticas.<\/li>\n<li>Evaluaci\u00f3n cl\u00ednica\/t\u00e9cnica en recepci\u00f3n para propuestas.<\/li>\n<li>Recomendaci\u00f3n de adquisici\u00f3n.<\/li>\n<li>Apoyo a la gesti\u00f3n de inventarios de equipos.<\/li>\n<li>Mantenci\u00f3n correctiva.<\/li>\n<li>Mantenci\u00f3n preventiva.<\/li>\n<li>An\u00e1lisis de seguridad el\u00e9ctrica.<\/li>\n<li>Capacitaciones a usuarios.<\/li>\n<li>Apoyo a la gesti\u00f3n inform\u00e1tica orientada al \u00e1rea cl\u00ednica.<\/li>\n<li>Ejecuci\u00f3n de protocolo de mantenimiento de Equipos Cr\u00edticos.<\/li>\n<li>Apoyo a unidades a flote y reparticiones dependientes de la  Tercera Zona Naval.<\/li>\n<li>Mantenimiento a equipos m\u00e9dicos en Base Prat en la Ant\u00e1rtica.<\/li>\n<\/ul>\n<\/div>\n\n\n\n<div class=\"wp-block-column is-layout-flow wp-block-column-is-layout-flow\" style=\"--col-width:33.33%;flex-basis:33.33%\">\n<div class=\"wp-block-essential-blocks-advanced-heading\"><div class=\"eb-parent-wrapper eb-parent-eb-advance-heading-tilwa9l \"><div class=\"eb-advance-heading-wrapper eb-advance-heading-tilwa9l button-1\" data-id=\"eb-advance-heading-tilwa9l\"><h2 class=\"eb-ah-title\">Horarios<\/h2><div class=\"eb-ah-separator line\"><\/div><\/div><\/div><\/div>\n\n\n\nDesde las 08:10 a 17:00 Hrs.<br>\nTurno de llamado apoyo a los servicios cl\u00ednicos 24\/7.\n<\/div>\n<\/div>\n","protected":false},"excerpt":{"rendered":"<p>Evaluaci\u00f3n de nuevas tecnolog\u00edas m\u00e9dicas. An\u00e1lisis de necesidades cl\u00ednicas. Evaluaci\u00f3n de obsolescencia de equipamientos. Preparaci\u00f3n de bases t\u00e9cnicas y matrices de evaluaci\u00f3n para propuestas. An\u00e1lisis de las ofertas aplicando matrices matem\u00e1ticas. Evaluaci\u00f3n cl\u00ednica\/t\u00e9cnica en recepci\u00f3n para propuestas. Recomendaci\u00f3n de adquisici\u00f3n. Apoyo a la gesti\u00f3n de inventarios de equipos. Mantenci\u00f3n correctiva. Mantenci\u00f3n preventiva. An\u00e1lisis de seguridad [&hellip;]<\/p>\n","protected":false},"author":1,"featured_media":0,"parent":0,"menu_order":0,"comment_status":"closed","ping_status":"closed","template":"","meta":{"_eb_attr":"","_gspb_post_css":"","_uag_custom_page_level_css":"","site-sidebar-layout":"default","site-content-layout":"","ast-site-content-layout":"","site-content-style":"default","site-sidebar-style":"default","ast-global-header-display":"","ast-banner-title-visibility":"","ast-main-header-display":"","ast-hfb-above-header-display":"","ast-hfb-below-header-display":"","ast-hfb-mobile-header-display":"","site-post-title":"disabled","ast-breadcrumbs-content":"","ast-featured-img":"","footer-sml-layout":"","theme-transparent-header-meta":"","adv-header-id-meta":"","stick-header-meta":"","header-above-stick-meta":"","header-main-stick-meta":"","header-below-stick-meta":"","astra-migrate-meta-layouts":"default","ast-page-background-enabled":"default","ast-page-background-meta":{"desktop":{"background-color":"var(--ast-global-color-4)","background-image":"","background-repeat":"repeat","background-position":"center center","background-size":"auto","background-attachment":"scroll","background-type":"","background-media":"","overlay-type":"","overlay-color":"","overlay-opacity":"","overlay-gradient":""},"tablet":{"background-color":"","background-image":"","background-repeat":"repeat","background-position":"center center","background-size":"auto","background-attachment":"scroll","background-type":"","background-media":"","overlay-type":"","overlay-color":"","overlay-opacity":"","overlay-gradient":""},"mobile":{"background-color":"","background-image":"","background-repeat":"repeat","background-position":"center center","background-size":"auto","background-attachment":"scroll","background-type":"","background-media":"","overlay-type":"","overlay-color":"","overlay-opacity":"","overlay-gradient":""}},"ast-content-background-meta":{"desktop":{"background-color":"var(--ast-global-color-5)","background-image":"","background-repeat":"repeat","background-position":"center center","background-size":"auto","background-attachment":"scroll","background-type":"","background-media":"","overlay-type":"","overlay-color":"","overlay-opacity":"","overlay-gradient":""},"tablet":{"background-color":"var(--ast-global-color-5)","background-image":"","background-repeat":"repeat","background-position":"center center","background-size":"auto","background-attachment":"scroll","background-type":"","background-media":"","overlay-type":"","overlay-color":"","overlay-opacity":"","overlay-gradient":""},"mobile":{"background-color":"var(--ast-global-color-5)","background-image":"","background-repeat":"repeat","background-position":"center center","background-size":"auto","background-attachment":"scroll","background-type":"","background-media":"","overlay-type":"","overlay-color":"","overlay-opacity":"","overlay-gradient":""}},"_themeisle_gutenberg_block_has_review":false,"footnotes":""},"class_list":["post-961","page","type-page","status-publish","hentry"],"uagb_featured_image_src":{"full":false,"thumbnail":false,"medium":false,"medium_large":false,"large":false,"gs-tiny":false,"xl":false,"xxl":false,"xxxl":false,"xxxxl":false,"xxxxxl":false,"1536x1536":false,"2048x2048":false,"ultp_layout_landscape_large":false,"ultp_layout_landscape":false,"ultp_layout_portrait":false,"ultp_layout_square":false},"uagb_author_info":{"display_name":false,"author_link":false},"uagb_comment_info":0,"uagb_excerpt":"Evaluaci\u00f3n de nuevas tecnolog\u00edas m\u00e9dicas. An\u00e1lisis de necesidades cl\u00ednicas. Evaluaci\u00f3n de obsolescencia de equipamientos. Preparaci\u00f3n de bases t\u00e9cnicas y matrices de evaluaci\u00f3n para propuestas. An\u00e1lisis de las ofertas aplicando matrices matem\u00e1ticas. Evaluaci\u00f3n cl\u00ednica\/t\u00e9cnica en recepci\u00f3n para propuestas. Recomendaci\u00f3n de adquisici\u00f3n. Apoyo a la gesti\u00f3n de inventarios de equipos. Mantenci\u00f3n correctiva. Mantenci\u00f3n preventiva. An\u00e1lisis de seguridad&hellip;","rttpg_featured_image_url":null,"rttpg_author":{"display_name":false,"author_link":false},"rttpg_comment":0,"rttpg_category":null,"rttpg_excerpt":"Evaluaci\u00f3n de nuevas tecnolog\u00edas m\u00e9dicas. An\u00e1lisis de necesidades cl\u00ednicas. Evaluaci\u00f3n de obsolescencia de equipamientos. Preparaci\u00f3n de bases t\u00e9cnicas y matrices de evaluaci\u00f3n para propuestas. An\u00e1lisis de las ofertas aplicando matrices matem\u00e1ticas. Evaluaci\u00f3n cl\u00ednica\/t\u00e9cnica en recepci\u00f3n para propuestas. Recomendaci\u00f3n de adquisici\u00f3n. Apoyo a la gesti\u00f3n de inventarios de equipos. Mantenci\u00f3n correctiva. Mantenci\u00f3n preventiva. An\u00e1lisis de seguridad&hellip;","_links":{"self":[{"href":"https:\/\/www.hospitalnavalmagallanes.cl\/index.php?rest_route=\/wp\/v2\/pages\/961","targetHints":{"allow":["GET"]}}],"collection":[{"href":"https:\/\/www.hospitalnavalmagallanes.cl\/index.php?rest_route=\/wp\/v2\/pages"}],"about":[{"href":"https:\/\/www.hospitalnavalmagallanes.cl\/index.php?rest_route=\/wp\/v2\/types\/page"}],"author":[{"embeddable":true,"href":"https:\/\/www.hospitalnavalmagallanes.cl\/index.php?rest_route=\/wp\/v2\/users\/1"}],"replies":[{"embeddable":true,"href":"https:\/\/www.hospitalnavalmagallanes.cl\/index.php?rest_route=%2Fwp%2Fv2%2Fcomments&post=961"}],"version-history":[{"count":8,"href":"https:\/\/www.hospitalnavalmagallanes.cl\/index.php?rest_route=\/wp\/v2\/pages\/961\/revisions"}],"predecessor-version":[{"id":1209,"href":"https:\/\/www.hospitalnavalmagallanes.cl\/index.php?rest_route=\/wp\/v2\/pages\/961\/revisions\/1209"}],"wp:attachment":[{"href":"https:\/\/www.hospitalnavalmagallanes.cl\/index.php?rest_route=%2Fwp%2Fv2%2Fmedia&parent=961"}],"curies":[{"name":"wp","href":"https:\/\/api.w.org\/{rel}","templated":true}]}}